{"id":3520,"date":"2024-02-26T11:45:51","date_gmt":"2024-02-26T11:45:51","guid":{"rendered":"http:\/\/vilaverdeemflor.com\/?page_id=3520"},"modified":"2025-01-23T17:28:01","modified_gmt":"2025-01-23T17:28:01","slug":"perguntas-frequentes","status":"publish","type":"page","link":"https:\/\/vilaverdeemflor.com\/en\/perguntas-frequentes\/","title":{"rendered":"Perguntas Frequentes"},"content":{"rendered":"<div data-elementor-type=\"wp-page\" data-elementor-id=\"3520\" class=\"elementor elementor-3520\">\n\t\t\t\t<div class=\"elementor-element elementor-element-d83fb9d e-con-full e-flex e-con e-parent\" data-id=\"d83fb9d\" data-element_type=\"container\" data-settings=\"{&quot;background_background&quot;:&quot;classic&quot;}\">\n\t\t<div class=\"elementor-element elementor-element-4360155 e-con-full e-flex e-con e-child\" data-id=\"4360155\" data-element_type=\"container\">\n\t\t<div class=\"elementor-element elementor-element-78f592e e-con-full e-flex e-con e-child\" data-id=\"78f592e\" data-element_type=\"container\">\n\t\t\t\t<div class=\"elementor-element elementor-element-9dd88bd e-transform e-transform elementor-widget elementor-widget-image\" data-id=\"9dd88bd\" data-element_type=\"widget\" data-settings=\"{&quot;_transform_rotateZ_effect&quot;:{&quot;unit&quot;:&quot;px&quot;,&quot;size&quot;:&quot;&quot;,&quot;sizes&quot;:[]},&quot;_transform_rotateZ_effect_tablet&quot;:{&quot;unit&quot;:&quot;deg&quot;,&quot;size&quot;:&quot;&quot;,&quot;sizes&quot;:[]},&quot;_transform_rotateZ_effect_mobile&quot;:{&quot;unit&quot;:&quot;deg&quot;,&quot;size&quot;:&quot;&quot;,&quot;sizes&quot;:[]},&quot;_transform_translateX_effect&quot;:{&quot;unit&quot;:&quot;px&quot;,&quot;size&quot;:&quot;&quot;,&quot;sizes&quot;:[]},&quot;_transform_translateX_effect_tablet&quot;:{&quot;unit&quot;:&quot;px&quot;,&quot;size&quot;:&quot;&quot;,&quot;sizes&quot;:[]},&quot;_transform_translateX_effect_mobile&quot;:{&quot;unit&quot;:&quot;px&quot;,&quot;size&quot;:&quot;&quot;,&quot;sizes&quot;:[]},&quot;_transform_translateY_effect&quot;:{&quot;unit&quot;:&quot;px&quot;,&quot;size&quot;:&quot;&quot;,&quot;sizes&quot;:[]},&quot;_transform_translateY_effect_tablet&quot;:{&quot;unit&quot;:&quot;px&quot;,&quot;size&quot;:&quot;&quot;,&quot;sizes&quot;:[]},&quot;_transform_translateY_effect_mobile&quot;:{&quot;unit&quot;:&quot;px&quot;,&quot;size&quot;:&quot;&quot;,&quot;sizes&quot;:[]}}\" data-widget_type=\"image.default\">\n\t\t\t\t<div class=\"elementor-widget-container\">\n\t\t\t\t\t\t\t\t\t\t\t\t\t\t\t<img decoding=\"async\" width=\"134\" height=\"134\" src=\"https:\/\/vilaverdeemflor.com\/wp-content\/uploads\/2025\/01\/Asset-6-1.webp\" class=\"attachment-full size-full wp-image-4750\" alt=\"\" srcset=\"https:\/\/vilaverdeemflor.com\/wp-content\/uploads\/2025\/01\/Asset-6-1.webp 134w, https:\/\/vilaverdeemflor.com\/wp-content\/uploads\/2025\/01\/Asset-6-1-100x100.webp 100w\" sizes=\"(max-width: 134px) 100vw, 134px\" \/>\t\t\t\t\t\t\t\t\t\t\t\t\t\t\t<\/div>\n\t\t\t\t<\/div>\n\t\t\t\t<div class=\"elementor-element elementor-element-3799442 elementor-widget elementor-widget-heading\" data-id=\"3799442\" data-element_type=\"widget\" data-widget_type=\"heading.default\">\n\t\t\t\t<div class=\"elementor-widget-container\">\n\t\t\t\t\t<h2 class=\"elementor-heading-title elementor-size-default\">Perguntas Frequentes<\/h2>\t\t\t\t<\/div>\n\t\t\t\t<\/div>\n\t\t\t\t<div class=\"elementor-element elementor-element-27c7248 elementor-widget elementor-widget-text-editor\" data-id=\"27c7248\" data-element_type=\"widget\" data-widget_type=\"text-editor.default\">\n\t\t\t\t<div class=\"elementor-widget-container\">\n\t\t\t\t\t\t\t\t\t<p><b>O que vou receber ao comprar na vossa loja online?<\/b><\/p><h6><span style=\"font-weight: 400;\">Caso seja um bouquet recebe o mesmo acompanhado de uma saca de nutrientes, uma dedicat\u00f3ria. O Bouquet vai embalado para n\u00e3o sofrer problemas no transporte.<\/span><\/h6>\t\t\t\t\t\t\t\t<\/div>\n\t\t\t\t<\/div>\n\t\t\t\t<div class=\"elementor-element elementor-element-2ced9dc elementor-widget elementor-widget-text-editor\" data-id=\"2ced9dc\" data-element_type=\"widget\" data-widget_type=\"text-editor.default\">\n\t\t\t\t<div class=\"elementor-widget-container\">\n\t\t\t\t\t\t\t\t\t<p><span style=\"font-weight: 400;\"><strong>Tenho um cup\u00e3o de desconto, como posso utilizar?<\/strong><\/span><\/p><h6><span style=\"font-weight: 400;\">Ap\u00f3s ter o c\u00f3digo ou cup\u00e3o de desconto pode colocar o mesmo no checkout da sua compra.<\/span><\/h6>\t\t\t\t\t\t\t\t<\/div>\n\t\t\t\t<\/div>\n\t\t\t\t<div class=\"elementor-element elementor-element-c909d96 elementor-widget elementor-widget-text-editor\" data-id=\"c909d96\" data-element_type=\"widget\" data-widget_type=\"text-editor.default\">\n\t\t\t\t<div class=\"elementor-widget-container\">\n\t\t\t\t\t\t\t\t\t<p><strong>Se a compra n\u00e3o tiver chegado na qualidade esperada, o que posso fazer?<\/strong><\/p><p><span style=\"font-weight: 400;\">Vamos fazer os poss\u00edveis para que as flores lhe cheguem com toda a qualidade e frescura. Se tiver alguma m\u00e1 experi\u00eancia por favor contate-nos atrav\u00e9s do nosso e-mail e enviei-nos foto do produto rececionado vilaverdeflor@gmail.com procederemos ao reembolso ou atribui\u00e7\u00e3o de cup\u00f5es para descontar.<\/span><\/p>\t\t\t\t\t\t\t\t<\/div>\n\t\t\t\t<\/div>\n\t\t\t\t<div class=\"elementor-element elementor-element-ae2c8b9 elementor-widget elementor-widget-text-editor\" data-id=\"ae2c8b9\" data-element_type=\"widget\" data-widget_type=\"text-editor.default\">\n\t\t\t\t<div class=\"elementor-widget-container\">\n\t\t\t\t\t\t\t\t\t<p><b>Fiz a compra, posso fazer alguma altera\u00e7\u00e3o?<\/b><\/p><p><span style=\"font-weight: 400;\">Para fazer a sua altera\u00e7\u00e3o contacte-nos para vilaverdeflor@gmail.com ou <\/span><span style=\"font-weight: 400;\">253 312 288 (custo da chamada rede fixa nacional).<\/span><\/p>\t\t\t\t\t\t\t\t<\/div>\n\t\t\t\t<\/div>\n\t\t\t\t<div class=\"elementor-element elementor-element-92542c7 elementor-widget elementor-widget-text-editor\" data-id=\"92542c7\" data-element_type=\"widget\" data-widget_type=\"text-editor.default\">\n\t\t\t\t<div class=\"elementor-widget-container\">\n\t\t\t\t\t\t\t\t\t<p><strong>Quais as vossas op\u00e7\u00f5es de pagamento?<\/strong><\/p><p><span style=\"font-weight: 400;\">Poder\u00e1 pagar com PayPal, Transfer\u00eancia Banc\u00e1ria, A cobran\u00e7a.<\/span><\/p><p><span style=\"font-weight: 400;\">Brevemente teremos a modalidade multibanco, MbWay, cart\u00e3o de cr\u00e9dito.<\/span><\/p>\t\t\t\t\t\t\t\t<\/div>\n\t\t\t\t<\/div>\n\t\t\t\t<div class=\"elementor-element elementor-element-340d539 elementor-widget elementor-widget-text-editor\" data-id=\"340d539\" data-element_type=\"widget\" data-widget_type=\"text-editor.default\">\n\t\t\t\t<div class=\"elementor-widget-container\">\n\t\t\t\t\t\t\t\t\t<p><strong>Posso pedir fatura do bouquet?<\/strong><\/p><p>Sim! No seu checkout basta preencher o NIF:<\/p>\t\t\t\t\t\t\t\t<\/div>\n\t\t\t\t<\/div>\n\t\t\t\t<div class=\"elementor-element elementor-element-33269d0 elementor-widget elementor-widget-text-editor\" data-id=\"33269d0\" data-element_type=\"widget\" data-widget_type=\"text-editor.default\">\n\t\t\t\t<div class=\"elementor-widget-container\">\n\t\t\t\t\t\t\t\t\t<p><strong>Posso comprar com anteced\u00eancia a minha encomenda?<\/strong><\/p><p><span style=\"font-weight: 400;\">Sim , pode encomendar com anteced\u00eancia, basta colocar na selec\u00e7\u00e3o da data a data de entrega que quer.<\/span><\/p>\t\t\t\t\t\t\t\t<\/div>\n\t\t\t\t<\/div>\n\t\t\t\t<div class=\"elementor-element elementor-element-7287b0d elementor-widget elementor-widget-text-editor\" data-id=\"7287b0d\" data-element_type=\"widget\" data-widget_type=\"text-editor.default\">\n\t\t\t\t<div class=\"elementor-widget-container\">\n\t\t\t\t\t\t\t\t\t<p><strong>Os vossos transportadores enviam alguma mensagem ao destinat\u00e1rio?<\/strong><\/p><p><span style=\"font-weight: 400;\">N\u00e3o! Apenas contactamos o destinat\u00e1rio se este estiver ausente na morada do envio.<\/span><\/p>\t\t\t\t\t\t\t\t<\/div>\n\t\t\t\t<\/div>\n\t\t\t\t<div class=\"elementor-element elementor-element-5db2085 elementor-widget elementor-widget-text-editor\" data-id=\"5db2085\" data-element_type=\"widget\" data-widget_type=\"text-editor.default\">\n\t\t\t\t<div class=\"elementor-widget-container\">\n\t\t\t\t\t\t\t\t\t<p class=\"font_8 wixui-rich-text__text\"><strong><span class=\"wixui-rich-text__text\">Caso o destinat\u00e1rio n\u00e3o esteja na morada indicada como \u00e9 que procedem?<\/span><\/strong><\/p><p><span style=\"font-weight: 400;\">A empresa de distribui\u00e7\u00e3o com a qual trabalhamos, tentar\u00e1 estabelecer contacto com o destinat\u00e1rio de forma a organizar qual o melhor hor\u00e1rio e local de entrega.<\/span><\/p>\t\t\t\t\t\t\t\t<\/div>\n\t\t\t\t<\/div>\n\t\t\t\t<div class=\"elementor-element elementor-element-6c90994 elementor-widget elementor-widget-text-editor\" data-id=\"6c90994\" data-element_type=\"widget\" data-widget_type=\"text-editor.default\">\n\t\t\t\t<div class=\"elementor-widget-container\">\n\t\t\t\t\t\t\t\t\t<p class=\"font_6 wixui-rich-text__text\"><strong><span class=\"wixui-rich-text__text\">Posso pedir para entregarem numa parte do dia?<\/span><\/strong><\/p><h6><span style=\"font-weight: 400;\">A n\u00edvel do distrito de braga conseguimos garantir a entrega em hor\u00e1rios espec\u00edficos, em outros locais do pa\u00eds a entrega \u00e9 realizada apenas entre as 8-19.30h.<\/span><\/h6>\t\t\t\t\t\t\t\t<\/div>\n\t\t\t\t<\/div>\n\t\t\t\t<div class=\"elementor-element elementor-element-e5dac38 elementor-widget elementor-widget-text-editor\" data-id=\"e5dac38\" data-element_type=\"widget\" data-widget_type=\"text-editor.default\">\n\t\t\t\t<div class=\"elementor-widget-container\">\n\t\t\t\t\t\t\t\t\t<p><b>Como sei que o meu pedido foi entregue?<\/b><\/p><h6><span style=\"font-weight: 400;\">Mal o mesmo seja entregue receber\u00e1 uma notifica\u00e7\u00e3o atrav\u00e9s da nossa plataforma, caso isso n\u00e3o aconte\u00e7a por favor contacte-nos para <\/span><span style=\"font-weight: 400;\">vilaverdeflor@gmail.com<\/span><\/h6>\t\t\t\t\t\t\t\t<\/div>\n\t\t\t\t<\/div>\n\t\t\t\t<\/div>\n\t\t\t\t<\/div>\n\t\t\t\t<\/div>\n\t\t\t\t<\/div>","protected":false},"excerpt":{"rendered":"<p>Perguntas Frequentes O que vou receber ao comprar na vossa loja online? Caso seja um bouquet recebe o mesmo acompanhado de uma saca de nutrientes, uma dedicat\u00f3ria. O Bouquet vai embalado para n\u00e3o sofrer problemas no transporte. Tenho um cup\u00e3o de desconto, como posso utilizar? Ap\u00f3s ter o c\u00f3digo ou cup\u00e3o de desconto pode colocar [&hellip;]<\/p>","protected":false},"author":1,"featured_media":0,"parent":0,"menu_order":0,"comment_status":"closed","ping_status":"closed","template":"","meta":{"_themeisle_gutenberg_block_has_review":false,"footnotes":""},"class_list":["post-3520","page","type-page","status-publish","hentry"],"yoast_head":"<!-- This site is optimized with the Yoast SEO plugin v25.0 - https:\/\/yoast.com\/wordpress\/plugins\/seo\/ -->\n<title>Perguntas Frequentes - Vila Verde em Flor<\/title>\n<meta name=\"robots\" content=\"index, follow, max-snippet:-1, max-image-preview:large, max-video-preview:-1\" \/>\n<link rel=\"canonical\" href=\"https:\/\/vilaverdeemflor.com\/en\/perguntas-frequentes\/\" \/>\n<meta property=\"og:locale\" content=\"en_GB\" \/>\n<meta property=\"og:type\" content=\"article\" \/>\n<meta property=\"og:title\" content=\"Perguntas Frequentes - Vila Verde em Flor\" \/>\n<meta property=\"og:description\" content=\"Perguntas Frequentes O que vou receber ao comprar na vossa loja online? Caso seja um bouquet recebe o mesmo acompanhado de uma saca de nutrientes, uma dedicat\u00f3ria. O Bouquet vai embalado para n\u00e3o sofrer problemas no transporte. Tenho um cup\u00e3o de desconto, como posso utilizar? Ap\u00f3s ter o c\u00f3digo ou cup\u00e3o de desconto pode colocar [&hellip;]\" \/>\n<meta property=\"og:url\" content=\"https:\/\/vilaverdeemflor.com\/en\/perguntas-frequentes\/\" \/>\n<meta property=\"og:site_name\" content=\"Vila Verde em Flor\" \/>\n<meta property=\"article:publisher\" content=\"https:\/\/facebook.com\/vila.verdeemflor.pt\" \/>\n<meta property=\"article:modified_time\" content=\"2025-01-23T17:28:01+00:00\" \/>\n<meta property=\"og:image\" content=\"https:\/\/vilaverdeemflor.com\/wp-content\/uploads\/2025\/01\/Asset-6-1.webp\" \/>\n\t<meta property=\"og:image:width\" content=\"134\" \/>\n\t<meta property=\"og:image:height\" content=\"134\" \/>\n\t<meta property=\"og:image:type\" content=\"image\/webp\" \/>\n<meta name=\"twitter:card\" content=\"summary_large_image\" \/>\n<meta name=\"twitter:label1\" content=\"Estimated reading time\" \/>\n\t<meta name=\"twitter:data1\" content=\"2 minutes\" \/>\n<script type=\"application\/ld+json\" class=\"yoast-schema-graph\">{\"@context\":\"https:\/\/schema.org\",\"@graph\":[{\"@type\":\"WebPage\",\"@id\":\"https:\/\/vilaverdeemflor.com\/perguntas-frequentes\/\",\"url\":\"https:\/\/vilaverdeemflor.com\/perguntas-frequentes\/\",\"name\":\"Perguntas Frequentes - Vila Verde em Flor\",\"isPartOf\":{\"@id\":\"https:\/\/vilaverdeemflor.com\/#website\"},\"primaryImageOfPage\":{\"@id\":\"https:\/\/vilaverdeemflor.com\/perguntas-frequentes\/#primaryimage\"},\"image\":{\"@id\":\"https:\/\/vilaverdeemflor.com\/perguntas-frequentes\/#primaryimage\"},\"thumbnailUrl\":\"https:\/\/vilaverdeemflor.com\/wp-content\/uploads\/2025\/01\/Asset-6-1.webp\",\"datePublished\":\"2024-02-26T11:45:51+00:00\",\"dateModified\":\"2025-01-23T17:28:01+00:00\",\"breadcrumb\":{\"@id\":\"https:\/\/vilaverdeemflor.com\/perguntas-frequentes\/#breadcrumb\"},\"inLanguage\":\"en-GB\",\"potentialAction\":[{\"@type\":\"ReadAction\",\"target\":[\"https:\/\/vilaverdeemflor.com\/perguntas-frequentes\/\"]}]},{\"@type\":\"ImageObject\",\"inLanguage\":\"en-GB\",\"@id\":\"https:\/\/vilaverdeemflor.com\/perguntas-frequentes\/#primaryimage\",\"url\":\"https:\/\/vilaverdeemflor.com\/wp-content\/uploads\/2025\/01\/Asset-6-1.webp\",\"contentUrl\":\"https:\/\/vilaverdeemflor.com\/wp-content\/uploads\/2025\/01\/Asset-6-1.webp\"},{\"@type\":\"BreadcrumbList\",\"@id\":\"https:\/\/vilaverdeemflor.com\/perguntas-frequentes\/#breadcrumb\",\"itemListElement\":[{\"@type\":\"ListItem\",\"position\":1,\"name\":\"In\u00edcio\",\"item\":\"https:\/\/vilaverdeemflor.com\/\"},{\"@type\":\"ListItem\",\"position\":2,\"name\":\"Perguntas Frequentes\"}]},{\"@type\":\"WebSite\",\"@id\":\"https:\/\/vilaverdeemflor.com\/#website\",\"url\":\"https:\/\/vilaverdeemflor.com\/\",\"name\":\"Vila Verde em Flor\",\"description\":\"ORGANIZA\u00c7\u00c3O DE EVENTOS FLORISTA\",\"publisher\":{\"@id\":\"https:\/\/vilaverdeemflor.com\/#organization\"},\"potentialAction\":[{\"@type\":\"SearchAction\",\"target\":{\"@type\":\"EntryPoint\",\"urlTemplate\":\"https:\/\/vilaverdeemflor.com\/?s={search_term_string}\"},\"query-input\":{\"@type\":\"PropertyValueSpecification\",\"valueRequired\":true,\"valueName\":\"search_term_string\"}}],\"inLanguage\":\"en-GB\"},{\"@type\":\"Organization\",\"@id\":\"https:\/\/vilaverdeemflor.com\/#organization\",\"name\":\"Vila Verde em Flor\",\"url\":\"https:\/\/vilaverdeemflor.com\/\",\"logo\":{\"@type\":\"ImageObject\",\"inLanguage\":\"en-GB\",\"@id\":\"https:\/\/vilaverdeemflor.com\/#\/schema\/logo\/image\/\",\"url\":\"https:\/\/vilaverdeemflor.com\/wp-content\/uploads\/2025\/01\/Untitled-1.webp\",\"contentUrl\":\"https:\/\/vilaverdeemflor.com\/wp-content\/uploads\/2025\/01\/Untitled-1.webp\",\"width\":329,\"height\":44,\"caption\":\"Vila Verde em Flor\"},\"image\":{\"@id\":\"https:\/\/vilaverdeemflor.com\/#\/schema\/logo\/image\/\"},\"sameAs\":[\"https:\/\/facebook.com\/vila.verdeemflor.pt\",\"https:\/\/www.instagram.com\/vilaverdeemflor\/\"]}]}<\/script>\n<!-- \/ Yoast SEO plugin. -->","yoast_head_json":{"title":"Perguntas Frequentes - Vila Verde em Flor","robots":{"index":"index","follow":"follow","max-snippet":"max-snippet:-1","max-image-preview":"max-image-preview:large","max-video-preview":"max-video-preview:-1"},"canonical":"https:\/\/vilaverdeemflor.com\/en\/perguntas-frequentes\/","og_locale":"en_GB","og_type":"article","og_title":"Perguntas Frequentes - Vila Verde em Flor","og_description":"Perguntas Frequentes O que vou receber ao comprar na vossa loja online? Caso seja um bouquet recebe o mesmo acompanhado de uma saca de nutrientes, uma dedicat\u00f3ria. O Bouquet vai embalado para n\u00e3o sofrer problemas no transporte. Tenho um cup\u00e3o de desconto, como posso utilizar? Ap\u00f3s ter o c\u00f3digo ou cup\u00e3o de desconto pode colocar [&hellip;]","og_url":"https:\/\/vilaverdeemflor.com\/en\/perguntas-frequentes\/","og_site_name":"Vila Verde em Flor","article_publisher":"https:\/\/facebook.com\/vila.verdeemflor.pt","article_modified_time":"2025-01-23T17:28:01+00:00","og_image":[{"width":134,"height":134,"url":"https:\/\/vilaverdeemflor.com\/wp-content\/uploads\/2025\/01\/Asset-6-1.webp","type":"image\/webp"}],"twitter_card":"summary_large_image","twitter_misc":{"Estimated reading time":"2 minutes"},"schema":{"@context":"https:\/\/schema.org","@graph":[{"@type":"WebPage","@id":"https:\/\/vilaverdeemflor.com\/perguntas-frequentes\/","url":"https:\/\/vilaverdeemflor.com\/perguntas-frequentes\/","name":"Perguntas Frequentes - Vila Verde em Flor","isPartOf":{"@id":"https:\/\/vilaverdeemflor.com\/#website"},"primaryImageOfPage":{"@id":"https:\/\/vilaverdeemflor.com\/perguntas-frequentes\/#primaryimage"},"image":{"@id":"https:\/\/vilaverdeemflor.com\/perguntas-frequentes\/#primaryimage"},"thumbnailUrl":"https:\/\/vilaverdeemflor.com\/wp-content\/uploads\/2025\/01\/Asset-6-1.webp","datePublished":"2024-02-26T11:45:51+00:00","dateModified":"2025-01-23T17:28:01+00:00","breadcrumb":{"@id":"https:\/\/vilaverdeemflor.com\/perguntas-frequentes\/#breadcrumb"},"inLanguage":"en-GB","potentialAction":[{"@type":"ReadAction","target":["https:\/\/vilaverdeemflor.com\/perguntas-frequentes\/"]}]},{"@type":"ImageObject","inLanguage":"en-GB","@id":"https:\/\/vilaverdeemflor.com\/perguntas-frequentes\/#primaryimage","url":"https:\/\/vilaverdeemflor.com\/wp-content\/uploads\/2025\/01\/Asset-6-1.webp","contentUrl":"https:\/\/vilaverdeemflor.com\/wp-content\/uploads\/2025\/01\/Asset-6-1.webp"},{"@type":"BreadcrumbList","@id":"https:\/\/vilaverdeemflor.com\/perguntas-frequentes\/#breadcrumb","itemListElement":[{"@type":"ListItem","position":1,"name":"In\u00edcio","item":"https:\/\/vilaverdeemflor.com\/"},{"@type":"ListItem","position":2,"name":"Perguntas Frequentes"}]},{"@type":"WebSite","@id":"https:\/\/vilaverdeemflor.com\/#website","url":"https:\/\/vilaverdeemflor.com\/","name":"Green village in Bloom","description":"ORGANIZA\u00c7\u00c3O DE EVENTOS FLORISTA","publisher":{"@id":"https:\/\/vilaverdeemflor.com\/#organization"},"potentialAction":[{"@type":"SearchAction","target":{"@type":"EntryPoint","urlTemplate":"https:\/\/vilaverdeemflor.com\/?s={search_term_string}"},"query-input":{"@type":"PropertyValueSpecification","valueRequired":true,"valueName":"search_term_string"}}],"inLanguage":"en-GB"},{"@type":"Organization","@id":"https:\/\/vilaverdeemflor.com\/#organization","name":"Green village in Bloom","url":"https:\/\/vilaverdeemflor.com\/","logo":{"@type":"ImageObject","inLanguage":"en-GB","@id":"https:\/\/vilaverdeemflor.com\/#\/schema\/logo\/image\/","url":"https:\/\/vilaverdeemflor.com\/wp-content\/uploads\/2025\/01\/Untitled-1.webp","contentUrl":"https:\/\/vilaverdeemflor.com\/wp-content\/uploads\/2025\/01\/Untitled-1.webp","width":329,"height":44,"caption":"Vila Verde em Flor"},"image":{"@id":"https:\/\/vilaverdeemflor.com\/#\/schema\/logo\/image\/"},"sameAs":["https:\/\/facebook.com\/vila.verdeemflor.pt","https:\/\/www.instagram.com\/vilaverdeemflor\/"]}]}},"_links":{"self":[{"href":"https:\/\/vilaverdeemflor.com\/en\/wp-json\/wp\/v2\/pages\/3520","targetHints":{"allow":["GET"]}}],"collection":[{"href":"https:\/\/vilaverdeemflor.com\/en\/wp-json\/wp\/v2\/pages"}],"about":[{"href":"https:\/\/vilaverdeemflor.com\/en\/wp-json\/wp\/v2\/types\/page"}],"author":[{"embeddable":true,"href":"https:\/\/vilaverdeemflor.com\/en\/wp-json\/wp\/v2\/users\/1"}],"replies":[{"embeddable":true,"href":"https:\/\/vilaverdeemflor.com\/en\/wp-json\/wp\/v2\/comments?post=3520"}],"version-history":[{"count":15,"href":"https:\/\/vilaverdeemflor.com\/en\/wp-json\/wp\/v2\/pages\/3520\/revisions"}],"predecessor-version":[{"id":5715,"href":"https:\/\/vilaverdeemflor.com\/en\/wp-json\/wp\/v2\/pages\/3520\/revisions\/5715"}],"wp:attachment":[{"href":"https:\/\/vilaverdeemflor.com\/en\/wp-json\/wp\/v2\/media?parent=3520"}],"curies":[{"name":"wp","href":"https:\/\/api.w.org\/{rel}","templated":true}]}}