{"id":495,"date":"2024-01-18T09:37:24","date_gmt":"2024-01-18T09:37:24","guid":{"rendered":"http:\/\/vilaverdeemflor.com\/?page_id=495"},"modified":"2025-01-09T20:22:38","modified_gmt":"2025-01-09T20:22:38","slug":"cuidados-com-os-ramos","status":"publish","type":"page","link":"https:\/\/vilaverdeemflor.com\/en\/cuidados-com-os-ramos\/","title":{"rendered":"Cuidados com os ramos"},"content":{"rendered":"<div data-elementor-type=\"wp-page\" data-elementor-id=\"495\" class=\"elementor elementor-495\">\n\t\t\t\t<div class=\"elementor-element elementor-element-9fd32eb e-flex e-con-boxed e-con e-parent\" data-id=\"9fd32eb\" data-element_type=\"container\">\n\t\t\t\t\t<div class=\"e-con-inner\">\n\t\t\t\t<div class=\"elementor-element elementor-element-bcd89cb elementor-widget elementor-widget-heading\" data-id=\"bcd89cb\" data-element_type=\"widget\" data-widget_type=\"heading.default\">\n\t\t\t\t<div class=\"elementor-widget-container\">\n\t\t\t\t\t<h2 class=\"elementor-heading-title elementor-size-default\">Cuidados com os ramos<\/h2>\t\t\t\t<\/div>\n\t\t\t\t<\/div>\n\t\t\t\t<div class=\"elementor-element elementor-element-9599575 elementor-widget__width-initial elementor-widget-mobile__width-inherit elementor-widget elementor-widget-text-editor\" data-id=\"9599575\" data-element_type=\"widget\" data-widget_type=\"text-editor.default\">\n\t\t\t\t<div class=\"elementor-widget-container\">\n\t\t\t\t\t\t\t\t\t<p>As flores s\u00e3o mais resistentes do que verdadeiramente pensamos, por\u00e9m necessitam de cuidados especiais para garantir a sua durabilidade. Portanto, o seu ramo vai acompanhado de um saco de nutrientes e \u00e9 essencial que, assim que o seu ramo chegue, siga as indica\u00e7\u00f5es do nosso cart\u00e3o.<\/p>\t\t\t\t\t\t\t\t<\/div>\n\t\t\t\t<\/div>\n\t\t\t\t\t<\/div>\n\t\t\t\t<\/div>\n\t\t<div class=\"elementor-element elementor-element-4a56a48 e-flex e-con-boxed e-con e-parent\" data-id=\"4a56a48\" data-element_type=\"container\">\n\t\t\t\t\t<div class=\"e-con-inner\">\n\t\t\t\t<div class=\"elementor-element elementor-element-167f72e elementor-widget elementor-widget-image\" data-id=\"167f72e\" data-element_type=\"widget\" data-widget_type=\"image.default\">\n\t\t\t\t<div class=\"elementor-widget-container\">\n\t\t\t\t\t\t\t\t\t\t\t\t\t\t\t<img fetchpriority=\"high\" decoding=\"async\" width=\"327\" height=\"179\" src=\"https:\/\/vilaverdeemflor.com\/wp-content\/uploads\/2025\/01\/imagem_2025-01-09_200949554.png\" class=\"attachment-full size-full wp-image-4984\" alt=\"\" srcset=\"https:\/\/vilaverdeemflor.com\/wp-content\/uploads\/2025\/01\/imagem_2025-01-09_200949554.png 327w, https:\/\/vilaverdeemflor.com\/wp-content\/uploads\/2025\/01\/imagem_2025-01-09_200949554-300x164.png 300w\" sizes=\"(max-width: 327px) 100vw, 327px\" \/>\t\t\t\t\t\t\t\t\t\t\t\t\t\t\t<\/div>\n\t\t\t\t<\/div>\n\t\t<div class=\"elementor-element elementor-element-b07b351 e-flex e-con-boxed e-con e-child\" data-id=\"b07b351\" data-element_type=\"container\">\n\t\t\t\t\t<div class=\"e-con-inner\">\n\t\t<div class=\"elementor-element elementor-element-cbc7fef e-flex e-con-boxed e-con e-child\" data-id=\"cbc7fef\" data-element_type=\"container\" data-settings=\"{&quot;background_background&quot;:&quot;classic&quot;}\">\n\t\t\t\t\t<div class=\"e-con-inner\">\n\t\t<div class=\"elementor-element elementor-element-7560a75 e-flex e-con-boxed e-con e-child\" data-id=\"7560a75\" data-element_type=\"container\" data-settings=\"{&quot;background_background&quot;:&quot;classic&quot;}\">\n\t\t\t\t\t<div class=\"e-con-inner\">\n\t\t\t\t<div class=\"elementor-element elementor-element-a9b25c2 elementor-widget elementor-widget-image\" data-id=\"a9b25c2\" data-element_type=\"widget\" data-widget_type=\"image.default\">\n\t\t\t\t<div class=\"elementor-widget-container\">\n\t\t\t\t\t\t\t\t\t\t\t\t\t\t\t<img decoding=\"async\" width=\"341\" height=\"341\" src=\"https:\/\/vilaverdeemflor.com\/wp-content\/uploads\/2025\/01\/imagem_2025-01-09_201039455.png\" class=\"attachment-full size-full wp-image-4985\" alt=\"\" srcset=\"https:\/\/vilaverdeemflor.com\/wp-content\/uploads\/2025\/01\/imagem_2025-01-09_201039455.png 341w, https:\/\/vilaverdeemflor.com\/wp-content\/uploads\/2025\/01\/imagem_2025-01-09_201039455-300x300.png 300w, https:\/\/vilaverdeemflor.com\/wp-content\/uploads\/2025\/01\/imagem_2025-01-09_201039455-100x100.png 100w, https:\/\/vilaverdeemflor.com\/wp-content\/uploads\/2025\/01\/imagem_2025-01-09_201039455-150x150.png 150w\" sizes=\"(max-width: 341px) 100vw, 341px\" \/>\t\t\t\t\t\t\t\t\t\t\t\t\t\t\t<\/div>\n\t\t\t\t<\/div>\n\t\t<div class=\"elementor-element elementor-element-0518f80 e-flex e-con-boxed e-con e-child\" data-id=\"0518f80\" data-element_type=\"container\">\n\t\t\t\t\t<div class=\"e-con-inner\">\n\t\t\t\t<div class=\"elementor-element elementor-element-50a4319 elementor-widget elementor-widget-text-editor\" data-id=\"50a4319\" data-element_type=\"widget\" data-widget_type=\"text-editor.default\">\n\t\t\t\t<div class=\"elementor-widget-container\">\n\t\t\t\t\t\t\t\t\t<p>Retire as flores da caixa e remova o papel.<\/p>\t\t\t\t\t\t\t\t<\/div>\n\t\t\t\t<\/div>\n\t\t\t\t\t<\/div>\n\t\t\t\t<\/div>\n\t\t\t\t\t<\/div>\n\t\t\t\t<\/div>\n\t\t<div class=\"elementor-element elementor-element-d220edb e-con-full e-flex e-con e-child\" data-id=\"d220edb\" data-element_type=\"container\" data-settings=\"{&quot;background_background&quot;:&quot;classic&quot;}\">\n\t\t\t\t<div class=\"elementor-element elementor-element-67aabcd elementor-widget elementor-widget-heading\" data-id=\"67aabcd\" data-element_type=\"widget\" data-widget_type=\"heading.default\">\n\t\t\t\t<div class=\"elementor-widget-container\">\n\t\t\t\t\t<h2 class=\"elementor-heading-title elementor-size-default\">1\u00baPasso<\/h2>\t\t\t\t<\/div>\n\t\t\t\t<\/div>\n\t\t\t\t<\/div>\n\t\t\t\t\t<\/div>\n\t\t\t\t<\/div>\n\t\t<div class=\"elementor-element elementor-element-9bb58bf e-flex e-con-boxed e-con e-child\" data-id=\"9bb58bf\" data-element_type=\"container\" data-settings=\"{&quot;background_background&quot;:&quot;classic&quot;}\">\n\t\t\t\t\t<div class=\"e-con-inner\">\n\t\t<div class=\"elementor-element elementor-element-9eaebd3 e-flex e-con-boxed e-con e-child\" data-id=\"9eaebd3\" data-element_type=\"container\" data-settings=\"{&quot;background_background&quot;:&quot;classic&quot;}\">\n\t\t\t\t\t<div class=\"e-con-inner\">\n\t\t\t\t<div class=\"elementor-element elementor-element-f613b3e elementor-widget elementor-widget-image\" data-id=\"f613b3e\" data-element_type=\"widget\" data-widget_type=\"image.default\">\n\t\t\t\t<div class=\"elementor-widget-container\">\n\t\t\t\t\t\t\t\t\t\t\t\t\t\t\t<img decoding=\"async\" width=\"341\" height=\"341\" src=\"https:\/\/vilaverdeemflor.com\/wp-content\/uploads\/2025\/01\/imagem_2025-01-09_201051342.png\" class=\"attachment-full size-full wp-image-4986\" alt=\"\" srcset=\"https:\/\/vilaverdeemflor.com\/wp-content\/uploads\/2025\/01\/imagem_2025-01-09_201051342.png 341w, https:\/\/vilaverdeemflor.com\/wp-content\/uploads\/2025\/01\/imagem_2025-01-09_201051342-300x300.png 300w, https:\/\/vilaverdeemflor.com\/wp-content\/uploads\/2025\/01\/imagem_2025-01-09_201051342-100x100.png 100w, https:\/\/vilaverdeemflor.com\/wp-content\/uploads\/2025\/01\/imagem_2025-01-09_201051342-150x150.png 150w\" sizes=\"(max-width: 341px) 100vw, 341px\" \/>\t\t\t\t\t\t\t\t\t\t\t\t\t\t\t<\/div>\n\t\t\t\t<\/div>\n\t\t<div class=\"elementor-element elementor-element-e3dbc31 e-flex e-con-boxed e-con e-child\" data-id=\"e3dbc31\" data-element_type=\"container\">\n\t\t\t\t\t<div class=\"e-con-inner\">\n\t\t\t\t<div class=\"elementor-element elementor-element-a5f5f76 elementor-widget elementor-widget-text-editor\" data-id=\"a5f5f76\" data-element_type=\"widget\" data-widget_type=\"text-editor.default\">\n\t\t\t\t<div class=\"elementor-widget-container\">\n\t\t\t\t\t\t\t\t\tCorte os caules na diagonal, de forma a obter uma superf\u00edcie mais larga para absorver \u00e1gua e nutrientes.\t\t\t\t\t\t\t\t<\/div>\n\t\t\t\t<\/div>\n\t\t\t\t\t<\/div>\n\t\t\t\t<\/div>\n\t\t\t\t\t<\/div>\n\t\t\t\t<\/div>\n\t\t<div class=\"elementor-element elementor-element-f9ae4f7 e-con-full e-flex e-con e-child\" data-id=\"f9ae4f7\" data-element_type=\"container\" data-settings=\"{&quot;background_background&quot;:&quot;classic&quot;}\">\n\t\t\t\t<div class=\"elementor-element elementor-element-8a50ec4 elementor-widget elementor-widget-heading\" data-id=\"8a50ec4\" data-element_type=\"widget\" data-widget_type=\"heading.default\">\n\t\t\t\t<div class=\"elementor-widget-container\">\n\t\t\t\t\t<h2 class=\"elementor-heading-title elementor-size-default\">2\u00baPasso<\/h2>\t\t\t\t<\/div>\n\t\t\t\t<\/div>\n\t\t\t\t<\/div>\n\t\t\t\t\t<\/div>\n\t\t\t\t<\/div>\n\t\t<div class=\"elementor-element elementor-element-82fe634 e-flex e-con-boxed e-con e-child\" data-id=\"82fe634\" data-element_type=\"container\" data-settings=\"{&quot;background_background&quot;:&quot;classic&quot;}\">\n\t\t\t\t\t<div class=\"e-con-inner\">\n\t\t<div class=\"elementor-element elementor-element-7665ec4 e-flex e-con-boxed e-con e-child\" data-id=\"7665ec4\" data-element_type=\"container\" data-settings=\"{&quot;background_background&quot;:&quot;classic&quot;}\">\n\t\t\t\t\t<div class=\"e-con-inner\">\n\t\t\t\t<div class=\"elementor-element elementor-element-ed506fe elementor-widget elementor-widget-image\" data-id=\"ed506fe\" data-element_type=\"widget\" data-widget_type=\"image.default\">\n\t\t\t\t<div class=\"elementor-widget-container\">\n\t\t\t\t\t\t\t\t\t\t\t\t\t\t\t<img loading=\"lazy\" decoding=\"async\" width=\"341\" height=\"341\" src=\"https:\/\/vilaverdeemflor.com\/wp-content\/uploads\/2025\/01\/imagem_2025-01-09_201119322.png\" class=\"attachment-full size-full wp-image-4987\" alt=\"\" srcset=\"https:\/\/vilaverdeemflor.com\/wp-content\/uploads\/2025\/01\/imagem_2025-01-09_201119322.png 341w, https:\/\/vilaverdeemflor.com\/wp-content\/uploads\/2025\/01\/imagem_2025-01-09_201119322-300x300.png 300w, https:\/\/vilaverdeemflor.com\/wp-content\/uploads\/2025\/01\/imagem_2025-01-09_201119322-100x100.png 100w, https:\/\/vilaverdeemflor.com\/wp-content\/uploads\/2025\/01\/imagem_2025-01-09_201119322-150x150.png 150w\" sizes=\"(max-width: 341px) 100vw, 341px\" \/>\t\t\t\t\t\t\t\t\t\t\t\t\t\t\t<\/div>\n\t\t\t\t<\/div>\n\t\t<div class=\"elementor-element elementor-element-48b2879 e-flex e-con-boxed e-con e-child\" data-id=\"48b2879\" data-element_type=\"container\">\n\t\t\t\t\t<div class=\"e-con-inner\">\n\t\t\t\t<div class=\"elementor-element elementor-element-41da41c elementor-widget elementor-widget-text-editor\" data-id=\"41da41c\" data-element_type=\"widget\" data-widget_type=\"text-editor.default\">\n\t\t\t\t<div class=\"elementor-widget-container\">\n\t\t\t\t\t\t\t\t\tAdicione as flores numa jarra de \u00e1gua fresca e adicione a saca de nutrientes que vai junto com a sua encomenda.\t\t\t\t\t\t\t\t<\/div>\n\t\t\t\t<\/div>\n\t\t\t\t\t<\/div>\n\t\t\t\t<\/div>\n\t\t\t\t\t<\/div>\n\t\t\t\t<\/div>\n\t\t<div class=\"elementor-element elementor-element-a4d42b5 e-con-full e-flex e-con e-child\" data-id=\"a4d42b5\" data-element_type=\"container\" data-settings=\"{&quot;background_background&quot;:&quot;classic&quot;}\">\n\t\t\t\t<div class=\"elementor-element elementor-element-7e2b574 elementor-widget elementor-widget-heading\" data-id=\"7e2b574\" data-element_type=\"widget\" data-widget_type=\"heading.default\">\n\t\t\t\t<div class=\"elementor-widget-container\">\n\t\t\t\t\t<h2 class=\"elementor-heading-title elementor-size-default\">3\u00baPasso<\/h2>\t\t\t\t<\/div>\n\t\t\t\t<\/div>\n\t\t\t\t<\/div>\n\t\t\t\t\t<\/div>\n\t\t\t\t<\/div>\n\t\t\t\t\t<\/div>\n\t\t\t\t<\/div>\n\t\t\t\t\t<\/div>\n\t\t\t\t<\/div>\n\t\t<div class=\"elementor-element elementor-element-998e16d e-flex e-con-boxed e-con e-parent\" data-id=\"998e16d\" data-element_type=\"container\">\n\t\t\t\t\t<div class=\"e-con-inner\">\n\t\t<div class=\"elementor-element elementor-element-79bbc39 e-flex e-con-boxed e-con e-child\" data-id=\"79bbc39\" data-element_type=\"container\">\n\t\t\t\t\t<div class=\"e-con-inner\">\n\t\t\t\t<div class=\"elementor-element elementor-element-fe10115 elementor-widget elementor-widget-heading\" data-id=\"fe10115\" data-element_type=\"widget\" data-widget_type=\"heading.default\">\n\t\t\t\t<div class=\"elementor-widget-container\">\n\t\t\t\t\t<h2 class=\"elementor-heading-title elementor-size-default\">Outros cuidados<\/h2>\t\t\t\t<\/div>\n\t\t\t\t<\/div>\n\t\t\t\t<div class=\"elementor-element elementor-element-43786ad elementor-widget elementor-widget-text-editor\" data-id=\"43786ad\" data-element_type=\"widget\" data-widget_type=\"text-editor.default\">\n\t\t\t\t<div class=\"elementor-widget-container\">\n\t\t\t\t\t\t\t\t\t<p>Sempre que poss\u00edvel, troque a \u00e1gua a cada 2 dias.<\/p><p>Evite oscila\u00e7\u00f5es de temperatura no local onde est\u00e1 o seu bouquet.<\/p><p>Remova todas as folhas para que a \u00e1gua esteja sempre limpa e n\u00e3o desenvolva bact\u00e9rias.<\/p>\t\t\t\t\t\t\t\t<\/div>\n\t\t\t\t<\/div>\n\t\t\t\t\t<\/div>\n\t\t\t\t<\/div>\n\t\t<div class=\"elementor-element elementor-element-40a6429 e-flex e-con-boxed e-con e-child\" data-id=\"40a6429\" data-element_type=\"container\">\n\t\t\t\t\t<div class=\"e-con-inner\">\n\t\t\t\t<div class=\"elementor-element elementor-element-c71a2ad elementor-absolute elementor-hidden-tablet elementor-hidden-mobile elementor-widget elementor-widget-image\" data-id=\"c71a2ad\" data-element_type=\"widget\" data-settings=\"{&quot;_position&quot;:&quot;absolute&quot;}\" data-widget_type=\"image.default\">\n\t\t\t\t<div class=\"elementor-widget-container\">\n\t\t\t\t\t\t\t\t\t\t\t\t\t\t\t<img loading=\"lazy\" decoding=\"async\" width=\"306\" height=\"306\" src=\"https:\/\/vilaverdeemflor.com\/wp-content\/uploads\/2025\/01\/imagem_2025-01-09_201400612.png\" class=\"attachment-full size-full wp-image-4989\" alt=\"\" srcset=\"https:\/\/vilaverdeemflor.com\/wp-content\/uploads\/2025\/01\/imagem_2025-01-09_201400612.png 306w, https:\/\/vilaverdeemflor.com\/wp-content\/uploads\/2025\/01\/imagem_2025-01-09_201400612-300x300.png 300w, https:\/\/vilaverdeemflor.com\/wp-content\/uploads\/2025\/01\/imagem_2025-01-09_201400612-100x100.png 100w, https:\/\/vilaverdeemflor.com\/wp-content\/uploads\/2025\/01\/imagem_2025-01-09_201400612-150x150.png 150w\" sizes=\"(max-width: 306px) 100vw, 306px\" \/>\t\t\t\t\t\t\t\t\t\t\t\t\t\t\t<\/div>\n\t\t\t\t<\/div>\n\t\t\t\t\t<\/div>\n\t\t\t\t<\/div>\n\t\t\t\t\t<\/div>\n\t\t\t\t<\/div>\n\t\t<div class=\"elementor-element elementor-element-bb616c1 e-flex e-con-boxed e-con e-parent\" data-id=\"bb616c1\" data-element_type=\"container\" data-settings=\"{&quot;background_background&quot;:&quot;classic&quot;}\">\n\t\t\t\t\t<div class=\"e-con-inner\">\n\t\t<div class=\"elementor-element elementor-element-b533601 e-flex e-con-boxed e-con e-child\" data-id=\"b533601\" data-element_type=\"container\">\n\t\t\t\t\t<div class=\"e-con-inner\">\n\t\t\t\t<div class=\"elementor-element elementor-element-4fefc88 elementor-widget elementor-widget-heading\" data-id=\"4fefc88\" data-element_type=\"widget\" data-widget_type=\"heading.default\">\n\t\t\t\t<div class=\"elementor-widget-container\">\n\t\t\t\t\t<h2 class=\"elementor-heading-title elementor-size-default\">Os vossos ramos s\u00e3o iguais <br>\n\u00e0s fotos dispon\u00edveis no website?<\/h2>\t\t\t\t<\/div>\n\t\t\t\t<\/div>\n\t\t\t\t<div class=\"elementor-element elementor-element-8c17bee elementor-widget__width-initial elementor-widget-mobile__width-inherit elementor-widget elementor-widget-text-editor\" data-id=\"8c17bee\" data-element_type=\"widget\" data-widget_type=\"text-editor.default\">\n\t\t\t\t<div class=\"elementor-widget-container\">\n\t\t\t\t\t\t\t\t\tOs nossos ramos tendem sempre ao m\u00e1ximo ser o mais parecidos com os apresentaveis, caso haja alguma necessidade de substitui\u00e7\u00e3o de algum componente ligamos para si para informarmos desta altera\u00e7\u00e3o. \t\t\t\t\t\t\t\t<\/div>\n\t\t\t\t<\/div>\n\t\t\t\t<div class=\"elementor-element elementor-element-46a4848 elementor-hidden-desktop elementor-widget elementor-widget-image\" data-id=\"46a4848\" data-element_type=\"widget\" data-widget_type=\"image.default\">\n\t\t\t\t<div class=\"elementor-widget-container\">\n\t\t\t\t\t\t\t\t\t\t\t\t\t\t\t<img loading=\"lazy\" decoding=\"async\" width=\"306\" height=\"306\" src=\"https:\/\/vilaverdeemflor.com\/wp-content\/uploads\/2025\/01\/imagem_2025-01-09_201400612.png\" class=\"attachment-full size-full wp-image-4989\" alt=\"\" srcset=\"https:\/\/vilaverdeemflor.com\/wp-content\/uploads\/2025\/01\/imagem_2025-01-09_201400612.png 306w, https:\/\/vilaverdeemflor.com\/wp-content\/uploads\/2025\/01\/imagem_2025-01-09_201400612-300x300.png 300w, https:\/\/vilaverdeemflor.com\/wp-content\/uploads\/2025\/01\/imagem_2025-01-09_201400612-100x100.png 100w, https:\/\/vilaverdeemflor.com\/wp-content\/uploads\/2025\/01\/imagem_2025-01-09_201400612-150x150.png 150w\" sizes=\"(max-width: 306px) 100vw, 306px\" \/>\t\t\t\t\t\t\t\t\t\t\t\t\t\t\t<\/div>\n\t\t\t\t<\/div>\n\t\t\t\t\t<\/div>\n\t\t\t\t<\/div>\n\t\t\t\t\t<\/div>\n\t\t\t\t<\/div>\n\t\t\t\t<\/div>","protected":false},"excerpt":{"rendered":"<p>Cuidados com os ramos As flores s\u00e3o mais resistentes do que verdadeiramente pensamos, por\u00e9m necessitam de cuidados especiais para garantir a sua durabilidade. Portanto, o seu ramo vai acompanhado de um saco de nutrientes e \u00e9 essencial que, assim que o seu ramo chegue, siga as indica\u00e7\u00f5es do nosso cart\u00e3o. Retire as flores da caixa [&hellip;]<\/p>","protected":false},"author":1,"featured_media":0,"parent":0,"menu_order":0,"comment_status":"closed","ping_status":"closed","template":"","meta":{"_themeisle_gutenberg_block_has_review":false,"footnotes":""},"class_list":["post-495","page","type-page","status-publish","hentry"],"yoast_head":"<!-- This site is optimized with the Yoast SEO plugin v25.0 - https:\/\/yoast.com\/wordpress\/plugins\/seo\/ -->\n<title>Cuidados com os ramos - Vila Verde em Flor<\/title>\n<meta name=\"robots\" content=\"index, follow, max-snippet:-1, max-image-preview:large, max-video-preview:-1\" \/>\n<link rel=\"canonical\" href=\"https:\/\/vilaverdeemflor.com\/en\/cuidados-com-os-ramos\/\" \/>\n<meta property=\"og:locale\" content=\"en_GB\" \/>\n<meta property=\"og:type\" content=\"article\" \/>\n<meta property=\"og:title\" content=\"Cuidados com os ramos - Vila Verde em Flor\" \/>\n<meta property=\"og:description\" content=\"Cuidados com os ramos As flores s\u00e3o mais resistentes do que verdadeiramente pensamos, por\u00e9m necessitam de cuidados especiais para garantir a sua durabilidade. Portanto, o seu ramo vai acompanhado de um saco de nutrientes e \u00e9 essencial que, assim que o seu ramo chegue, siga as indica\u00e7\u00f5es do nosso cart\u00e3o. Retire as flores da caixa [&hellip;]\" \/>\n<meta property=\"og:url\" content=\"https:\/\/vilaverdeemflor.com\/en\/cuidados-com-os-ramos\/\" \/>\n<meta property=\"og:site_name\" content=\"Vila Verde em Flor\" \/>\n<meta property=\"article:publisher\" content=\"https:\/\/facebook.com\/vila.verdeemflor.pt\" \/>\n<meta property=\"article:modified_time\" content=\"2025-01-09T20:22:38+00:00\" \/>\n<meta property=\"og:image\" content=\"https:\/\/vilaverdeemflor.com\/wp-content\/uploads\/2025\/01\/imagem_2025-01-09_200949554.png\" \/>\n\t<meta property=\"og:image:width\" content=\"327\" \/>\n\t<meta property=\"og:image:height\" content=\"179\" \/>\n\t<meta property=\"og:image:type\" content=\"image\/png\" \/>\n<meta name=\"twitter:card\" content=\"summary_large_image\" \/>\n<meta name=\"twitter:label1\" content=\"Estimated reading time\" \/>\n\t<meta name=\"twitter:data1\" content=\"1 minute\" \/>\n<script type=\"application\/ld+json\" class=\"yoast-schema-graph\">{\"@context\":\"https:\/\/schema.org\",\"@graph\":[{\"@type\":\"WebPage\",\"@id\":\"https:\/\/vilaverdeemflor.com\/cuidados-com-os-ramos\/\",\"url\":\"https:\/\/vilaverdeemflor.com\/cuidados-com-os-ramos\/\",\"name\":\"Cuidados com os ramos - Vila Verde em Flor\",\"isPartOf\":{\"@id\":\"https:\/\/vilaverdeemflor.com\/#website\"},\"primaryImageOfPage\":{\"@id\":\"https:\/\/vilaverdeemflor.com\/cuidados-com-os-ramos\/#primaryimage\"},\"image\":{\"@id\":\"https:\/\/vilaverdeemflor.com\/cuidados-com-os-ramos\/#primaryimage\"},\"thumbnailUrl\":\"https:\/\/vilaverdeemflor.com\/wp-content\/uploads\/2025\/01\/imagem_2025-01-09_200949554.png\",\"datePublished\":\"2024-01-18T09:37:24+00:00\",\"dateModified\":\"2025-01-09T20:22:38+00:00\",\"breadcrumb\":{\"@id\":\"https:\/\/vilaverdeemflor.com\/cuidados-com-os-ramos\/#breadcrumb\"},\"inLanguage\":\"en-GB\",\"potentialAction\":[{\"@type\":\"ReadAction\",\"target\":[\"https:\/\/vilaverdeemflor.com\/cuidados-com-os-ramos\/\"]}]},{\"@type\":\"ImageObject\",\"inLanguage\":\"en-GB\",\"@id\":\"https:\/\/vilaverdeemflor.com\/cuidados-com-os-ramos\/#primaryimage\",\"url\":\"https:\/\/vilaverdeemflor.com\/wp-content\/uploads\/2025\/01\/imagem_2025-01-09_200949554.png\",\"contentUrl\":\"https:\/\/vilaverdeemflor.com\/wp-content\/uploads\/2025\/01\/imagem_2025-01-09_200949554.png\"},{\"@type\":\"BreadcrumbList\",\"@id\":\"https:\/\/vilaverdeemflor.com\/cuidados-com-os-ramos\/#breadcrumb\",\"itemListElement\":[{\"@type\":\"ListItem\",\"position\":1,\"name\":\"In\u00edcio\",\"item\":\"https:\/\/vilaverdeemflor.com\/\"},{\"@type\":\"ListItem\",\"position\":2,\"name\":\"Cuidados com os ramos\"}]},{\"@type\":\"WebSite\",\"@id\":\"https:\/\/vilaverdeemflor.com\/#website\",\"url\":\"https:\/\/vilaverdeemflor.com\/\",\"name\":\"Vila Verde em Flor\",\"description\":\"ORGANIZA\u00c7\u00c3O DE EVENTOS FLORISTA\",\"publisher\":{\"@id\":\"https:\/\/vilaverdeemflor.com\/#organization\"},\"potentialAction\":[{\"@type\":\"SearchAction\",\"target\":{\"@type\":\"EntryPoint\",\"urlTemplate\":\"https:\/\/vilaverdeemflor.com\/?s={search_term_string}\"},\"query-input\":{\"@type\":\"PropertyValueSpecification\",\"valueRequired\":true,\"valueName\":\"search_term_string\"}}],\"inLanguage\":\"en-GB\"},{\"@type\":\"Organization\",\"@id\":\"https:\/\/vilaverdeemflor.com\/#organization\",\"name\":\"Vila Verde em Flor\",\"url\":\"https:\/\/vilaverdeemflor.com\/\",\"logo\":{\"@type\":\"ImageObject\",\"inLanguage\":\"en-GB\",\"@id\":\"https:\/\/vilaverdeemflor.com\/#\/schema\/logo\/image\/\",\"url\":\"https:\/\/vilaverdeemflor.com\/wp-content\/uploads\/2025\/01\/Untitled-1.webp\",\"contentUrl\":\"https:\/\/vilaverdeemflor.com\/wp-content\/uploads\/2025\/01\/Untitled-1.webp\",\"width\":329,\"height\":44,\"caption\":\"Vila Verde em Flor\"},\"image\":{\"@id\":\"https:\/\/vilaverdeemflor.com\/#\/schema\/logo\/image\/\"},\"sameAs\":[\"https:\/\/facebook.com\/vila.verdeemflor.pt\",\"https:\/\/www.instagram.com\/vilaverdeemflor\/\"]}]}<\/script>\n<!-- \/ Yoast SEO plugin. -->","yoast_head_json":{"title":"Cuidados com os ramos - Vila Verde em Flor","robots":{"index":"index","follow":"follow","max-snippet":"max-snippet:-1","max-image-preview":"max-image-preview:large","max-video-preview":"max-video-preview:-1"},"canonical":"https:\/\/vilaverdeemflor.com\/en\/cuidados-com-os-ramos\/","og_locale":"en_GB","og_type":"article","og_title":"Cuidados com os ramos - Vila Verde em Flor","og_description":"Cuidados com os ramos As flores s\u00e3o mais resistentes do que verdadeiramente pensamos, por\u00e9m necessitam de cuidados especiais para garantir a sua durabilidade. Portanto, o seu ramo vai acompanhado de um saco de nutrientes e \u00e9 essencial que, assim que o seu ramo chegue, siga as indica\u00e7\u00f5es do nosso cart\u00e3o. Retire as flores da caixa [&hellip;]","og_url":"https:\/\/vilaverdeemflor.com\/en\/cuidados-com-os-ramos\/","og_site_name":"Vila Verde em Flor","article_publisher":"https:\/\/facebook.com\/vila.verdeemflor.pt","article_modified_time":"2025-01-09T20:22:38+00:00","og_image":[{"width":327,"height":179,"url":"https:\/\/vilaverdeemflor.com\/wp-content\/uploads\/2025\/01\/imagem_2025-01-09_200949554.png","type":"image\/png"}],"twitter_card":"summary_large_image","twitter_misc":{"Estimated reading time":"1 minute"},"schema":{"@context":"https:\/\/schema.org","@graph":[{"@type":"WebPage","@id":"https:\/\/vilaverdeemflor.com\/cuidados-com-os-ramos\/","url":"https:\/\/vilaverdeemflor.com\/cuidados-com-os-ramos\/","name":"Cuidados com os ramos - Vila Verde em Flor","isPartOf":{"@id":"https:\/\/vilaverdeemflor.com\/#website"},"primaryImageOfPage":{"@id":"https:\/\/vilaverdeemflor.com\/cuidados-com-os-ramos\/#primaryimage"},"image":{"@id":"https:\/\/vilaverdeemflor.com\/cuidados-com-os-ramos\/#primaryimage"},"thumbnailUrl":"https:\/\/vilaverdeemflor.com\/wp-content\/uploads\/2025\/01\/imagem_2025-01-09_200949554.png","datePublished":"2024-01-18T09:37:24+00:00","dateModified":"2025-01-09T20:22:38+00:00","breadcrumb":{"@id":"https:\/\/vilaverdeemflor.com\/cuidados-com-os-ramos\/#breadcrumb"},"inLanguage":"en-GB","potentialAction":[{"@type":"ReadAction","target":["https:\/\/vilaverdeemflor.com\/cuidados-com-os-ramos\/"]}]},{"@type":"ImageObject","inLanguage":"en-GB","@id":"https:\/\/vilaverdeemflor.com\/cuidados-com-os-ramos\/#primaryimage","url":"https:\/\/vilaverdeemflor.com\/wp-content\/uploads\/2025\/01\/imagem_2025-01-09_200949554.png","contentUrl":"https:\/\/vilaverdeemflor.com\/wp-content\/uploads\/2025\/01\/imagem_2025-01-09_200949554.png"},{"@type":"BreadcrumbList","@id":"https:\/\/vilaverdeemflor.com\/cuidados-com-os-ramos\/#breadcrumb","itemListElement":[{"@type":"ListItem","position":1,"name":"In\u00edcio","item":"https:\/\/vilaverdeemflor.com\/"},{"@type":"ListItem","position":2,"name":"Cuidados com os ramos"}]},{"@type":"WebSite","@id":"https:\/\/vilaverdeemflor.com\/#website","url":"https:\/\/vilaverdeemflor.com\/","name":"Green village in Bloom","description":"ORGANIZA\u00c7\u00c3O DE EVENTOS FLORISTA","publisher":{"@id":"https:\/\/vilaverdeemflor.com\/#organization"},"potentialAction":[{"@type":"SearchAction","target":{"@type":"EntryPoint","urlTemplate":"https:\/\/vilaverdeemflor.com\/?s={search_term_string}"},"query-input":{"@type":"PropertyValueSpecification","valueRequired":true,"valueName":"search_term_string"}}],"inLanguage":"en-GB"},{"@type":"Organization","@id":"https:\/\/vilaverdeemflor.com\/#organization","name":"Green village in Bloom","url":"https:\/\/vilaverdeemflor.com\/","logo":{"@type":"ImageObject","inLanguage":"en-GB","@id":"https:\/\/vilaverdeemflor.com\/#\/schema\/logo\/image\/","url":"https:\/\/vilaverdeemflor.com\/wp-content\/uploads\/2025\/01\/Untitled-1.webp","contentUrl":"https:\/\/vilaverdeemflor.com\/wp-content\/uploads\/2025\/01\/Untitled-1.webp","width":329,"height":44,"caption":"Vila Verde em Flor"},"image":{"@id":"https:\/\/vilaverdeemflor.com\/#\/schema\/logo\/image\/"},"sameAs":["https:\/\/facebook.com\/vila.verdeemflor.pt","https:\/\/www.instagram.com\/vilaverdeemflor\/"]}]}},"_links":{"self":[{"href":"https:\/\/vilaverdeemflor.com\/en\/wp-json\/wp\/v2\/pages\/495","targetHints":{"allow":["GET"]}}],"collection":[{"href":"https:\/\/vilaverdeemflor.com\/en\/wp-json\/wp\/v2\/pages"}],"about":[{"href":"https:\/\/vilaverdeemflor.com\/en\/wp-json\/wp\/v2\/types\/page"}],"author":[{"embeddable":true,"href":"https:\/\/vilaverdeemflor.com\/en\/wp-json\/wp\/v2\/users\/1"}],"replies":[{"embeddable":true,"href":"https:\/\/vilaverdeemflor.com\/en\/wp-json\/wp\/v2\/comments?post=495"}],"version-history":[{"count":21,"href":"https:\/\/vilaverdeemflor.com\/en\/wp-json\/wp\/v2\/pages\/495\/revisions"}],"predecessor-version":[{"id":5010,"href":"https:\/\/vilaverdeemflor.com\/en\/wp-json\/wp\/v2\/pages\/495\/revisions\/5010"}],"wp:attachment":[{"href":"https:\/\/vilaverdeemflor.com\/en\/wp-json\/wp\/v2\/media?parent=495"}],"curies":[{"name":"wp","href":"https:\/\/api.w.org\/{rel}","templated":true}]}}