{"id":50,"date":"2024-01-16T18:10:24","date_gmt":"2024-01-16T18:10:24","guid":{"rendered":"http:\/\/vilaverdeemflor.com\/?page_id=50"},"modified":"2026-01-17T10:22:19","modified_gmt":"2026-01-17T10:22:19","slug":"sobre-nos","status":"publish","type":"page","link":"https:\/\/vilaverdeemflor.com\/en\/sobre-nos\/","title":{"rendered":"ABOUT US"},"content":{"rendered":"<div data-elementor-type=\"wp-page\" data-elementor-id=\"50\" class=\"elementor elementor-50\">\n\t\t\t\t<div class=\"elementor-element elementor-element-485b70a e-flex e-con-boxed e-con e-parent\" data-id=\"485b70a\" data-element_type=\"container\" data-settings=\"{&quot;background_background&quot;:&quot;classic&quot;}\">\n\t\t\t\t\t<div class=\"e-con-inner\">\n\t\t\t\t\t<\/div>\n\t\t\t\t<\/div>\n\t\t<div class=\"elementor-element elementor-element-ea165de e-flex e-con-boxed e-con e-parent\" data-id=\"ea165de\" data-element_type=\"container\" data-settings=\"{&quot;background_background&quot;:&quot;classic&quot;}\">\n\t\t\t\t\t<div class=\"e-con-inner\">\n\t\t<div class=\"elementor-element elementor-element-97c1f64 e-con-full e-flex e-con e-child\" data-id=\"97c1f64\" data-element_type=\"container\" data-settings=\"{&quot;background_background&quot;:&quot;classic&quot;}\">\n\t\t\t\t<div class=\"elementor-element elementor-element-28787ec elementor-widget elementor-widget-heading\" data-id=\"28787ec\" data-element_type=\"widget\" data-widget_type=\"heading.default\">\n\t\t\t\t<div class=\"elementor-widget-container\">\n\t\t\t\t\t<h2 class=\"elementor-heading-title elementor-size-default\">ABOUT US<\/h2>\t\t\t\t<\/div>\n\t\t\t\t<\/div>\n\t\t\t\t<div class=\"elementor-element elementor-element-91d780b elementor-widget elementor-widget-text-editor\" data-id=\"91d780b\" data-element_type=\"widget\" data-widget_type=\"text-editor.default\">\n\t\t\t\t<div class=\"elementor-widget-container\">\n\t\t\t\t\t\t\t\t\t<p>The company&#039;s in-house florist came up with a florist family in the beginning of the<br \/>the 70&#039;s, an era where much of the product was sold<br \/>directly in the market, such as: Braga, Vila Verde, Braga Bridge and the<br \/>The boat. At this time, the work of floral was designed in-house.<\/p>\t\t\t\t\t\t\t\t<\/div>\n\t\t\t\t<\/div>\n\t\t\t\t<div class=\"elementor-element elementor-element-b26850c elementor-widget elementor-widget-text-editor\" data-id=\"b26850c\" data-element_type=\"widget\" data-widget_type=\"text-editor.default\">\n\t\t\t\t<div class=\"elementor-widget-container\">\n\t\t\t\t\t\t\t\t\t<p>Com o crescimento da procura destes produtos e servi\u00e7os surgiu a<br>\nempresa Vila Verde em Fl\u00f4r a 8 de fevereiro de 1989, gerida e fundada<br>\npor tr\u00eas jovens empreendedores. <\/p>\t\t\t\t\t\t\t\t<\/div>\n\t\t\t\t<\/div>\n\t\t\t\t<div class=\"elementor-element elementor-element-938b70f elementor-widget elementor-widget-text-editor\" data-id=\"938b70f\" data-element_type=\"widget\" data-widget_type=\"text-editor.default\">\n\t\t\t\t<div class=\"elementor-widget-container\">\n\t\t\t\t\t\t\t\t\tThe services in the floral art of this company are composed of fresh, \nthe creativity, the variety of the work and to customizing each and every customer.\t\t\t\t\t\t\t\t<\/div>\n\t\t\t\t<\/div>\n\t\t\t\t<div class=\"elementor-element elementor-element-c427d8f elementor-widget elementor-widget-heading\" data-id=\"c427d8f\" data-element_type=\"widget\" data-widget_type=\"heading.default\">\n\t\t\t\t<div class=\"elementor-widget-container\">\n\t\t\t\t\t<h2 class=\"elementor-heading-title elementor-size-default\">OUR OWN CREATIVITY<br>\nTHERE ARE NO LIMITS!<\/h2>\t\t\t\t<\/div>\n\t\t\t\t<\/div>\n\t\t\t\t<\/div>\n\t\t<div class=\"elementor-element elementor-element-042d70b e-con-full e-flex e-con e-child\" data-id=\"042d70b\" data-element_type=\"container\">\n\t\t<div class=\"elementor-element elementor-element-3f947d9 e-con-full e-flex e-con e-child\" data-id=\"3f947d9\" data-element_type=\"container\">\n\t\t\t\t<div class=\"elementor-element elementor-element-78e732d elementor-widget elementor-widget-heading\" data-id=\"78e732d\" data-element_type=\"widget\" data-widget_type=\"heading.default\">\n\t\t\t\t<div class=\"elementor-widget-container\">\n\t\t\t\t\t<h2 class=\"elementor-heading-title elementor-size-default\">FEATURES \nTHE GREEN VILLAGE IN BLOOM:<\/h2>\t\t\t\t<\/div>\n\t\t\t\t<\/div>\n\t\t\t\t<div class=\"elementor-element elementor-element-7a424b4 elementor-widget elementor-widget-text-editor\" data-id=\"7a424b4\" data-element_type=\"widget\" data-widget_type=\"text-editor.default\">\n\t\t\t\t<div class=\"elementor-widget-container\">\n\t\t\t\t\t\t\t\t\t<p>Professionalism<\/p><p>The ability to adapt to<br \/>the demands of the market.<\/p><p>Betting in vocational education and training<\/p><p>human resources.<\/p>\t\t\t\t\t\t\t\t<\/div>\n\t\t\t\t<\/div>\n\t\t\t\t<\/div>\n\t\t<div class=\"elementor-element elementor-element-99fb7c3 e-con-full e-flex e-con e-child\" data-id=\"99fb7c3\" data-element_type=\"container\">\n\t\t\t\t<div class=\"elementor-element elementor-element-171ee42 elementor-widget elementor-widget-image\" data-id=\"171ee42\" data-element_type=\"widget\" data-widget_type=\"image.default\">\n\t\t\t\t<div class=\"elementor-widget-container\">\n\t\t\t\t\t\t\t\t\t\t\t\t\t\t\t<img fetchpriority=\"high\" decoding=\"async\" width=\"609\" height=\"407\" src=\"https:\/\/vilaverdeemflor.com\/wp-content\/uploads\/2025\/01\/Asset-2-1.webp\" class=\"attachment-full size-full wp-image-4794\" alt=\"\" srcset=\"https:\/\/vilaverdeemflor.com\/wp-content\/uploads\/2025\/01\/Asset-2-1.webp 609w, https:\/\/vilaverdeemflor.com\/wp-content\/uploads\/2025\/01\/Asset-2-1-600x401.webp 600w, https:\/\/vilaverdeemflor.com\/wp-content\/uploads\/2025\/01\/Asset-2-1-300x200.webp 300w\" sizes=\"(max-width: 609px) 100vw, 609px\" \/>\t\t\t\t\t\t\t\t\t\t\t\t\t\t\t<\/div>\n\t\t\t\t<\/div>\n\t\t\t\t<div class=\"elementor-element elementor-element-ced53e0 elementor-absolute elementor-widget elementor-widget-image\" data-id=\"ced53e0\" data-element_type=\"widget\" data-settings=\"{&quot;_position&quot;:&quot;absolute&quot;}\" data-widget_type=\"image.default\">\n\t\t\t\t<div class=\"elementor-widget-container\">\n\t\t\t\t\t\t\t\t\t\t\t\t\t\t\t<img decoding=\"async\" width=\"307\" height=\"306\" src=\"https:\/\/vilaverdeemflor.com\/wp-content\/uploads\/2025\/01\/Asset-3.webp\" class=\"attachment-full size-full wp-image-4795\" alt=\"\" srcset=\"https:\/\/vilaverdeemflor.com\/wp-content\/uploads\/2025\/01\/Asset-3.webp 307w, https:\/\/vilaverdeemflor.com\/wp-content\/uploads\/2025\/01\/Asset-3-300x300.webp 300w, https:\/\/vilaverdeemflor.com\/wp-content\/uploads\/2025\/01\/Asset-3-100x100.webp 100w, https:\/\/vilaverdeemflor.com\/wp-content\/uploads\/2025\/01\/Asset-3-150x150.webp 150w\" sizes=\"(max-width: 307px) 100vw, 307px\" \/>\t\t\t\t\t\t\t\t\t\t\t\t\t\t\t<\/div>\n\t\t\t\t<\/div>\n\t\t\t\t<\/div>\n\t\t\t\t<\/div>\n\t\t\t\t\t<\/div>\n\t\t\t\t<\/div>\n\t\t\t\t<\/div>","protected":false},"excerpt":{"rendered":"<p>SOBRE N\u00d3S A empresa de florista surgiu de uma floricultura familiar nos in\u00edcio dosanos 70, \u00e9poca onde grande parte dos produtos era comercializadadiretamente em mercados como: Braga, Vila Verde, Barcelos e Ponte daBarca. Ainda nesta \u00e9poca, os trabalhos florais eram elaborados em casa. Com o crescimento da procura destes produtos e servi\u00e7os surgiu a empresa [&hellip;]<\/p>","protected":false},"author":1,"featured_media":0,"parent":0,"menu_order":0,"comment_status":"closed","ping_status":"closed","template":"","meta":{"_themeisle_gutenberg_block_has_review":false,"footnotes":""},"class_list":["post-50","page","type-page","status-publish","hentry"],"yoast_head":"<!-- This site is optimized with the Yoast SEO plugin v25.0 - https:\/\/yoast.com\/wordpress\/plugins\/seo\/ -->\n<title>SOBRE N\u00d3S - Vila Verde em Flor<\/title>\n<meta name=\"robots\" content=\"index, follow, max-snippet:-1, max-image-preview:large, max-video-preview:-1\" \/>\n<link rel=\"canonical\" href=\"https:\/\/vilaverdeemflor.com\/en\/sobre-nos\/\" \/>\n<meta property=\"og:locale\" content=\"en_GB\" \/>\n<meta property=\"og:type\" content=\"article\" \/>\n<meta property=\"og:title\" content=\"SOBRE N\u00d3S - Vila Verde em Flor\" \/>\n<meta property=\"og:description\" content=\"SOBRE N\u00d3S A empresa de florista surgiu de uma floricultura familiar nos in\u00edcio dosanos 70, \u00e9poca onde grande parte dos produtos era comercializadadiretamente em mercados como: Braga, Vila Verde, Barcelos e Ponte daBarca. Ainda nesta \u00e9poca, os trabalhos florais eram elaborados em casa. Com o crescimento da procura destes produtos e servi\u00e7os surgiu a empresa [&hellip;]\" \/>\n<meta property=\"og:url\" content=\"https:\/\/vilaverdeemflor.com\/en\/sobre-nos\/\" \/>\n<meta property=\"og:site_name\" content=\"Vila Verde em Flor\" \/>\n<meta property=\"article:publisher\" content=\"https:\/\/facebook.com\/vila.verdeemflor.pt\" \/>\n<meta property=\"article:modified_time\" content=\"2026-01-17T10:22:19+00:00\" \/>\n<meta property=\"og:image\" content=\"https:\/\/vilaverdeemflor.com\/wp-content\/uploads\/2025\/01\/Asset-2-1.webp\" \/>\n\t<meta property=\"og:image:width\" content=\"609\" \/>\n\t<meta property=\"og:image:height\" content=\"407\" \/>\n\t<meta property=\"og:image:type\" content=\"image\/webp\" \/>\n<meta name=\"twitter:card\" content=\"summary_large_image\" \/>\n<meta name=\"twitter:label1\" content=\"Estimated reading time\" \/>\n\t<meta name=\"twitter:data1\" content=\"2 minutes\" \/>\n<script type=\"application\/ld+json\" class=\"yoast-schema-graph\">{\"@context\":\"https:\/\/schema.org\",\"@graph\":[{\"@type\":\"WebPage\",\"@id\":\"https:\/\/vilaverdeemflor.com\/sobre-nos\/\",\"url\":\"https:\/\/vilaverdeemflor.com\/sobre-nos\/\",\"name\":\"SOBRE N\u00d3S - Vila Verde em Flor\",\"isPartOf\":{\"@id\":\"https:\/\/vilaverdeemflor.com\/#website\"},\"primaryImageOfPage\":{\"@id\":\"https:\/\/vilaverdeemflor.com\/sobre-nos\/#primaryimage\"},\"image\":{\"@id\":\"https:\/\/vilaverdeemflor.com\/sobre-nos\/#primaryimage\"},\"thumbnailUrl\":\"http:\/\/vilaverdeemflor.com\/wp-content\/uploads\/2025\/01\/Asset-2-1.webp\",\"datePublished\":\"2024-01-16T18:10:24+00:00\",\"dateModified\":\"2026-01-17T10:22:19+00:00\",\"breadcrumb\":{\"@id\":\"https:\/\/vilaverdeemflor.com\/sobre-nos\/#breadcrumb\"},\"inLanguage\":\"en-GB\",\"potentialAction\":[{\"@type\":\"ReadAction\",\"target\":[\"https:\/\/vilaverdeemflor.com\/sobre-nos\/\"]}]},{\"@type\":\"ImageObject\",\"inLanguage\":\"en-GB\",\"@id\":\"https:\/\/vilaverdeemflor.com\/sobre-nos\/#primaryimage\",\"url\":\"http:\/\/vilaverdeemflor.com\/wp-content\/uploads\/2025\/01\/Asset-2-1.webp\",\"contentUrl\":\"http:\/\/vilaverdeemflor.com\/wp-content\/uploads\/2025\/01\/Asset-2-1.webp\"},{\"@type\":\"BreadcrumbList\",\"@id\":\"https:\/\/vilaverdeemflor.com\/sobre-nos\/#breadcrumb\",\"itemListElement\":[{\"@type\":\"ListItem\",\"position\":1,\"name\":\"In\u00edcio\",\"item\":\"https:\/\/vilaverdeemflor.com\/\"},{\"@type\":\"ListItem\",\"position\":2,\"name\":\"SOBRE N\u00d3S\"}]},{\"@type\":\"WebSite\",\"@id\":\"https:\/\/vilaverdeemflor.com\/#website\",\"url\":\"https:\/\/vilaverdeemflor.com\/\",\"name\":\"Vila Verde em Flor\",\"description\":\"ORGANIZA\u00c7\u00c3O DE EVENTOS FLORISTA\",\"publisher\":{\"@id\":\"https:\/\/vilaverdeemflor.com\/#organization\"},\"potentialAction\":[{\"@type\":\"SearchAction\",\"target\":{\"@type\":\"EntryPoint\",\"urlTemplate\":\"https:\/\/vilaverdeemflor.com\/?s={search_term_string}\"},\"query-input\":{\"@type\":\"PropertyValueSpecification\",\"valueRequired\":true,\"valueName\":\"search_term_string\"}}],\"inLanguage\":\"en-GB\"},{\"@type\":\"Organization\",\"@id\":\"https:\/\/vilaverdeemflor.com\/#organization\",\"name\":\"Vila Verde em Flor\",\"url\":\"https:\/\/vilaverdeemflor.com\/\",\"logo\":{\"@type\":\"ImageObject\",\"inLanguage\":\"en-GB\",\"@id\":\"https:\/\/vilaverdeemflor.com\/#\/schema\/logo\/image\/\",\"url\":\"https:\/\/vilaverdeemflor.com\/wp-content\/uploads\/2025\/01\/Untitled-1.webp\",\"contentUrl\":\"https:\/\/vilaverdeemflor.com\/wp-content\/uploads\/2025\/01\/Untitled-1.webp\",\"width\":329,\"height\":44,\"caption\":\"Vila Verde em Flor\"},\"image\":{\"@id\":\"https:\/\/vilaverdeemflor.com\/#\/schema\/logo\/image\/\"},\"sameAs\":[\"https:\/\/facebook.com\/vila.verdeemflor.pt\",\"https:\/\/www.instagram.com\/vilaverdeemflor\/\"]}]}<\/script>\n<!-- \/ Yoast SEO plugin. -->","yoast_head_json":{"title":"SOBRE N\u00d3S - Vila Verde em Flor","robots":{"index":"index","follow":"follow","max-snippet":"max-snippet:-1","max-image-preview":"max-image-preview:large","max-video-preview":"max-video-preview:-1"},"canonical":"https:\/\/vilaverdeemflor.com\/en\/sobre-nos\/","og_locale":"en_GB","og_type":"article","og_title":"SOBRE N\u00d3S - Vila Verde em Flor","og_description":"SOBRE N\u00d3S A empresa de florista surgiu de uma floricultura familiar nos in\u00edcio dosanos 70, \u00e9poca onde grande parte dos produtos era comercializadadiretamente em mercados como: Braga, Vila Verde, Barcelos e Ponte daBarca. Ainda nesta \u00e9poca, os trabalhos florais eram elaborados em casa. Com o crescimento da procura destes produtos e servi\u00e7os surgiu a empresa [&hellip;]","og_url":"https:\/\/vilaverdeemflor.com\/en\/sobre-nos\/","og_site_name":"Vila Verde em Flor","article_publisher":"https:\/\/facebook.com\/vila.verdeemflor.pt","article_modified_time":"2026-01-17T10:22:19+00:00","og_image":[{"width":609,"height":407,"url":"https:\/\/vilaverdeemflor.com\/wp-content\/uploads\/2025\/01\/Asset-2-1.webp","type":"image\/webp"}],"twitter_card":"summary_large_image","twitter_misc":{"Estimated reading time":"2 minutes"},"schema":{"@context":"https:\/\/schema.org","@graph":[{"@type":"WebPage","@id":"https:\/\/vilaverdeemflor.com\/sobre-nos\/","url":"https:\/\/vilaverdeemflor.com\/sobre-nos\/","name":"SOBRE N\u00d3S - Vila Verde em Flor","isPartOf":{"@id":"https:\/\/vilaverdeemflor.com\/#website"},"primaryImageOfPage":{"@id":"https:\/\/vilaverdeemflor.com\/sobre-nos\/#primaryimage"},"image":{"@id":"https:\/\/vilaverdeemflor.com\/sobre-nos\/#primaryimage"},"thumbnailUrl":"http:\/\/vilaverdeemflor.com\/wp-content\/uploads\/2025\/01\/Asset-2-1.webp","datePublished":"2024-01-16T18:10:24+00:00","dateModified":"2026-01-17T10:22:19+00:00","breadcrumb":{"@id":"https:\/\/vilaverdeemflor.com\/sobre-nos\/#breadcrumb"},"inLanguage":"en-GB","potentialAction":[{"@type":"ReadAction","target":["https:\/\/vilaverdeemflor.com\/sobre-nos\/"]}]},{"@type":"ImageObject","inLanguage":"en-GB","@id":"https:\/\/vilaverdeemflor.com\/sobre-nos\/#primaryimage","url":"http:\/\/vilaverdeemflor.com\/wp-content\/uploads\/2025\/01\/Asset-2-1.webp","contentUrl":"http:\/\/vilaverdeemflor.com\/wp-content\/uploads\/2025\/01\/Asset-2-1.webp"},{"@type":"BreadcrumbList","@id":"https:\/\/vilaverdeemflor.com\/sobre-nos\/#breadcrumb","itemListElement":[{"@type":"ListItem","position":1,"name":"In\u00edcio","item":"https:\/\/vilaverdeemflor.com\/"},{"@type":"ListItem","position":2,"name":"SOBRE N\u00d3S"}]},{"@type":"WebSite","@id":"https:\/\/vilaverdeemflor.com\/#website","url":"https:\/\/vilaverdeemflor.com\/","name":"Green village in Bloom","description":"ORGANIZA\u00c7\u00c3O DE EVENTOS FLORISTA","publisher":{"@id":"https:\/\/vilaverdeemflor.com\/#organization"},"potentialAction":[{"@type":"SearchAction","target":{"@type":"EntryPoint","urlTemplate":"https:\/\/vilaverdeemflor.com\/?s={search_term_string}"},"query-input":{"@type":"PropertyValueSpecification","valueRequired":true,"valueName":"search_term_string"}}],"inLanguage":"en-GB"},{"@type":"Organization","@id":"https:\/\/vilaverdeemflor.com\/#organization","name":"Green village in Bloom","url":"https:\/\/vilaverdeemflor.com\/","logo":{"@type":"ImageObject","inLanguage":"en-GB","@id":"https:\/\/vilaverdeemflor.com\/#\/schema\/logo\/image\/","url":"https:\/\/vilaverdeemflor.com\/wp-content\/uploads\/2025\/01\/Untitled-1.webp","contentUrl":"https:\/\/vilaverdeemflor.com\/wp-content\/uploads\/2025\/01\/Untitled-1.webp","width":329,"height":44,"caption":"Vila Verde em Flor"},"image":{"@id":"https:\/\/vilaverdeemflor.com\/#\/schema\/logo\/image\/"},"sameAs":["https:\/\/facebook.com\/vila.verdeemflor.pt","https:\/\/www.instagram.com\/vilaverdeemflor\/"]}]}},"_links":{"self":[{"href":"https:\/\/vilaverdeemflor.com\/en\/wp-json\/wp\/v2\/pages\/50","targetHints":{"allow":["GET"]}}],"collection":[{"href":"https:\/\/vilaverdeemflor.com\/en\/wp-json\/wp\/v2\/pages"}],"about":[{"href":"https:\/\/vilaverdeemflor.com\/en\/wp-json\/wp\/v2\/types\/page"}],"author":[{"embeddable":true,"href":"https:\/\/vilaverdeemflor.com\/en\/wp-json\/wp\/v2\/users\/1"}],"replies":[{"embeddable":true,"href":"https:\/\/vilaverdeemflor.com\/en\/wp-json\/wp\/v2\/comments?post=50"}],"version-history":[{"count":21,"href":"https:\/\/vilaverdeemflor.com\/en\/wp-json\/wp\/v2\/pages\/50\/revisions"}],"predecessor-version":[{"id":7188,"href":"https:\/\/vilaverdeemflor.com\/en\/wp-json\/wp\/v2\/pages\/50\/revisions\/7188"}],"wp:attachment":[{"href":"https:\/\/vilaverdeemflor.com\/en\/wp-json\/wp\/v2\/media?parent=50"}],"curies":[{"name":"wp","href":"https:\/\/api.w.org\/{rel}","templated":true}]}}