{"id":671,"date":"2024-01-20T08:35:56","date_gmt":"2024-01-20T08:35:56","guid":{"rendered":"http:\/\/vilaverdeemflor.com\/?page_id=671"},"modified":"2025-01-21T08:48:21","modified_gmt":"2025-01-21T08:48:21","slug":"packs-casamentos","status":"publish","type":"page","link":"https:\/\/vilaverdeemflor.com\/en\/packs-casamentos\/","title":{"rendered":"PACKS OF WEDDING"},"content":{"rendered":"<div data-elementor-type=\"wp-page\" data-elementor-id=\"671\" class=\"elementor elementor-671\">\n\t\t\t\t<div class=\"elementor-element elementor-element-08702f9 e-flex e-con-boxed e-con e-parent\" data-id=\"08702f9\" data-element_type=\"container\" data-settings=\"{&quot;background_background&quot;:&quot;classic&quot;}\">\n\t\t\t\t\t<div class=\"e-con-inner\">\n\t\t\t\t\t<\/div>\n\t\t\t\t<\/div>\n\t\t<div class=\"elementor-element elementor-element-f0bcee1 e-flex e-con-boxed e-con e-parent\" data-id=\"f0bcee1\" data-element_type=\"container\" data-settings=\"{&quot;background_background&quot;:&quot;classic&quot;}\">\n\t\t\t\t\t<div class=\"e-con-inner\">\n\t\t<div class=\"elementor-element elementor-element-b29547d e-con-full e-flex e-con e-child\" data-id=\"b29547d\" data-element_type=\"container\" data-settings=\"{&quot;background_background&quot;:&quot;classic&quot;}\">\n\t\t\t\t<div class=\"elementor-element elementor-element-dccddb2 elementor-absolute elementor-hidden-mobile elementor-widget elementor-widget-image\" data-id=\"dccddb2\" data-element_type=\"widget\" data-settings=\"{&quot;_position&quot;:&quot;absolute&quot;}\" data-widget_type=\"image.default\">\n\t\t\t\t<div class=\"elementor-widget-container\">\n\t\t\t\t\t\t\t\t\t\t\t\t\t\t\t<img fetchpriority=\"high\" decoding=\"async\" width=\"288\" height=\"289\" src=\"https:\/\/vilaverdeemflor.com\/wp-content\/uploads\/2025\/01\/imagem_2025-01-08_122352269.png\" class=\"attachment-full size-full wp-image-4938\" alt=\"\" srcset=\"https:\/\/vilaverdeemflor.com\/wp-content\/uploads\/2025\/01\/imagem_2025-01-08_122352269.png 288w, https:\/\/vilaverdeemflor.com\/wp-content\/uploads\/2025\/01\/imagem_2025-01-08_122352269-100x100.png 100w, https:\/\/vilaverdeemflor.com\/wp-content\/uploads\/2025\/01\/imagem_2025-01-08_122352269-150x150.png 150w\" sizes=\"(max-width: 288px) 100vw, 288px\" \/>\t\t\t\t\t\t\t\t\t\t\t\t\t\t\t<\/div>\n\t\t\t\t<\/div>\n\t\t\t\t<div class=\"elementor-element elementor-element-496dbe1 elementor-widget elementor-widget-heading\" data-id=\"496dbe1\" data-element_type=\"widget\" data-widget_type=\"heading.default\">\n\t\t\t\t<div class=\"elementor-widget-container\">\n\t\t\t\t\t<h2 class=\"elementor-heading-title elementor-size-default\">PACKS OF WEDDING<\/h2>\t\t\t\t<\/div>\n\t\t\t\t<\/div>\n\t\t\t\t<div class=\"elementor-element elementor-element-1737e1d elementor-widget elementor-widget-text-editor\" data-id=\"1737e1d\" data-element_type=\"widget\" data-widget_type=\"text-editor.default\">\n\t\t\t\t<div class=\"elementor-widget-container\">\n\t\t\t\t\t\t\t\t\tWe present to you our pack&#039;&#039;s filled with beauty and simplicity.\n\t\t\t\t\t\t\t\t<\/div>\n\t\t\t\t<\/div>\n\t\t\t\t<div class=\"elementor-element elementor-element-4346e63 elementor-widget elementor-widget-text-editor\" data-id=\"4346e63\" data-element_type=\"widget\" data-widget_type=\"text-editor.default\">\n\t\t\t\t<div class=\"elementor-widget-container\">\n\t\t\t\t\t\t\t\t\tThe village Green in the Flower you have created add-on packs that are perfect for your morning!\n\t\t\t\t\t\t\t\t<\/div>\n\t\t\t\t<\/div>\n\t\t\t\t<div class=\"elementor-element elementor-element-3b7070d elementor-widget elementor-widget-text-editor\" data-id=\"3b7070d\" data-element_type=\"widget\" data-widget_type=\"text-editor.default\">\n\t\t\t\t<div class=\"elementor-widget-container\">\n\t\t\t\t\t\t\t\t\tAll of our packs may vary depending on your preference!\nThere is no rule for choosing the decor is ideal , but the details that make the difference, the pros of the Green Village in a Flower will help you in your quest!\t\t\t\t\t\t\t\t<\/div>\n\t\t\t\t<\/div>\n\t\t\t\t<div class=\"elementor-element elementor-element-df4d934 elementor-widget elementor-widget-heading\" data-id=\"df4d934\" data-element_type=\"widget\" data-widget_type=\"heading.default\">\n\t\t\t\t<div class=\"elementor-widget-container\">\n\t\t\t\t\t<h2 class=\"elementor-heading-title elementor-size-default\"><a href=\"https:\/\/vilaverdeemflor.com\/en\/contacto\/\">Call now to arrange your meeting!<\/a><\/h2>\t\t\t\t<\/div>\n\t\t\t\t<\/div>\n\t\t\t\t<div class=\"elementor-element elementor-element-9091914 elementor-hidden-desktop elementor-hidden-tablet elementor-widget elementor-widget-image\" data-id=\"9091914\" data-element_type=\"widget\" data-widget_type=\"image.default\">\n\t\t\t\t<div class=\"elementor-widget-container\">\n\t\t\t\t\t\t\t\t\t\t\t\t\t\t\t<img fetchpriority=\"high\" decoding=\"async\" width=\"288\" height=\"289\" src=\"https:\/\/vilaverdeemflor.com\/wp-content\/uploads\/2025\/01\/imagem_2025-01-08_122352269.png\" class=\"attachment-full size-full wp-image-4938\" alt=\"\" srcset=\"https:\/\/vilaverdeemflor.com\/wp-content\/uploads\/2025\/01\/imagem_2025-01-08_122352269.png 288w, https:\/\/vilaverdeemflor.com\/wp-content\/uploads\/2025\/01\/imagem_2025-01-08_122352269-100x100.png 100w, https:\/\/vilaverdeemflor.com\/wp-content\/uploads\/2025\/01\/imagem_2025-01-08_122352269-150x150.png 150w\" sizes=\"(max-width: 288px) 100vw, 288px\" \/>\t\t\t\t\t\t\t\t\t\t\t\t\t\t\t<\/div>\n\t\t\t\t<\/div>\n\t\t\t\t<\/div>\n\t\t\t\t\t<\/div>\n\t\t\t\t<\/div>\n\t\t<div class=\"elementor-element elementor-element-1a76693 e-con-full e-flex e-con e-parent\" data-id=\"1a76693\" data-element_type=\"container\">\n\t\t<div class=\"elementor-element elementor-element-c22864e e-flex e-con-boxed e-con e-child\" data-id=\"c22864e\" data-element_type=\"container\" data-settings=\"{&quot;background_background&quot;:&quot;classic&quot;}\">\n\t\t\t\t\t<div class=\"e-con-inner\">\n\t\t\t\t<div class=\"elementor-element elementor-element-28d874d elementor-widget elementor-widget-image\" data-id=\"28d874d\" data-element_type=\"widget\" data-widget_type=\"image.default\">\n\t\t\t\t<div class=\"elementor-widget-container\">\n\t\t\t\t\t\t\t\t\t\t\t\t\t\t\t<img decoding=\"async\" width=\"300\" height=\"300\" src=\"https:\/\/vilaverdeemflor.com\/wp-content\/uploads\/2025\/01\/imagem_2025-01-08_122600419.png\" class=\"attachment-full size-full wp-image-4945\" alt=\"\" srcset=\"https:\/\/vilaverdeemflor.com\/wp-content\/uploads\/2025\/01\/imagem_2025-01-08_122600419.png 300w, https:\/\/vilaverdeemflor.com\/wp-content\/uploads\/2025\/01\/imagem_2025-01-08_122600419-100x100.png 100w, https:\/\/vilaverdeemflor.com\/wp-content\/uploads\/2025\/01\/imagem_2025-01-08_122600419-150x150.png 150w\" sizes=\"(max-width: 300px) 100vw, 300px\" \/>\t\t\t\t\t\t\t\t\t\t\t\t\t\t\t<\/div>\n\t\t\t\t<\/div>\n\t\t\t\t<div class=\"elementor-element elementor-element-9a6c1bb elementor-widget elementor-widget-heading\" data-id=\"9a6c1bb\" data-element_type=\"widget\" data-widget_type=\"heading.default\">\n\t\t\t\t<div class=\"elementor-widget-container\">\n\t\t\t\t\t<h2 class=\"elementor-heading-title elementor-size-default\">Pack-simple<\/h2>\t\t\t\t<\/div>\n\t\t\t\t<\/div>\n\t\t<div class=\"elementor-element elementor-element-ef346c1 e-flex e-con-boxed e-con e-child\" data-id=\"ef346c1\" data-element_type=\"container\">\n\t\t\t\t\t<div class=\"e-con-inner\">\n\t\t\t\t<div class=\"elementor-element elementor-element-ec49576 elementor-widget elementor-widget-text-editor\" data-id=\"ec49576\" data-element_type=\"widget\" data-widget_type=\"text-editor.default\">\n\t\t\t\t<div class=\"elementor-widget-container\">\n\t\t\t\t\t\t\t\t\t<div class=\"elementor-element elementor-element-ec49576 elementor-widget elementor-widget-text-editor\" data-id=\"ec49576\" data-element_type=\"widget\" data-widget_type=\"text-editor.default\"><div class=\"elementor-widget-container\">Branch of the bride<\/div><div class=\"elementor-widget-container\">Branch of fire<\/div><div class=\"elementor-widget-container\">Branch St.<\/div><div class=\"elementor-widget-container\">Gift lapel groom -<\/div><\/div>\t\t\t\t\t\t\t\t<\/div>\n\t\t\t\t<\/div>\n\t\t\t\t\t<\/div>\n\t\t\t\t<\/div>\n\t\t\t\t\t<\/div>\n\t\t\t\t<\/div>\n\t\t<div class=\"elementor-element elementor-element-5fa5168 e-flex e-con-boxed e-con e-child\" data-id=\"5fa5168\" data-element_type=\"container\" data-settings=\"{&quot;background_background&quot;:&quot;classic&quot;}\">\n\t\t\t\t\t<div class=\"e-con-inner\">\n\t\t\t\t<div class=\"elementor-element elementor-element-c7f451c elementor-widget elementor-widget-image\" data-id=\"c7f451c\" data-element_type=\"widget\" data-widget_type=\"image.default\">\n\t\t\t\t<div class=\"elementor-widget-container\">\n\t\t\t\t\t\t\t\t\t\t\t\t\t\t\t<img decoding=\"async\" src=\"https:\/\/vilaverdeemflor.com\/wp-content\/uploads\/2024\/04\/278251897_296201946003507_8289681987146044422_n-1.jpg\" title=\"\" alt=\"\" loading=\"lazy\" \/>\t\t\t\t\t\t\t\t\t\t\t\t\t\t\t<\/div>\n\t\t\t\t<\/div>\n\t\t\t\t<div class=\"elementor-element elementor-element-b8aad52 elementor-widget elementor-widget-heading\" data-id=\"b8aad52\" data-element_type=\"widget\" data-widget_type=\"heading.default\">\n\t\t\t\t<div class=\"elementor-widget-container\">\n\t\t\t\t\t<h2 class=\"elementor-heading-title elementor-size-default\">PACK ESSENCIALS<\/h2>\t\t\t\t<\/div>\n\t\t\t\t<\/div>\n\t\t<div class=\"elementor-element elementor-element-4ac1590 e-flex e-con-boxed e-con e-child\" data-id=\"4ac1590\" data-element_type=\"container\">\n\t\t\t\t\t<div class=\"e-con-inner\">\n\t\t\t\t<div class=\"elementor-element elementor-element-2fc6384 elementor-widget elementor-widget-text-editor\" data-id=\"2fc6384\" data-element_type=\"widget\" data-widget_type=\"text-editor.default\">\n\t\t\t\t<div class=\"elementor-widget-container\">\n\t\t\t\t\t\t\t\t\t<div class=\"elementor-widget-container\">Branch of the bride<\/div><div class=\"elementor-widget-container\">Branch of fire<\/div><div class=\"elementor-widget-container\">\u2013 2 boutonnieres<\/div><div>\u2013 Headband for the little girls of the wedding rings<\/div><div>Gift rose petals to throw<\/div>\t\t\t\t\t\t\t\t<\/div>\n\t\t\t\t<\/div>\n\t\t\t\t\t<\/div>\n\t\t\t\t<\/div>\n\t\t\t\t\t<\/div>\n\t\t\t\t<\/div>\n\t\t<div class=\"elementor-element elementor-element-257853c e-flex e-con-boxed e-con e-child\" data-id=\"257853c\" data-element_type=\"container\" data-settings=\"{&quot;background_background&quot;:&quot;classic&quot;}\">\n\t\t\t\t\t<div class=\"e-con-inner\">\n\t\t\t\t<div class=\"elementor-element elementor-element-75d763c elementor-widget elementor-widget-image\" data-id=\"75d763c\" data-element_type=\"widget\" data-widget_type=\"image.default\">\n\t\t\t\t<div class=\"elementor-widget-container\">\n\t\t\t\t\t\t\t\t\t\t\t\t\t\t\t<img decoding=\"async\" src=\"https:\/\/vilaverdeemflor.com\/wp-content\/uploads\/2024\/04\/MarilinePatrick-7-scaled.jpg\" title=\"\" alt=\"\" loading=\"lazy\" \/>\t\t\t\t\t\t\t\t\t\t\t\t\t\t\t<\/div>\n\t\t\t\t<\/div>\n\t\t\t\t<div class=\"elementor-element elementor-element-fbf89d7 elementor-widget elementor-widget-heading\" data-id=\"fbf89d7\" data-element_type=\"widget\" data-widget_type=\"heading.default\">\n\t\t\t\t<div class=\"elementor-widget-container\">\n\t\t\t\t\t<h2 class=\"elementor-heading-title elementor-size-default\">PACK-Medium<\/h2>\t\t\t\t<\/div>\n\t\t\t\t<\/div>\n\t\t<div class=\"elementor-element elementor-element-969f2a1 e-flex e-con-boxed e-con e-child\" data-id=\"969f2a1\" data-element_type=\"container\">\n\t\t\t\t\t<div class=\"e-con-inner\">\n\t\t\t\t<div class=\"elementor-element elementor-element-940a3b1 elementor-widget elementor-widget-text-editor\" data-id=\"940a3b1\" data-element_type=\"widget\" data-widget_type=\"text-editor.default\">\n\t\t\t\t<div class=\"elementor-widget-container\">\n\t\t\t\t\t\t\t\t\t<div class=\"elementor-widget-container\">Branch of the bride<\/div><div class=\"elementor-widget-container\">Branch of fire<\/div><div class=\"elementor-widget-container\">\u2013 2 boutonnieres<\/div><div>\u2013 Headband for the little girls of the wedding rings<\/div><div>\u2013 Floral decoration for the church 7 and arrangements<\/div><div>Gift rose petals in to throw, and rose to bring us to the banks<\/div><div>\u00a0<\/div>\t\t\t\t\t\t\t\t<\/div>\n\t\t\t\t<\/div>\n\t\t\t\t\t<\/div>\n\t\t\t\t<\/div>\n\t\t\t\t\t<\/div>\n\t\t\t\t<\/div>\n\t\t<div class=\"elementor-element elementor-element-72d479c e-flex e-con-boxed e-con e-child\" data-id=\"72d479c\" data-element_type=\"container\" data-settings=\"{&quot;background_background&quot;:&quot;classic&quot;}\">\n\t\t\t\t\t<div class=\"e-con-inner\">\n\t\t\t\t<div class=\"elementor-element elementor-element-ba533e9 elementor-widget elementor-widget-image\" data-id=\"ba533e9\" data-element_type=\"widget\" data-widget_type=\"image.default\">\n\t\t\t\t<div class=\"elementor-widget-container\">\n\t\t\t\t\t\t\t\t\t\t\t\t\t\t\t<img decoding=\"async\" src=\"https:\/\/vilaverdeemflor.com\/wp-content\/uploads\/2024\/04\/ASXD2627.jpg\" title=\"\" alt=\"\" loading=\"lazy\" \/>\t\t\t\t\t\t\t\t\t\t\t\t\t\t\t<\/div>\n\t\t\t\t<\/div>\n\t\t\t\t<div class=\"elementor-element elementor-element-f742818 elementor-widget elementor-widget-heading\" data-id=\"f742818\" data-element_type=\"widget\" data-widget_type=\"heading.default\">\n\t\t\t\t<div class=\"elementor-widget-container\">\n\t\t\t\t\t<h2 class=\"elementor-heading-title elementor-size-default\">Premium PACK<\/h2>\t\t\t\t<\/div>\n\t\t\t\t<\/div>\n\t\t<div class=\"elementor-element elementor-element-7b834f9 e-flex e-con-boxed e-con e-child\" data-id=\"7b834f9\" data-element_type=\"container\">\n\t\t\t\t\t<div class=\"e-con-inner\">\n\t\t\t\t<div class=\"elementor-element elementor-element-7b18a8e elementor-widget elementor-widget-text-editor\" data-id=\"7b18a8e\" data-element_type=\"widget\" data-widget_type=\"text-editor.default\">\n\t\t\t\t<div class=\"elementor-widget-container\">\n\t\t\t\t\t\t\t\t\t<div class=\"elementor-widget-container\">\u2013 2 boutonnieres<\/div><div class=\"elementor-widget-container\">Branch of fire<\/div><div>\u2013 Headband for the little girls of the wedding rings<\/div><div>\u2013 Floral decoration for church is a 7-in floral arrangements<\/div><div>\u2013 Floral decoration of a farmhouse with the 10-in floral arrangements<\/div><div>\u2013 Floral decoration for the car<\/div><div>Gift a Bride&#039;s Bouquet<\/div>\t\t\t\t\t\t\t\t<\/div>\n\t\t\t\t<\/div>\n\t\t\t\t\t<\/div>\n\t\t\t\t<\/div>\n\t\t\t\t\t<\/div>\n\t\t\t\t<\/div>\n\t\t\t\t<\/div>\n\t\t\t\t<\/div>","protected":false},"excerpt":{"rendered":"<p>PACKS CASAMENTOS Apresentamos os nossos pack`s repletos de beleza e simplicidade. Vila Verde em Fl\u00f4r criou os packs perfeitos para o seu dia! Os nossos packs podem variam de acordo com as vossas prefer\u00eancias! N\u00e3o existem regras para escolher a decora\u00e7\u00e3o ideal , mas sim detalhes que fazem toda a diferen\u00e7a, os profissionais de Vila [&hellip;]<\/p>","protected":false},"author":1,"featured_media":0,"parent":0,"menu_order":0,"comment_status":"closed","ping_status":"closed","template":"","meta":{"_themeisle_gutenberg_block_has_review":false,"footnotes":""},"class_list":["post-671","page","type-page","status-publish","hentry"],"yoast_head":"<!-- This site is optimized with the Yoast SEO plugin v25.0 - https:\/\/yoast.com\/wordpress\/plugins\/seo\/ -->\n<title>PACKS CASAMENTOS - Vila Verde em Flor<\/title>\n<meta name=\"robots\" content=\"index, follow, max-snippet:-1, max-image-preview:large, max-video-preview:-1\" \/>\n<link rel=\"canonical\" href=\"https:\/\/vilaverdeemflor.com\/en\/packs-casamentos\/\" \/>\n<meta property=\"og:locale\" content=\"en_GB\" \/>\n<meta property=\"og:type\" content=\"article\" \/>\n<meta property=\"og:title\" content=\"PACKS CASAMENTOS - Vila Verde em Flor\" \/>\n<meta property=\"og:description\" content=\"PACKS CASAMENTOS Apresentamos os nossos pack`s repletos de beleza e simplicidade. Vila Verde em Fl\u00f4r criou os packs perfeitos para o seu dia! Os nossos packs podem variam de acordo com as vossas prefer\u00eancias! N\u00e3o existem regras para escolher a decora\u00e7\u00e3o ideal , mas sim detalhes que fazem toda a diferen\u00e7a, os profissionais de Vila [&hellip;]\" \/>\n<meta property=\"og:url\" content=\"https:\/\/vilaverdeemflor.com\/en\/packs-casamentos\/\" \/>\n<meta property=\"og:site_name\" content=\"Vila Verde em Flor\" \/>\n<meta property=\"article:publisher\" content=\"https:\/\/facebook.com\/vila.verdeemflor.pt\" \/>\n<meta property=\"article:modified_time\" content=\"2025-01-21T08:48:21+00:00\" \/>\n<meta property=\"og:image\" content=\"https:\/\/vilaverdeemflor.com\/wp-content\/uploads\/2025\/01\/imagem_2025-01-08_122352269.png\" \/>\n\t<meta property=\"og:image:width\" content=\"288\" \/>\n\t<meta property=\"og:image:height\" content=\"289\" \/>\n\t<meta property=\"og:image:type\" content=\"image\/png\" \/>\n<meta name=\"twitter:card\" content=\"summary_large_image\" \/>\n<meta name=\"twitter:label1\" content=\"Estimated reading time\" \/>\n\t<meta name=\"twitter:data1\" content=\"1 minute\" \/>\n<script type=\"application\/ld+json\" class=\"yoast-schema-graph\">{\"@context\":\"https:\/\/schema.org\",\"@graph\":[{\"@type\":\"WebPage\",\"@id\":\"https:\/\/vilaverdeemflor.com\/packs-casamentos\/\",\"url\":\"https:\/\/vilaverdeemflor.com\/packs-casamentos\/\",\"name\":\"PACKS CASAMENTOS - Vila Verde em Flor\",\"isPartOf\":{\"@id\":\"https:\/\/vilaverdeemflor.com\/#website\"},\"primaryImageOfPage\":{\"@id\":\"https:\/\/vilaverdeemflor.com\/packs-casamentos\/#primaryimage\"},\"image\":{\"@id\":\"https:\/\/vilaverdeemflor.com\/packs-casamentos\/#primaryimage\"},\"thumbnailUrl\":\"https:\/\/vilaverdeemflor.com\/wp-content\/uploads\/2025\/01\/imagem_2025-01-08_122352269.png\",\"datePublished\":\"2024-01-20T08:35:56+00:00\",\"dateModified\":\"2025-01-21T08:48:21+00:00\",\"breadcrumb\":{\"@id\":\"https:\/\/vilaverdeemflor.com\/packs-casamentos\/#breadcrumb\"},\"inLanguage\":\"en-GB\",\"potentialAction\":[{\"@type\":\"ReadAction\",\"target\":[\"https:\/\/vilaverdeemflor.com\/packs-casamentos\/\"]}]},{\"@type\":\"ImageObject\",\"inLanguage\":\"en-GB\",\"@id\":\"https:\/\/vilaverdeemflor.com\/packs-casamentos\/#primaryimage\",\"url\":\"https:\/\/vilaverdeemflor.com\/wp-content\/uploads\/2025\/01\/imagem_2025-01-08_122352269.png\",\"contentUrl\":\"https:\/\/vilaverdeemflor.com\/wp-content\/uploads\/2025\/01\/imagem_2025-01-08_122352269.png\"},{\"@type\":\"BreadcrumbList\",\"@id\":\"https:\/\/vilaverdeemflor.com\/packs-casamentos\/#breadcrumb\",\"itemListElement\":[{\"@type\":\"ListItem\",\"position\":1,\"name\":\"In\u00edcio\",\"item\":\"https:\/\/vilaverdeemflor.com\/\"},{\"@type\":\"ListItem\",\"position\":2,\"name\":\"PACKS CASAMENTOS\"}]},{\"@type\":\"WebSite\",\"@id\":\"https:\/\/vilaverdeemflor.com\/#website\",\"url\":\"https:\/\/vilaverdeemflor.com\/\",\"name\":\"Vila Verde em Flor\",\"description\":\"ORGANIZA\u00c7\u00c3O DE EVENTOS FLORISTA\",\"publisher\":{\"@id\":\"https:\/\/vilaverdeemflor.com\/#organization\"},\"potentialAction\":[{\"@type\":\"SearchAction\",\"target\":{\"@type\":\"EntryPoint\",\"urlTemplate\":\"https:\/\/vilaverdeemflor.com\/?s={search_term_string}\"},\"query-input\":{\"@type\":\"PropertyValueSpecification\",\"valueRequired\":true,\"valueName\":\"search_term_string\"}}],\"inLanguage\":\"en-GB\"},{\"@type\":\"Organization\",\"@id\":\"https:\/\/vilaverdeemflor.com\/#organization\",\"name\":\"Vila Verde em Flor\",\"url\":\"https:\/\/vilaverdeemflor.com\/\",\"logo\":{\"@type\":\"ImageObject\",\"inLanguage\":\"en-GB\",\"@id\":\"https:\/\/vilaverdeemflor.com\/#\/schema\/logo\/image\/\",\"url\":\"https:\/\/vilaverdeemflor.com\/wp-content\/uploads\/2025\/01\/Untitled-1.webp\",\"contentUrl\":\"https:\/\/vilaverdeemflor.com\/wp-content\/uploads\/2025\/01\/Untitled-1.webp\",\"width\":329,\"height\":44,\"caption\":\"Vila Verde em Flor\"},\"image\":{\"@id\":\"https:\/\/vilaverdeemflor.com\/#\/schema\/logo\/image\/\"},\"sameAs\":[\"https:\/\/facebook.com\/vila.verdeemflor.pt\",\"https:\/\/www.instagram.com\/vilaverdeemflor\/\"]}]}<\/script>\n<!-- \/ Yoast SEO plugin. -->","yoast_head_json":{"title":"PACKS CASAMENTOS - Vila Verde em Flor","robots":{"index":"index","follow":"follow","max-snippet":"max-snippet:-1","max-image-preview":"max-image-preview:large","max-video-preview":"max-video-preview:-1"},"canonical":"https:\/\/vilaverdeemflor.com\/en\/packs-casamentos\/","og_locale":"en_GB","og_type":"article","og_title":"PACKS CASAMENTOS - Vila Verde em Flor","og_description":"PACKS CASAMENTOS Apresentamos os nossos pack`s repletos de beleza e simplicidade. Vila Verde em Fl\u00f4r criou os packs perfeitos para o seu dia! Os nossos packs podem variam de acordo com as vossas prefer\u00eancias! N\u00e3o existem regras para escolher a decora\u00e7\u00e3o ideal , mas sim detalhes que fazem toda a diferen\u00e7a, os profissionais de Vila [&hellip;]","og_url":"https:\/\/vilaverdeemflor.com\/en\/packs-casamentos\/","og_site_name":"Vila Verde em Flor","article_publisher":"https:\/\/facebook.com\/vila.verdeemflor.pt","article_modified_time":"2025-01-21T08:48:21+00:00","og_image":[{"width":288,"height":289,"url":"https:\/\/vilaverdeemflor.com\/wp-content\/uploads\/2025\/01\/imagem_2025-01-08_122352269.png","type":"image\/png"}],"twitter_card":"summary_large_image","twitter_misc":{"Estimated reading time":"1 minute"},"schema":{"@context":"https:\/\/schema.org","@graph":[{"@type":"WebPage","@id":"https:\/\/vilaverdeemflor.com\/packs-casamentos\/","url":"https:\/\/vilaverdeemflor.com\/packs-casamentos\/","name":"PACKS CASAMENTOS - Vila Verde em Flor","isPartOf":{"@id":"https:\/\/vilaverdeemflor.com\/#website"},"primaryImageOfPage":{"@id":"https:\/\/vilaverdeemflor.com\/packs-casamentos\/#primaryimage"},"image":{"@id":"https:\/\/vilaverdeemflor.com\/packs-casamentos\/#primaryimage"},"thumbnailUrl":"https:\/\/vilaverdeemflor.com\/wp-content\/uploads\/2025\/01\/imagem_2025-01-08_122352269.png","datePublished":"2024-01-20T08:35:56+00:00","dateModified":"2025-01-21T08:48:21+00:00","breadcrumb":{"@id":"https:\/\/vilaverdeemflor.com\/packs-casamentos\/#breadcrumb"},"inLanguage":"en-GB","potentialAction":[{"@type":"ReadAction","target":["https:\/\/vilaverdeemflor.com\/packs-casamentos\/"]}]},{"@type":"ImageObject","inLanguage":"en-GB","@id":"https:\/\/vilaverdeemflor.com\/packs-casamentos\/#primaryimage","url":"https:\/\/vilaverdeemflor.com\/wp-content\/uploads\/2025\/01\/imagem_2025-01-08_122352269.png","contentUrl":"https:\/\/vilaverdeemflor.com\/wp-content\/uploads\/2025\/01\/imagem_2025-01-08_122352269.png"},{"@type":"BreadcrumbList","@id":"https:\/\/vilaverdeemflor.com\/packs-casamentos\/#breadcrumb","itemListElement":[{"@type":"ListItem","position":1,"name":"In\u00edcio","item":"https:\/\/vilaverdeemflor.com\/"},{"@type":"ListItem","position":2,"name":"PACKS CASAMENTOS"}]},{"@type":"WebSite","@id":"https:\/\/vilaverdeemflor.com\/#website","url":"https:\/\/vilaverdeemflor.com\/","name":"Green village in Bloom","description":"ORGANIZA\u00c7\u00c3O DE EVENTOS FLORISTA","publisher":{"@id":"https:\/\/vilaverdeemflor.com\/#organization"},"potentialAction":[{"@type":"SearchAction","target":{"@type":"EntryPoint","urlTemplate":"https:\/\/vilaverdeemflor.com\/?s={search_term_string}"},"query-input":{"@type":"PropertyValueSpecification","valueRequired":true,"valueName":"search_term_string"}}],"inLanguage":"en-GB"},{"@type":"Organization","@id":"https:\/\/vilaverdeemflor.com\/#organization","name":"Green village in Bloom","url":"https:\/\/vilaverdeemflor.com\/","logo":{"@type":"ImageObject","inLanguage":"en-GB","@id":"https:\/\/vilaverdeemflor.com\/#\/schema\/logo\/image\/","url":"https:\/\/vilaverdeemflor.com\/wp-content\/uploads\/2025\/01\/Untitled-1.webp","contentUrl":"https:\/\/vilaverdeemflor.com\/wp-content\/uploads\/2025\/01\/Untitled-1.webp","width":329,"height":44,"caption":"Vila Verde em Flor"},"image":{"@id":"https:\/\/vilaverdeemflor.com\/#\/schema\/logo\/image\/"},"sameAs":["https:\/\/facebook.com\/vila.verdeemflor.pt","https:\/\/www.instagram.com\/vilaverdeemflor\/"]}]}},"_links":{"self":[{"href":"https:\/\/vilaverdeemflor.com\/en\/wp-json\/wp\/v2\/pages\/671","targetHints":{"allow":["GET"]}}],"collection":[{"href":"https:\/\/vilaverdeemflor.com\/en\/wp-json\/wp\/v2\/pages"}],"about":[{"href":"https:\/\/vilaverdeemflor.com\/en\/wp-json\/wp\/v2\/types\/page"}],"author":[{"embeddable":true,"href":"https:\/\/vilaverdeemflor.com\/en\/wp-json\/wp\/v2\/users\/1"}],"replies":[{"embeddable":true,"href":"https:\/\/vilaverdeemflor.com\/en\/wp-json\/wp\/v2\/comments?post=671"}],"version-history":[{"count":18,"href":"https:\/\/vilaverdeemflor.com\/en\/wp-json\/wp\/v2\/pages\/671\/revisions"}],"predecessor-version":[{"id":5473,"href":"https:\/\/vilaverdeemflor.com\/en\/wp-json\/wp\/v2\/pages\/671\/revisions\/5473"}],"wp:attachment":[{"href":"https:\/\/vilaverdeemflor.com\/en\/wp-json\/wp\/v2\/media?parent=671"}],"curies":[{"name":"wp","href":"https:\/\/api.w.org\/{rel}","templated":true}]}}