{"id":905,"date":"2024-01-20T18:33:16","date_gmt":"2024-01-20T18:33:16","guid":{"rendered":"http:\/\/vilaverdeemflor.com\/?page_id=905"},"modified":"2025-01-09T20:26:12","modified_gmt":"2025-01-09T20:26:12","slug":"envios-e-entregas","status":"publish","type":"page","link":"https:\/\/vilaverdeemflor.com\/en\/envios-e-entregas\/","title":{"rendered":"Envios e Entregas"},"content":{"rendered":"<div data-elementor-type=\"wp-page\" data-elementor-id=\"905\" class=\"elementor elementor-905\">\n\t\t\t\t<div class=\"elementor-element elementor-element-d83fb9d e-con-full e-flex e-con e-parent\" data-id=\"d83fb9d\" data-element_type=\"container\" data-settings=\"{&quot;background_background&quot;:&quot;classic&quot;}\">\n\t\t<div class=\"elementor-element elementor-element-4360155 e-con-full e-flex e-con e-child\" data-id=\"4360155\" data-element_type=\"container\">\n\t\t<div class=\"elementor-element elementor-element-78f592e e-con-full e-flex e-con e-child\" data-id=\"78f592e\" data-element_type=\"container\">\n\t\t\t\t<div class=\"elementor-element elementor-element-9dd88bd elementor-hidden-mobile elementor-widget elementor-widget-image\" data-id=\"9dd88bd\" data-element_type=\"widget\" data-widget_type=\"image.default\">\n\t\t\t\t<div class=\"elementor-widget-container\">\n\t\t\t\t\t\t\t\t\t\t\t\t\t\t\t<img decoding=\"async\" width=\"134\" height=\"134\" src=\"https:\/\/vilaverdeemflor.com\/wp-content\/uploads\/2025\/01\/Asset-6-1.webp\" class=\"attachment-full size-full wp-image-4750\" alt=\"\" srcset=\"https:\/\/vilaverdeemflor.com\/wp-content\/uploads\/2025\/01\/Asset-6-1.webp 134w, https:\/\/vilaverdeemflor.com\/wp-content\/uploads\/2025\/01\/Asset-6-1-100x100.webp 100w\" sizes=\"(max-width: 134px) 100vw, 134px\" \/>\t\t\t\t\t\t\t\t\t\t\t\t\t\t\t<\/div>\n\t\t\t\t<\/div>\n\t\t\t\t<div class=\"elementor-element elementor-element-3799442 elementor-widget elementor-widget-heading\" data-id=\"3799442\" data-element_type=\"widget\" data-widget_type=\"heading.default\">\n\t\t\t\t<div class=\"elementor-widget-container\">\n\t\t\t\t\t<h2 class=\"elementor-heading-title elementor-size-default\">envios e entregas<\/h2>\t\t\t\t<\/div>\n\t\t\t\t<\/div>\n\t\t\t\t<div class=\"elementor-element elementor-element-27c7248 elementor-widget elementor-widget-text-editor\" data-id=\"27c7248\" data-element_type=\"widget\" data-widget_type=\"text-editor.default\">\n\t\t\t\t<div class=\"elementor-widget-container\">\n\t\t\t\t\t\t\t\t\tComo sei que a minha encomenda foi processada?\n\t\t\t\t\t\t\t\t<\/div>\n\t\t\t\t<\/div>\n\t\t\t\t<div class=\"elementor-element elementor-element-2ced9dc elementor-widget elementor-widget-text-editor\" data-id=\"2ced9dc\" data-element_type=\"widget\" data-widget_type=\"text-editor.default\">\n\t\t\t\t<div class=\"elementor-widget-container\">\n\t\t\t\t\t\t\t\t\tPara saber o estado da sua encomenda, envie-nos um email para vilaverdeflor@gmail.com\n\t\t\t\t\t\t\t\t<\/div>\n\t\t\t\t<\/div>\n\t\t\t\t<div class=\"elementor-element elementor-element-c909d96 elementor-widget elementor-widget-text-editor\" data-id=\"c909d96\" data-element_type=\"widget\" data-widget_type=\"text-editor.default\">\n\t\t\t\t<div class=\"elementor-widget-container\">\n\t\t\t\t\t\t\t\t\t<p>Quando chega a minha encomenda?<\/p>\t\t\t\t\t\t\t\t<\/div>\n\t\t\t\t<\/div>\n\t\t\t\t<div class=\"elementor-element elementor-element-ae2c8b9 elementor-widget elementor-widget-text-editor\" data-id=\"ae2c8b9\" data-element_type=\"widget\" data-widget_type=\"text-editor.default\">\n\t\t\t\t<div class=\"elementor-widget-container\">\n\t\t\t\t\t\t\t\t\t<p><span style=\"font-weight: 400;\">Entrega no pr\u00f3prio dia distrito de Braga.<\/span><\/p><p><span style=\"font-weight: 400;\">As encomendas para o distrito de Braga ap\u00f3s serem processadas e pagas come\u00e7am a ser preparadas para ser entregas na data selecionada por si\u00a0<\/span><\/p>\t\t\t\t\t\t\t\t<\/div>\n\t\t\t\t<\/div>\n\t\t\t\t<div class=\"elementor-element elementor-element-340d539 elementor-widget elementor-widget-text-editor\" data-id=\"340d539\" data-element_type=\"widget\" data-widget_type=\"text-editor.default\">\n\t\t\t\t<div class=\"elementor-widget-container\">\n\t\t\t\t\t\t\t\t\t<p><strong>Entregas em outros distritos<\/strong><\/p>\t\t\t\t\t\t\t\t<\/div>\n\t\t\t\t<\/div>\n\t\t\t\t<div class=\"elementor-element elementor-element-b93442f elementor-widget elementor-widget-text-editor\" data-id=\"b93442f\" data-element_type=\"widget\" data-widget_type=\"text-editor.default\">\n\t\t\t\t<div class=\"elementor-widget-container\">\n\t\t\t\t\t\t\t\t\tSe fizer o seu pedido num dia \u00fatil at\u00e9 \u00e0s 14:00, a sua encomenda chegar\u00e1 no dia seguinte a qualquer ponto de Portugal continental entre as 8:00 e as 19:00.\n\t\t\t\t\t\t\t\t<\/div>\n\t\t\t\t<\/div>\n\t\t\t\t<div class=\"elementor-element elementor-element-33269d0 elementor-widget elementor-widget-text-editor\" data-id=\"33269d0\" data-element_type=\"widget\" data-widget_type=\"text-editor.default\">\n\t\t\t\t<div class=\"elementor-widget-container\">\n\t\t\t\t\t\t\t\t\t<p>* Podem acontecer atrasos por parte da transportadora, sobretudo em datas especiais, ao qual n\u00f3s somos alheios.<\/p>\t\t\t\t\t\t\t\t<\/div>\n\t\t\t\t<\/div>\n\t\t\t\t<div class=\"elementor-element elementor-element-7287b0d elementor-widget elementor-widget-text-editor\" data-id=\"7287b0d\" data-element_type=\"widget\" data-widget_type=\"text-editor.default\">\n\t\t\t\t<div class=\"elementor-widget-container\">\n\t\t\t\t\t\t\t\t\t<p><strong>Entregas no fim-de-semana<\/strong><\/p>\t\t\t\t\t\t\t\t<\/div>\n\t\t\t\t<\/div>\n\t\t\t\t<div class=\"elementor-element elementor-element-5db2085 elementor-widget elementor-widget-text-editor\" data-id=\"5db2085\" data-element_type=\"widget\" data-widget_type=\"text-editor.default\">\n\t\t\t\t<div class=\"elementor-widget-container\">\n\t\t\t\t\t\t\t\t\t<p><strong>S\u00e1bado de manh\u00e3<\/strong><br \/><span style=\"text-decoration: underline;\">No distrito de Braga:<\/span> gratuito<\/p><p><span style=\"text-decoration: underline;\">Distritos fora de Braga:<\/span> Pode optar por receber o seu ramo nas manh\u00e3s de s\u00e1bado, entre as 8:00 e as 14:00, com um custo extra de 3.80\u20ac<br \/>e Braga gratuito.<\/p>\t\t\t\t\t\t\t\t<\/div>\n\t\t\t\t<\/div>\n\t\t\t\t<div class=\"elementor-element elementor-element-5ecdad0 elementor-widget elementor-widget-text-editor\" data-id=\"5ecdad0\" data-element_type=\"widget\" data-widget_type=\"text-editor.default\">\n\t\t\t\t<div class=\"elementor-widget-container\">\n\t\t\t\t\t\t\t\t\t<p><strong>Domingo<\/strong><\/p>\t\t\t\t\t\t\t\t<\/div>\n\t\t\t\t<\/div>\n\t\t\t\t<div class=\"elementor-element elementor-element-b784f44 elementor-widget elementor-widget-text-editor\" data-id=\"b784f44\" data-element_type=\"widget\" data-widget_type=\"text-editor.default\">\n\t\t\t\t<div class=\"elementor-widget-container\">\n\t\t\t\t\t\t\t\t\tApenas dispon\u00edvel para o distrito de braga\t\t\t\t\t\t\t\t<\/div>\n\t\t\t\t<\/div>\n\t\t\t\t<\/div>\n\t\t\t\t<\/div>\n\t\t\t\t<\/div>\n\t\t\t\t<\/div>","protected":false},"excerpt":{"rendered":"<p>envios e entregas Como sei que a minha encomenda foi processada? Para saber o estado da sua encomenda, envie-nos um email para vilaverdeflor@gmail.com Quando chega a minha encomenda? Entrega no pr\u00f3prio dia distrito de Braga. As encomendas para o distrito de Braga ap\u00f3s serem processadas e pagas come\u00e7am a ser preparadas para ser entregas na [&hellip;]<\/p>","protected":false},"author":1,"featured_media":0,"parent":0,"menu_order":0,"comment_status":"closed","ping_status":"closed","template":"","meta":{"_themeisle_gutenberg_block_has_review":false,"footnotes":""},"class_list":["post-905","page","type-page","status-publish","hentry"],"yoast_head":"<!-- This site is optimized with the Yoast SEO plugin v25.0 - https:\/\/yoast.com\/wordpress\/plugins\/seo\/ -->\n<title>Envios e Entregas - Vila Verde em Flor<\/title>\n<meta name=\"robots\" content=\"index, follow, max-snippet:-1, max-image-preview:large, max-video-preview:-1\" \/>\n<link rel=\"canonical\" href=\"https:\/\/vilaverdeemflor.com\/en\/envios-e-entregas\/\" \/>\n<meta property=\"og:locale\" content=\"en_GB\" \/>\n<meta property=\"og:type\" content=\"article\" \/>\n<meta property=\"og:title\" content=\"Envios e Entregas - Vila Verde em Flor\" \/>\n<meta property=\"og:description\" content=\"envios e entregas Como sei que a minha encomenda foi processada? Para saber o estado da sua encomenda, envie-nos um email para vilaverdeflor@gmail.com Quando chega a minha encomenda? Entrega no pr\u00f3prio dia distrito de Braga. As encomendas para o distrito de Braga ap\u00f3s serem processadas e pagas come\u00e7am a ser preparadas para ser entregas na [&hellip;]\" \/>\n<meta property=\"og:url\" content=\"https:\/\/vilaverdeemflor.com\/en\/envios-e-entregas\/\" \/>\n<meta property=\"og:site_name\" content=\"Vila Verde em Flor\" \/>\n<meta property=\"article:publisher\" content=\"https:\/\/facebook.com\/vila.verdeemflor.pt\" \/>\n<meta property=\"article:modified_time\" content=\"2025-01-09T20:26:12+00:00\" \/>\n<meta property=\"og:image\" content=\"https:\/\/vilaverdeemflor.com\/wp-content\/uploads\/2025\/01\/Asset-6-1.webp\" \/>\n\t<meta property=\"og:image:width\" content=\"134\" \/>\n\t<meta property=\"og:image:height\" content=\"134\" \/>\n\t<meta property=\"og:image:type\" content=\"image\/webp\" \/>\n<meta name=\"twitter:card\" content=\"summary_large_image\" \/>\n<meta name=\"twitter:label1\" content=\"Estimated reading time\" \/>\n\t<meta name=\"twitter:data1\" content=\"1 minute\" \/>\n<script type=\"application\/ld+json\" class=\"yoast-schema-graph\">{\"@context\":\"https:\/\/schema.org\",\"@graph\":[{\"@type\":\"WebPage\",\"@id\":\"https:\/\/vilaverdeemflor.com\/envios-e-entregas\/\",\"url\":\"https:\/\/vilaverdeemflor.com\/envios-e-entregas\/\",\"name\":\"Envios e Entregas - Vila Verde em Flor\",\"isPartOf\":{\"@id\":\"https:\/\/vilaverdeemflor.com\/#website\"},\"primaryImageOfPage\":{\"@id\":\"https:\/\/vilaverdeemflor.com\/envios-e-entregas\/#primaryimage\"},\"image\":{\"@id\":\"https:\/\/vilaverdeemflor.com\/envios-e-entregas\/#primaryimage\"},\"thumbnailUrl\":\"https:\/\/vilaverdeemflor.com\/wp-content\/uploads\/2025\/01\/Asset-6-1.webp\",\"datePublished\":\"2024-01-20T18:33:16+00:00\",\"dateModified\":\"2025-01-09T20:26:12+00:00\",\"breadcrumb\":{\"@id\":\"https:\/\/vilaverdeemflor.com\/envios-e-entregas\/#breadcrumb\"},\"inLanguage\":\"en-GB\",\"potentialAction\":[{\"@type\":\"ReadAction\",\"target\":[\"https:\/\/vilaverdeemflor.com\/envios-e-entregas\/\"]}]},{\"@type\":\"ImageObject\",\"inLanguage\":\"en-GB\",\"@id\":\"https:\/\/vilaverdeemflor.com\/envios-e-entregas\/#primaryimage\",\"url\":\"https:\/\/vilaverdeemflor.com\/wp-content\/uploads\/2025\/01\/Asset-6-1.webp\",\"contentUrl\":\"https:\/\/vilaverdeemflor.com\/wp-content\/uploads\/2025\/01\/Asset-6-1.webp\"},{\"@type\":\"BreadcrumbList\",\"@id\":\"https:\/\/vilaverdeemflor.com\/envios-e-entregas\/#breadcrumb\",\"itemListElement\":[{\"@type\":\"ListItem\",\"position\":1,\"name\":\"In\u00edcio\",\"item\":\"https:\/\/vilaverdeemflor.com\/\"},{\"@type\":\"ListItem\",\"position\":2,\"name\":\"Envios e Entregas\"}]},{\"@type\":\"WebSite\",\"@id\":\"https:\/\/vilaverdeemflor.com\/#website\",\"url\":\"https:\/\/vilaverdeemflor.com\/\",\"name\":\"Vila Verde em Flor\",\"description\":\"ORGANIZA\u00c7\u00c3O DE EVENTOS FLORISTA\",\"publisher\":{\"@id\":\"https:\/\/vilaverdeemflor.com\/#organization\"},\"potentialAction\":[{\"@type\":\"SearchAction\",\"target\":{\"@type\":\"EntryPoint\",\"urlTemplate\":\"https:\/\/vilaverdeemflor.com\/?s={search_term_string}\"},\"query-input\":{\"@type\":\"PropertyValueSpecification\",\"valueRequired\":true,\"valueName\":\"search_term_string\"}}],\"inLanguage\":\"en-GB\"},{\"@type\":\"Organization\",\"@id\":\"https:\/\/vilaverdeemflor.com\/#organization\",\"name\":\"Vila Verde em Flor\",\"url\":\"https:\/\/vilaverdeemflor.com\/\",\"logo\":{\"@type\":\"ImageObject\",\"inLanguage\":\"en-GB\",\"@id\":\"https:\/\/vilaverdeemflor.com\/#\/schema\/logo\/image\/\",\"url\":\"https:\/\/vilaverdeemflor.com\/wp-content\/uploads\/2025\/01\/Untitled-1.webp\",\"contentUrl\":\"https:\/\/vilaverdeemflor.com\/wp-content\/uploads\/2025\/01\/Untitled-1.webp\",\"width\":329,\"height\":44,\"caption\":\"Vila Verde em Flor\"},\"image\":{\"@id\":\"https:\/\/vilaverdeemflor.com\/#\/schema\/logo\/image\/\"},\"sameAs\":[\"https:\/\/facebook.com\/vila.verdeemflor.pt\",\"https:\/\/www.instagram.com\/vilaverdeemflor\/\"]}]}<\/script>\n<!-- \/ Yoast SEO plugin. -->","yoast_head_json":{"title":"Envios e Entregas - Vila Verde em Flor","robots":{"index":"index","follow":"follow","max-snippet":"max-snippet:-1","max-image-preview":"max-image-preview:large","max-video-preview":"max-video-preview:-1"},"canonical":"https:\/\/vilaverdeemflor.com\/en\/envios-e-entregas\/","og_locale":"en_GB","og_type":"article","og_title":"Envios e Entregas - Vila Verde em Flor","og_description":"envios e entregas Como sei que a minha encomenda foi processada? Para saber o estado da sua encomenda, envie-nos um email para vilaverdeflor@gmail.com Quando chega a minha encomenda? Entrega no pr\u00f3prio dia distrito de Braga. As encomendas para o distrito de Braga ap\u00f3s serem processadas e pagas come\u00e7am a ser preparadas para ser entregas na [&hellip;]","og_url":"https:\/\/vilaverdeemflor.com\/en\/envios-e-entregas\/","og_site_name":"Vila Verde em Flor","article_publisher":"https:\/\/facebook.com\/vila.verdeemflor.pt","article_modified_time":"2025-01-09T20:26:12+00:00","og_image":[{"width":134,"height":134,"url":"https:\/\/vilaverdeemflor.com\/wp-content\/uploads\/2025\/01\/Asset-6-1.webp","type":"image\/webp"}],"twitter_card":"summary_large_image","twitter_misc":{"Estimated reading time":"1 minute"},"schema":{"@context":"https:\/\/schema.org","@graph":[{"@type":"WebPage","@id":"https:\/\/vilaverdeemflor.com\/envios-e-entregas\/","url":"https:\/\/vilaverdeemflor.com\/envios-e-entregas\/","name":"Envios e Entregas - Vila Verde em Flor","isPartOf":{"@id":"https:\/\/vilaverdeemflor.com\/#website"},"primaryImageOfPage":{"@id":"https:\/\/vilaverdeemflor.com\/envios-e-entregas\/#primaryimage"},"image":{"@id":"https:\/\/vilaverdeemflor.com\/envios-e-entregas\/#primaryimage"},"thumbnailUrl":"https:\/\/vilaverdeemflor.com\/wp-content\/uploads\/2025\/01\/Asset-6-1.webp","datePublished":"2024-01-20T18:33:16+00:00","dateModified":"2025-01-09T20:26:12+00:00","breadcrumb":{"@id":"https:\/\/vilaverdeemflor.com\/envios-e-entregas\/#breadcrumb"},"inLanguage":"en-GB","potentialAction":[{"@type":"ReadAction","target":["https:\/\/vilaverdeemflor.com\/envios-e-entregas\/"]}]},{"@type":"ImageObject","inLanguage":"en-GB","@id":"https:\/\/vilaverdeemflor.com\/envios-e-entregas\/#primaryimage","url":"https:\/\/vilaverdeemflor.com\/wp-content\/uploads\/2025\/01\/Asset-6-1.webp","contentUrl":"https:\/\/vilaverdeemflor.com\/wp-content\/uploads\/2025\/01\/Asset-6-1.webp"},{"@type":"BreadcrumbList","@id":"https:\/\/vilaverdeemflor.com\/envios-e-entregas\/#breadcrumb","itemListElement":[{"@type":"ListItem","position":1,"name":"In\u00edcio","item":"https:\/\/vilaverdeemflor.com\/"},{"@type":"ListItem","position":2,"name":"Envios e Entregas"}]},{"@type":"WebSite","@id":"https:\/\/vilaverdeemflor.com\/#website","url":"https:\/\/vilaverdeemflor.com\/","name":"Green village in Bloom","description":"ORGANIZA\u00c7\u00c3O DE EVENTOS FLORISTA","publisher":{"@id":"https:\/\/vilaverdeemflor.com\/#organization"},"potentialAction":[{"@type":"SearchAction","target":{"@type":"EntryPoint","urlTemplate":"https:\/\/vilaverdeemflor.com\/?s={search_term_string}"},"query-input":{"@type":"PropertyValueSpecification","valueRequired":true,"valueName":"search_term_string"}}],"inLanguage":"en-GB"},{"@type":"Organization","@id":"https:\/\/vilaverdeemflor.com\/#organization","name":"Green village in Bloom","url":"https:\/\/vilaverdeemflor.com\/","logo":{"@type":"ImageObject","inLanguage":"en-GB","@id":"https:\/\/vilaverdeemflor.com\/#\/schema\/logo\/image\/","url":"https:\/\/vilaverdeemflor.com\/wp-content\/uploads\/2025\/01\/Untitled-1.webp","contentUrl":"https:\/\/vilaverdeemflor.com\/wp-content\/uploads\/2025\/01\/Untitled-1.webp","width":329,"height":44,"caption":"Vila Verde em Flor"},"image":{"@id":"https:\/\/vilaverdeemflor.com\/#\/schema\/logo\/image\/"},"sameAs":["https:\/\/facebook.com\/vila.verdeemflor.pt","https:\/\/www.instagram.com\/vilaverdeemflor\/"]}]}},"_links":{"self":[{"href":"https:\/\/vilaverdeemflor.com\/en\/wp-json\/wp\/v2\/pages\/905","targetHints":{"allow":["GET"]}}],"collection":[{"href":"https:\/\/vilaverdeemflor.com\/en\/wp-json\/wp\/v2\/pages"}],"about":[{"href":"https:\/\/vilaverdeemflor.com\/en\/wp-json\/wp\/v2\/types\/page"}],"author":[{"embeddable":true,"href":"https:\/\/vilaverdeemflor.com\/en\/wp-json\/wp\/v2\/users\/1"}],"replies":[{"embeddable":true,"href":"https:\/\/vilaverdeemflor.com\/en\/wp-json\/wp\/v2\/comments?post=905"}],"version-history":[{"count":6,"href":"https:\/\/vilaverdeemflor.com\/en\/wp-json\/wp\/v2\/pages\/905\/revisions"}],"predecessor-version":[{"id":5016,"href":"https:\/\/vilaverdeemflor.com\/en\/wp-json\/wp\/v2\/pages\/905\/revisions\/5016"}],"wp:attachment":[{"href":"https:\/\/vilaverdeemflor.com\/en\/wp-json\/wp\/v2\/media?parent=905"}],"curies":[{"name":"wp","href":"https:\/\/api.w.org\/{rel}","templated":true}]}}