{"id":5808,"date":"2025-01-29T02:22:05","date_gmt":"2025-01-29T02:22:05","guid":{"rendered":"https:\/\/vilaverdeemflor.com\/?post_type=product&#038;p=5808"},"modified":"2026-01-08T11:00:40","modified_gmt":"2026-01-08T11:00:40","slug":"ramo-e-peluche","status":"publish","type":"product","link":"https:\/\/vilaverdeemflor.com\/en\/product\/ramo-e-peluche\/","title":{"rendered":"Ramo e Peluche"},"content":{"rendered":"<p>ramo de 3 rosas e PELUCHE de 35cm<\/p>\n<p>Entregas gratuitas em Braga<\/p>\n<p>Realizamos entregas por <u>transportadora em todo o pa\u00eds<\/u> , para isto \u00e9 necess\u00e1rio que a encomenda seja realizada at\u00e9 as 14h do dia anterior.<u><\/u><\/p>\n<p>Ap\u00f3s a realiza\u00e7\u00e3o da sua encomenda via loja online ser\u00e1 contactado pela nossa empresa! Por favor deixe o seu contacto correcto ao realizar a encomenda.<\/p>\n<p>23% tax included<\/p>","protected":false},"excerpt":{"rendered":"<p>ramo de 3 rosas e PELUCHE de 35cm Entregas gratuitas em Braga Realizamos entregas por transportadora em todo o pa\u00eds , para isto \u00e9 necess\u00e1rio que a encomenda seja realizada at\u00e9 as 14h do dia anterior. Ap\u00f3s a realiza\u00e7\u00e3o da sua encomenda via loja online ser\u00e1 contactado pela nossa empresa! Por favor deixe o seu [&hellip;]<\/p>","protected":false},"featured_media":5853,"comment_status":"open","ping_status":"closed","template":"","meta":{"_themeisle_gutenberg_block_has_review":false},"product_brand":[],"product_cat":[135,79],"product_tag":[],"class_list":{"0":"post-5808","1":"product","2":"type-product","3":"status-publish","4":"has-post-thumbnail","6":"product_cat-namorados","7":"product_cat-ramos","9":"first","10":"instock","11":"taxable","12":"shipping-taxable","13":"purchasable","14":"product-type-simple"},"yoast_head":"<!-- This site is optimized with the Yoast SEO plugin v25.0 - https:\/\/yoast.com\/wordpress\/plugins\/seo\/ -->\n<title>Ramo Alto Entrega domic\u00edlio Florista Braga Norte<\/title>\n<meta name=\"description\" content=\"Ramo de 7 rosas e 2 ant\u00farios Realizamos entregas ao domic\u00edlio dist\u00e2ncia at\u00e9 3 km gratuita de 5-10km - 7,50\u20ac 10-20km- 10\u20ac &gt;20km combinado via e-mail Entrega domic\u00edlio Florista Braga Norte\" \/>\n<meta name=\"robots\" content=\"index, follow, max-snippet:-1, max-image-preview:large, max-video-preview:-1\" \/>\n<link rel=\"canonical\" href=\"https:\/\/vilaverdeemflor.com\/en\/product\/ramo-e-peluche\/\" \/>\n<meta property=\"og:locale\" content=\"en_GB\" \/>\n<meta property=\"og:type\" content=\"article\" \/>\n<meta property=\"og:title\" content=\"Ramo Alto Entrega domic\u00edlio Florista Braga Norte\" \/>\n<meta property=\"og:description\" content=\"Ramo de 7 rosas e 2 ant\u00farios Realizamos entregas ao domic\u00edlio dist\u00e2ncia at\u00e9 3 km gratuita de 5-10km - 7,50\u20ac 10-20km- 10\u20ac &gt;20km combinado via e-mail Entrega domic\u00edlio Florista Braga Norte\" \/>\n<meta property=\"og:url\" content=\"https:\/\/vilaverdeemflor.com\/en\/product\/ramo-e-peluche\/\" \/>\n<meta property=\"og:site_name\" content=\"Vila Verde em Flor\" \/>\n<meta property=\"article:publisher\" content=\"https:\/\/facebook.com\/vila.verdeemflor.pt\" \/>\n<meta property=\"article:modified_time\" content=\"2026-01-08T11:00:40+00:00\" \/>\n<meta property=\"og:image\" content=\"https:\/\/vilaverdeemflor.com\/wp-content\/uploads\/2025\/01\/products-4065766899-scaled-1.jpg\" \/>\n\t<meta property=\"og:image:width\" content=\"1920\" \/>\n\t<meta property=\"og:image:height\" content=\"2560\" \/>\n\t<meta property=\"og:image:type\" content=\"image\/jpeg\" \/>\n<meta name=\"twitter:card\" content=\"summary_large_image\" \/>\n<script type=\"application\/ld+json\" class=\"yoast-schema-graph\">{\"@context\":\"https:\/\/schema.org\",\"@graph\":[{\"@type\":\"WebPage\",\"@id\":\"https:\/\/vilaverdeemflor.com\/produto\/ramo-e-peluche\/\",\"url\":\"https:\/\/vilaverdeemflor.com\/produto\/ramo-e-peluche\/\",\"name\":\"Ramo Alto Entrega domic\u00edlio Florista Braga Norte\",\"isPartOf\":{\"@id\":\"https:\/\/vilaverdeemflor.com\/#website\"},\"primaryImageOfPage\":{\"@id\":\"https:\/\/vilaverdeemflor.com\/produto\/ramo-e-peluche\/#primaryimage\"},\"image\":{\"@id\":\"https:\/\/vilaverdeemflor.com\/produto\/ramo-e-peluche\/#primaryimage\"},\"thumbnailUrl\":\"https:\/\/vilaverdeemflor.com\/wp-content\/uploads\/2025\/01\/products-4065766899-scaled-1.jpg\",\"datePublished\":\"2025-01-29T02:22:05+00:00\",\"dateModified\":\"2026-01-08T11:00:40+00:00\",\"description\":\"Ramo de 7 rosas e 2 ant\u00farios Realizamos entregas ao domic\u00edlio dist\u00e2ncia at\u00e9 3 km gratuita de 5-10km - 7,50\u20ac 10-20km- 10\u20ac &gt;20km combinado via e-mail Entrega domic\u00edlio Florista Braga Norte\",\"breadcrumb\":{\"@id\":\"https:\/\/vilaverdeemflor.com\/produto\/ramo-e-peluche\/#breadcrumb\"},\"inLanguage\":\"en-GB\",\"potentialAction\":[{\"@type\":\"ReadAction\",\"target\":[\"https:\/\/vilaverdeemflor.com\/produto\/ramo-e-peluche\/\"]}]},{\"@type\":\"ImageObject\",\"inLanguage\":\"en-GB\",\"@id\":\"https:\/\/vilaverdeemflor.com\/produto\/ramo-e-peluche\/#primaryimage\",\"url\":\"https:\/\/vilaverdeemflor.com\/wp-content\/uploads\/2025\/01\/products-4065766899-scaled-1.jpg\",\"contentUrl\":\"https:\/\/vilaverdeemflor.com\/wp-content\/uploads\/2025\/01\/products-4065766899-scaled-1.jpg\",\"width\":1920,\"height\":2560},{\"@type\":\"BreadcrumbList\",\"@id\":\"https:\/\/vilaverdeemflor.com\/produto\/ramo-e-peluche\/#breadcrumb\",\"itemListElement\":[{\"@type\":\"ListItem\",\"position\":1,\"name\":\"In\u00edcio\",\"item\":\"https:\/\/vilaverdeemflor.com\/\"},{\"@type\":\"ListItem\",\"position\":2,\"name\":\"Loja\",\"item\":\"https:\/\/vilaverdeemflor.com\/loja\/\"},{\"@type\":\"ListItem\",\"position\":3,\"name\":\"Ramo e Peluche\"}]},{\"@type\":\"WebSite\",\"@id\":\"https:\/\/vilaverdeemflor.com\/#website\",\"url\":\"https:\/\/vilaverdeemflor.com\/\",\"name\":\"Vila Verde em Flor\",\"description\":\"ORGANIZA\u00c7\u00c3O DE EVENTOS FLORISTA\",\"publisher\":{\"@id\":\"https:\/\/vilaverdeemflor.com\/#organization\"},\"potentialAction\":[{\"@type\":\"SearchAction\",\"target\":{\"@type\":\"EntryPoint\",\"urlTemplate\":\"https:\/\/vilaverdeemflor.com\/?s={search_term_string}\"},\"query-input\":{\"@type\":\"PropertyValueSpecification\",\"valueRequired\":true,\"valueName\":\"search_term_string\"}}],\"inLanguage\":\"en-GB\"},{\"@type\":\"Organization\",\"@id\":\"https:\/\/vilaverdeemflor.com\/#organization\",\"name\":\"Vila Verde em Flor\",\"url\":\"https:\/\/vilaverdeemflor.com\/\",\"logo\":{\"@type\":\"ImageObject\",\"inLanguage\":\"en-GB\",\"@id\":\"https:\/\/vilaverdeemflor.com\/#\/schema\/logo\/image\/\",\"url\":\"https:\/\/vilaverdeemflor.com\/wp-content\/uploads\/2025\/01\/Untitled-1.webp\",\"contentUrl\":\"https:\/\/vilaverdeemflor.com\/wp-content\/uploads\/2025\/01\/Untitled-1.webp\",\"width\":329,\"height\":44,\"caption\":\"Vila Verde em Flor\"},\"image\":{\"@id\":\"https:\/\/vilaverdeemflor.com\/#\/schema\/logo\/image\/\"},\"sameAs\":[\"https:\/\/facebook.com\/vila.verdeemflor.pt\",\"https:\/\/www.instagram.com\/vilaverdeemflor\/\"]}]}<\/script>\n<!-- \/ Yoast SEO plugin. -->","yoast_head_json":{"title":"Ramo Alto Entrega domic\u00edlio Florista Braga Norte","description":"Ramo de 7 rosas e 2 ant\u00farios Realizamos entregas ao domic\u00edlio dist\u00e2ncia at\u00e9 3 km gratuita de 5-10km - 7,50\u20ac 10-20km- 10\u20ac &gt;20km combinado via e-mail Entrega domic\u00edlio Florista Braga Norte","robots":{"index":"index","follow":"follow","max-snippet":"max-snippet:-1","max-image-preview":"max-image-preview:large","max-video-preview":"max-video-preview:-1"},"canonical":"https:\/\/vilaverdeemflor.com\/en\/product\/ramo-e-peluche\/","og_locale":"en_GB","og_type":"article","og_title":"Ramo Alto Entrega domic\u00edlio Florista Braga Norte","og_description":"Ramo de 7 rosas e 2 ant\u00farios Realizamos entregas ao domic\u00edlio dist\u00e2ncia at\u00e9 3 km gratuita de 5-10km - 7,50\u20ac 10-20km- 10\u20ac &gt;20km combinado via e-mail Entrega domic\u00edlio Florista Braga Norte","og_url":"https:\/\/vilaverdeemflor.com\/en\/product\/ramo-e-peluche\/","og_site_name":"Vila Verde em Flor","article_publisher":"https:\/\/facebook.com\/vila.verdeemflor.pt","article_modified_time":"2026-01-08T11:00:40+00:00","og_image":[{"width":1920,"height":2560,"url":"https:\/\/vilaverdeemflor.com\/wp-content\/uploads\/2025\/01\/products-4065766899-scaled-1.jpg","type":"image\/jpeg"}],"twitter_card":"summary_large_image","schema":{"@context":"https:\/\/schema.org","@graph":[{"@type":"WebPage","@id":"https:\/\/vilaverdeemflor.com\/produto\/ramo-e-peluche\/","url":"https:\/\/vilaverdeemflor.com\/produto\/ramo-e-peluche\/","name":"Ramo Alto Entrega domic\u00edlio Florista Braga Norte","isPartOf":{"@id":"https:\/\/vilaverdeemflor.com\/#website"},"primaryImageOfPage":{"@id":"https:\/\/vilaverdeemflor.com\/produto\/ramo-e-peluche\/#primaryimage"},"image":{"@id":"https:\/\/vilaverdeemflor.com\/produto\/ramo-e-peluche\/#primaryimage"},"thumbnailUrl":"https:\/\/vilaverdeemflor.com\/wp-content\/uploads\/2025\/01\/products-4065766899-scaled-1.jpg","datePublished":"2025-01-29T02:22:05+00:00","dateModified":"2026-01-08T11:00:40+00:00","description":"Ramo de 7 rosas e 2 ant\u00farios Realizamos entregas ao domic\u00edlio dist\u00e2ncia at\u00e9 3 km gratuita de 5-10km - 7,50\u20ac 10-20km- 10\u20ac &gt;20km combinado via e-mail Entrega domic\u00edlio Florista Braga Norte","breadcrumb":{"@id":"https:\/\/vilaverdeemflor.com\/produto\/ramo-e-peluche\/#breadcrumb"},"inLanguage":"en-GB","potentialAction":[{"@type":"ReadAction","target":["https:\/\/vilaverdeemflor.com\/produto\/ramo-e-peluche\/"]}]},{"@type":"ImageObject","inLanguage":"en-GB","@id":"https:\/\/vilaverdeemflor.com\/produto\/ramo-e-peluche\/#primaryimage","url":"https:\/\/vilaverdeemflor.com\/wp-content\/uploads\/2025\/01\/products-4065766899-scaled-1.jpg","contentUrl":"https:\/\/vilaverdeemflor.com\/wp-content\/uploads\/2025\/01\/products-4065766899-scaled-1.jpg","width":1920,"height":2560},{"@type":"BreadcrumbList","@id":"https:\/\/vilaverdeemflor.com\/produto\/ramo-e-peluche\/#breadcrumb","itemListElement":[{"@type":"ListItem","position":1,"name":"In\u00edcio","item":"https:\/\/vilaverdeemflor.com\/"},{"@type":"ListItem","position":2,"name":"Loja","item":"https:\/\/vilaverdeemflor.com\/loja\/"},{"@type":"ListItem","position":3,"name":"Ramo e Peluche"}]},{"@type":"WebSite","@id":"https:\/\/vilaverdeemflor.com\/#website","url":"https:\/\/vilaverdeemflor.com\/","name":"Green village in Bloom","description":"ORGANIZA\u00c7\u00c3O DE EVENTOS FLORISTA","publisher":{"@id":"https:\/\/vilaverdeemflor.com\/#organization"},"potentialAction":[{"@type":"SearchAction","target":{"@type":"EntryPoint","urlTemplate":"https:\/\/vilaverdeemflor.com\/?s={search_term_string}"},"query-input":{"@type":"PropertyValueSpecification","valueRequired":true,"valueName":"search_term_string"}}],"inLanguage":"en-GB"},{"@type":"Organization","@id":"https:\/\/vilaverdeemflor.com\/#organization","name":"Green village in Bloom","url":"https:\/\/vilaverdeemflor.com\/","logo":{"@type":"ImageObject","inLanguage":"en-GB","@id":"https:\/\/vilaverdeemflor.com\/#\/schema\/logo\/image\/","url":"https:\/\/vilaverdeemflor.com\/wp-content\/uploads\/2025\/01\/Untitled-1.webp","contentUrl":"https:\/\/vilaverdeemflor.com\/wp-content\/uploads\/2025\/01\/Untitled-1.webp","width":329,"height":44,"caption":"Vila Verde em Flor"},"image":{"@id":"https:\/\/vilaverdeemflor.com\/#\/schema\/logo\/image\/"},"sameAs":["https:\/\/facebook.com\/vila.verdeemflor.pt","https:\/\/www.instagram.com\/vilaverdeemflor\/"]}]}},"_links":{"self":[{"href":"https:\/\/vilaverdeemflor.com\/en\/wp-json\/wp\/v2\/product\/5808","targetHints":{"allow":["GET"]}}],"collection":[{"href":"https:\/\/vilaverdeemflor.com\/en\/wp-json\/wp\/v2\/product"}],"about":[{"href":"https:\/\/vilaverdeemflor.com\/en\/wp-json\/wp\/v2\/types\/product"}],"replies":[{"embeddable":true,"href":"https:\/\/vilaverdeemflor.com\/en\/wp-json\/wp\/v2\/comments?post=5808"}],"wp:featuredmedia":[{"embeddable":true,"href":"https:\/\/vilaverdeemflor.com\/en\/wp-json\/wp\/v2\/media\/5853"}],"wp:attachment":[{"href":"https:\/\/vilaverdeemflor.com\/en\/wp-json\/wp\/v2\/media?parent=5808"}],"wp:term":[{"taxonomy":"product_brand","embeddable":true,"href":"https:\/\/vilaverdeemflor.com\/en\/wp-json\/wp\/v2\/product_brand?post=5808"},{"taxonomy":"product_cat","embeddable":true,"href":"https:\/\/vilaverdeemflor.com\/en\/wp-json\/wp\/v2\/product_cat?post=5808"},{"taxonomy":"product_tag","embeddable":true,"href":"https:\/\/vilaverdeemflor.com\/en\/wp-json\/wp\/v2\/product_tag?post=5808"}],"curies":[{"name":"wp","href":"https:\/\/api.w.org\/{rel}","templated":true}]}}