{"id":5829,"date":"2025-01-29T02:22:06","date_gmt":"2025-01-29T02:22:06","guid":{"rendered":"https:\/\/vilaverdeemflor.com\/?post_type=product&#038;p=5829"},"modified":"2025-05-06T23:06:43","modified_gmt":"2025-05-06T23:06:43","slug":"puro","status":"publish","type":"product","link":"https:\/\/vilaverdeemflor.com\/en\/product\/puro\/","title":{"rendered":"Puro"},"content":{"rendered":"<p>Ramo com rosas brancas e verdes variados<\/p>\n<p><u>Realizamos entregas ao domic\u00edlio gratuitas num raio de 10 km da nossa localiza\u00e7\u00e3o<\/u>, ap\u00f3s isto acresce portes de envio.<\/p>\n<p>Realizamos entregas por <u>transportadora em todo o pa\u00eds<\/u> , para isto \u00e9 necess\u00e1rio que a encomenda seja realizada com uma <u>anteced\u00eancia de 2 dias !<\/u><\/p>\n<p>Ap\u00f3s a realiza\u00e7\u00e3o da sua encomenda via loja online ser\u00e1 contactado pela nossa empresa! Por favor deixe o seu contacto correcto ao realizar a encomenda.<\/p>\n<p>Iva Incluido 23%<\/p>","protected":false},"excerpt":{"rendered":"<p>Ramo com rosas brancas e verdes variados Realizamos entregas ao domic\u00edlio gratuitas num raio de 10 km da nossa localiza\u00e7\u00e3o, ap\u00f3s isto acresce portes de envio. Realizamos entregas por transportadora em todo o pa\u00eds , para isto \u00e9 necess\u00e1rio que a encomenda seja realizada com uma anteced\u00eancia de 2 dias ! Ap\u00f3s a realiza\u00e7\u00e3o da [&hellip;]<\/p>","protected":false},"featured_media":5880,"comment_status":"open","ping_status":"closed","template":"","meta":{"_themeisle_gutenberg_block_has_review":false},"product_brand":[],"product_cat":[77],"product_tag":[],"class_list":{"0":"post-5829","1":"product","2":"type-product","3":"status-publish","4":"has-post-thumbnail","6":"product_cat-pesames-2","8":"first","9":"instock","10":"virtual","11":"taxable","12":"purchasable","13":"product-type-simple"},"yoast_head":"<!-- This site is optimized with the Yoast SEO plugin v25.0 - https:\/\/yoast.com\/wordpress\/plugins\/seo\/ -->\n<title>Puro<\/title>\n<meta name=\"description\" content=\"Ramo com rosas brancas e verdes variados | Funeral | Ofertas | Entregas Domicilio\" \/>\n<meta name=\"robots\" content=\"index, follow, max-snippet:-1, max-image-preview:large, max-video-preview:-1\" \/>\n<link rel=\"canonical\" href=\"https:\/\/vilaverdeemflor.com\/en\/product\/puro\/\" \/>\n<meta property=\"og:locale\" content=\"en_GB\" \/>\n<meta property=\"og:type\" content=\"article\" \/>\n<meta property=\"og:title\" content=\"Puro\" \/>\n<meta property=\"og:description\" content=\"Ramo com rosas brancas e verdes variados | Funeral | Ofertas | Entregas Domicilio\" \/>\n<meta property=\"og:url\" content=\"https:\/\/vilaverdeemflor.com\/en\/product\/puro\/\" \/>\n<meta property=\"og:site_name\" content=\"Vila Verde em Flor\" \/>\n<meta property=\"article:publisher\" content=\"https:\/\/facebook.com\/vila.verdeemflor.pt\" \/>\n<meta property=\"article:modified_time\" content=\"2025-05-06T23:06:43+00:00\" \/>\n<meta property=\"og:image\" content=\"https:\/\/vilaverdeemflor.com\/wp-content\/uploads\/2025\/01\/products-674959927-scaled-1.jpg\" \/>\n\t<meta property=\"og:image:width\" content=\"1920\" \/>\n\t<meta property=\"og:image:height\" content=\"2560\" \/>\n\t<meta property=\"og:image:type\" content=\"image\/jpeg\" \/>\n<meta name=\"twitter:card\" content=\"summary_large_image\" \/>\n<script type=\"application\/ld+json\" class=\"yoast-schema-graph\">{\"@context\":\"https:\/\/schema.org\",\"@graph\":[{\"@type\":\"WebPage\",\"@id\":\"https:\/\/vilaverdeemflor.com\/produto\/puro\/\",\"url\":\"https:\/\/vilaverdeemflor.com\/produto\/puro\/\",\"name\":\"Puro\",\"isPartOf\":{\"@id\":\"https:\/\/vilaverdeemflor.com\/#website\"},\"primaryImageOfPage\":{\"@id\":\"https:\/\/vilaverdeemflor.com\/produto\/puro\/#primaryimage\"},\"image\":{\"@id\":\"https:\/\/vilaverdeemflor.com\/produto\/puro\/#primaryimage\"},\"thumbnailUrl\":\"https:\/\/vilaverdeemflor.com\/wp-content\/uploads\/2025\/01\/products-674959927-scaled-1.jpg\",\"datePublished\":\"2025-01-29T02:22:06+00:00\",\"dateModified\":\"2025-05-06T23:06:43+00:00\",\"description\":\"Ramo com rosas brancas e verdes variados | Funeral | Ofertas | Entregas Domicilio\",\"breadcrumb\":{\"@id\":\"https:\/\/vilaverdeemflor.com\/produto\/puro\/#breadcrumb\"},\"inLanguage\":\"en-GB\",\"potentialAction\":[{\"@type\":\"ReadAction\",\"target\":[\"https:\/\/vilaverdeemflor.com\/produto\/puro\/\"]}]},{\"@type\":\"ImageObject\",\"inLanguage\":\"en-GB\",\"@id\":\"https:\/\/vilaverdeemflor.com\/produto\/puro\/#primaryimage\",\"url\":\"https:\/\/vilaverdeemflor.com\/wp-content\/uploads\/2025\/01\/products-674959927-scaled-1.jpg\",\"contentUrl\":\"https:\/\/vilaverdeemflor.com\/wp-content\/uploads\/2025\/01\/products-674959927-scaled-1.jpg\",\"width\":1920,\"height\":2560},{\"@type\":\"BreadcrumbList\",\"@id\":\"https:\/\/vilaverdeemflor.com\/produto\/puro\/#breadcrumb\",\"itemListElement\":[{\"@type\":\"ListItem\",\"position\":1,\"name\":\"In\u00edcio\",\"item\":\"https:\/\/vilaverdeemflor.com\/\"},{\"@type\":\"ListItem\",\"position\":2,\"name\":\"Loja\",\"item\":\"https:\/\/vilaverdeemflor.com\/loja\/\"},{\"@type\":\"ListItem\",\"position\":3,\"name\":\"Puro\"}]},{\"@type\":\"WebSite\",\"@id\":\"https:\/\/vilaverdeemflor.com\/#website\",\"url\":\"https:\/\/vilaverdeemflor.com\/\",\"name\":\"Vila Verde em Flor\",\"description\":\"ORGANIZA\u00c7\u00c3O DE EVENTOS FLORISTA\",\"publisher\":{\"@id\":\"https:\/\/vilaverdeemflor.com\/#organization\"},\"potentialAction\":[{\"@type\":\"SearchAction\",\"target\":{\"@type\":\"EntryPoint\",\"urlTemplate\":\"https:\/\/vilaverdeemflor.com\/?s={search_term_string}\"},\"query-input\":{\"@type\":\"PropertyValueSpecification\",\"valueRequired\":true,\"valueName\":\"search_term_string\"}}],\"inLanguage\":\"en-GB\"},{\"@type\":\"Organization\",\"@id\":\"https:\/\/vilaverdeemflor.com\/#organization\",\"name\":\"Vila Verde em Flor\",\"url\":\"https:\/\/vilaverdeemflor.com\/\",\"logo\":{\"@type\":\"ImageObject\",\"inLanguage\":\"en-GB\",\"@id\":\"https:\/\/vilaverdeemflor.com\/#\/schema\/logo\/image\/\",\"url\":\"https:\/\/vilaverdeemflor.com\/wp-content\/uploads\/2025\/01\/Untitled-1.webp\",\"contentUrl\":\"https:\/\/vilaverdeemflor.com\/wp-content\/uploads\/2025\/01\/Untitled-1.webp\",\"width\":329,\"height\":44,\"caption\":\"Vila Verde em Flor\"},\"image\":{\"@id\":\"https:\/\/vilaverdeemflor.com\/#\/schema\/logo\/image\/\"},\"sameAs\":[\"https:\/\/facebook.com\/vila.verdeemflor.pt\",\"https:\/\/www.instagram.com\/vilaverdeemflor\/\"]}]}<\/script>\n<!-- \/ Yoast SEO plugin. -->","yoast_head_json":{"title":"Puro","description":"Ramo com rosas brancas e verdes variados | Funeral | Ofertas | Entregas Domicilio","robots":{"index":"index","follow":"follow","max-snippet":"max-snippet:-1","max-image-preview":"max-image-preview:large","max-video-preview":"max-video-preview:-1"},"canonical":"https:\/\/vilaverdeemflor.com\/en\/product\/puro\/","og_locale":"en_GB","og_type":"article","og_title":"Puro","og_description":"Ramo com rosas brancas e verdes variados | Funeral | Ofertas | Entregas Domicilio","og_url":"https:\/\/vilaverdeemflor.com\/en\/product\/puro\/","og_site_name":"Vila Verde em Flor","article_publisher":"https:\/\/facebook.com\/vila.verdeemflor.pt","article_modified_time":"2025-05-06T23:06:43+00:00","og_image":[{"width":1920,"height":2560,"url":"https:\/\/vilaverdeemflor.com\/wp-content\/uploads\/2025\/01\/products-674959927-scaled-1.jpg","type":"image\/jpeg"}],"twitter_card":"summary_large_image","schema":{"@context":"https:\/\/schema.org","@graph":[{"@type":"WebPage","@id":"https:\/\/vilaverdeemflor.com\/produto\/puro\/","url":"https:\/\/vilaverdeemflor.com\/produto\/puro\/","name":"Puro","isPartOf":{"@id":"https:\/\/vilaverdeemflor.com\/#website"},"primaryImageOfPage":{"@id":"https:\/\/vilaverdeemflor.com\/produto\/puro\/#primaryimage"},"image":{"@id":"https:\/\/vilaverdeemflor.com\/produto\/puro\/#primaryimage"},"thumbnailUrl":"https:\/\/vilaverdeemflor.com\/wp-content\/uploads\/2025\/01\/products-674959927-scaled-1.jpg","datePublished":"2025-01-29T02:22:06+00:00","dateModified":"2025-05-06T23:06:43+00:00","description":"Ramo com rosas brancas e verdes variados | Funeral | Ofertas | Entregas Domicilio","breadcrumb":{"@id":"https:\/\/vilaverdeemflor.com\/produto\/puro\/#breadcrumb"},"inLanguage":"en-GB","potentialAction":[{"@type":"ReadAction","target":["https:\/\/vilaverdeemflor.com\/produto\/puro\/"]}]},{"@type":"ImageObject","inLanguage":"en-GB","@id":"https:\/\/vilaverdeemflor.com\/produto\/puro\/#primaryimage","url":"https:\/\/vilaverdeemflor.com\/wp-content\/uploads\/2025\/01\/products-674959927-scaled-1.jpg","contentUrl":"https:\/\/vilaverdeemflor.com\/wp-content\/uploads\/2025\/01\/products-674959927-scaled-1.jpg","width":1920,"height":2560},{"@type":"BreadcrumbList","@id":"https:\/\/vilaverdeemflor.com\/produto\/puro\/#breadcrumb","itemListElement":[{"@type":"ListItem","position":1,"name":"In\u00edcio","item":"https:\/\/vilaverdeemflor.com\/"},{"@type":"ListItem","position":2,"name":"Loja","item":"https:\/\/vilaverdeemflor.com\/loja\/"},{"@type":"ListItem","position":3,"name":"Puro"}]},{"@type":"WebSite","@id":"https:\/\/vilaverdeemflor.com\/#website","url":"https:\/\/vilaverdeemflor.com\/","name":"Green village in Bloom","description":"ORGANIZA\u00c7\u00c3O DE EVENTOS FLORISTA","publisher":{"@id":"https:\/\/vilaverdeemflor.com\/#organization"},"potentialAction":[{"@type":"SearchAction","target":{"@type":"EntryPoint","urlTemplate":"https:\/\/vilaverdeemflor.com\/?s={search_term_string}"},"query-input":{"@type":"PropertyValueSpecification","valueRequired":true,"valueName":"search_term_string"}}],"inLanguage":"en-GB"},{"@type":"Organization","@id":"https:\/\/vilaverdeemflor.com\/#organization","name":"Green village in Bloom","url":"https:\/\/vilaverdeemflor.com\/","logo":{"@type":"ImageObject","inLanguage":"en-GB","@id":"https:\/\/vilaverdeemflor.com\/#\/schema\/logo\/image\/","url":"https:\/\/vilaverdeemflor.com\/wp-content\/uploads\/2025\/01\/Untitled-1.webp","contentUrl":"https:\/\/vilaverdeemflor.com\/wp-content\/uploads\/2025\/01\/Untitled-1.webp","width":329,"height":44,"caption":"Vila Verde em Flor"},"image":{"@id":"https:\/\/vilaverdeemflor.com\/#\/schema\/logo\/image\/"},"sameAs":["https:\/\/facebook.com\/vila.verdeemflor.pt","https:\/\/www.instagram.com\/vilaverdeemflor\/"]}]}},"_links":{"self":[{"href":"https:\/\/vilaverdeemflor.com\/en\/wp-json\/wp\/v2\/product\/5829","targetHints":{"allow":["GET"]}}],"collection":[{"href":"https:\/\/vilaverdeemflor.com\/en\/wp-json\/wp\/v2\/product"}],"about":[{"href":"https:\/\/vilaverdeemflor.com\/en\/wp-json\/wp\/v2\/types\/product"}],"replies":[{"embeddable":true,"href":"https:\/\/vilaverdeemflor.com\/en\/wp-json\/wp\/v2\/comments?post=5829"}],"wp:featuredmedia":[{"embeddable":true,"href":"https:\/\/vilaverdeemflor.com\/en\/wp-json\/wp\/v2\/media\/5880"}],"wp:attachment":[{"href":"https:\/\/vilaverdeemflor.com\/en\/wp-json\/wp\/v2\/media?parent=5829"}],"wp:term":[{"taxonomy":"product_brand","embeddable":true,"href":"https:\/\/vilaverdeemflor.com\/en\/wp-json\/wp\/v2\/product_brand?post=5829"},{"taxonomy":"product_cat","embeddable":true,"href":"https:\/\/vilaverdeemflor.com\/en\/wp-json\/wp\/v2\/product_cat?post=5829"},{"taxonomy":"product_tag","embeddable":true,"href":"https:\/\/vilaverdeemflor.com\/en\/wp-json\/wp\/v2\/product_tag?post=5829"}],"curies":[{"name":"wp","href":"https:\/\/api.w.org\/{rel}","templated":true}]}}