{"id":5845,"date":"2025-01-29T02:22:29","date_gmt":"2025-01-29T02:22:29","guid":{"rendered":"https:\/\/vilaverdeemflor.com\/?post_type=product&#038;p=5845"},"modified":"2026-03-11T23:14:58","modified_gmt":"2026-03-11T23:14:58","slug":"orquideas","status":"publish","type":"product","link":"https:\/\/vilaverdeemflor.com\/en\/product\/orquideas\/","title":{"rendered":"Orchids"},"content":{"rendered":"<p><u style=\"background-color: initial;\">Orquideas cor sortida<\/u><\/p>\n<p><u style=\"background-color: initial;\">Realizamos entregas ao domic\u00edlio gratuitas no distrito de braga<\/u><span style=\"background-color: initial;\"> ap\u00f3s isto acresce portes de envio.<\/span><\/p>\n<p>Realizamos entregas por <u>transportadora em todo o pa\u00eds<\/u> , para isto \u00e9 necess\u00e1rio que a encomenda seja realizada com uma <u>anteced\u00eancia de 2 dias !<\/u><\/p>\n<p>Ap\u00f3s<br \/>\na realiza\u00e7\u00e3o da sua encomenda via loja online ser\u00e1 contactado pela<br \/>\nnossa empresa! Por favor deixe o seu contacto correcto ao realizar a<br \/>\nencomenda.<\/p>\n<p>Iva 23% incluido<\/p>","protected":false},"excerpt":{"rendered":"<p>Orquideas cor sortida Realizamos entregas ao domic\u00edlio gratuitas no distrito de braga ap\u00f3s isto acresce portes de envio. Realizamos entregas por transportadora em todo o pa\u00eds , para isto \u00e9 necess\u00e1rio que a encomenda seja realizada com uma anteced\u00eancia de 2 dias ! Ap\u00f3s a realiza\u00e7\u00e3o da sua encomenda via loja online ser\u00e1 contactado pela [&hellip;]<\/p>","protected":false},"featured_media":5906,"comment_status":"open","ping_status":"closed","template":"","meta":{"_themeisle_gutenberg_block_has_review":false},"product_brand":[],"product_cat":[37,136],"product_tag":[],"class_list":{"0":"post-5845","1":"product","2":"type-product","3":"status-publish","4":"has-post-thumbnail","6":"product_cat-extra","7":"product_cat-madrinhas","9":"first","10":"instock","11":"taxable","12":"shipping-taxable","13":"purchasable","14":"product-type-simple"},"yoast_head":"<!-- This site is optimized with the Yoast SEO plugin v25.0 - https:\/\/yoast.com\/wordpress\/plugins\/seo\/ -->\n<title>Caixa<\/title>\n<meta name=\"description\" content=\"Caixa com porta chaves + mini chocolates e 1 rosa preservada Realizamos entregas ao domic\u00edlio gratuitas no distrito de braga ap\u00f3s isto acresce portes de envio. Realizamos entregas por transportadora em todo o pa\u00eds , para isto \u00e9 necess\u00e1rio que a encomenda seja realizada com uma anteced\u00eancia de 2 dias\u2026\" \/>\n<meta name=\"robots\" content=\"index, follow, max-snippet:-1, max-image-preview:large, max-video-preview:-1\" \/>\n<link rel=\"canonical\" href=\"https:\/\/vilaverdeemflor.com\/en\/product\/orquideas\/\" \/>\n<meta property=\"og:locale\" content=\"en_GB\" \/>\n<meta property=\"og:type\" content=\"article\" \/>\n<meta property=\"og:title\" content=\"Caixa\" \/>\n<meta property=\"og:description\" content=\"Caixa com porta chaves + mini chocolates e 1 rosa preservada Realizamos entregas ao domic\u00edlio gratuitas no distrito de braga ap\u00f3s isto acresce portes de envio. Realizamos entregas por transportadora em todo o pa\u00eds , para isto \u00e9 necess\u00e1rio que a encomenda seja realizada com uma anteced\u00eancia de 2 dias\u2026\" \/>\n<meta property=\"og:url\" content=\"https:\/\/vilaverdeemflor.com\/en\/product\/orquideas\/\" \/>\n<meta property=\"og:site_name\" content=\"Vila Verde em Flor\" \/>\n<meta property=\"article:publisher\" content=\"https:\/\/facebook.com\/vila.verdeemflor.pt\" \/>\n<meta property=\"article:modified_time\" content=\"2026-03-11T23:14:58+00:00\" \/>\n<meta property=\"og:image\" content=\"http:\/\/vilaverdeemflor.com\/wp-content\/uploads\/2025\/01\/products-3417049784-819x1024.png\" \/>\n\t<meta property=\"og:image:width\" content=\"819\" \/>\n\t<meta property=\"og:image:height\" content=\"1024\" \/>\n\t<meta property=\"og:image:type\" content=\"image\/png\" \/>\n<meta name=\"twitter:card\" content=\"summary_large_image\" \/>\n<meta name=\"twitter:label1\" content=\"Estimated reading time\" \/>\n\t<meta name=\"twitter:data1\" content=\"1 minute\" \/>\n<script type=\"application\/ld+json\" class=\"yoast-schema-graph\">{\"@context\":\"https:\/\/schema.org\",\"@graph\":[{\"@type\":\"WebPage\",\"@id\":\"https:\/\/vilaverdeemflor.com\/produto\/orquideas\/\",\"url\":\"https:\/\/vilaverdeemflor.com\/produto\/orquideas\/\",\"name\":\"Caixa\",\"isPartOf\":{\"@id\":\"https:\/\/vilaverdeemflor.com\/#website\"},\"primaryImageOfPage\":{\"@id\":\"https:\/\/vilaverdeemflor.com\/produto\/orquideas\/#primaryimage\"},\"image\":{\"@id\":\"https:\/\/vilaverdeemflor.com\/produto\/orquideas\/#primaryimage\"},\"thumbnailUrl\":\"https:\/\/vilaverdeemflor.com\/wp-content\/uploads\/2025\/01\/products-3417049784.png\",\"datePublished\":\"2025-01-29T02:22:29+00:00\",\"dateModified\":\"2026-03-11T23:14:58+00:00\",\"description\":\"Caixa com porta chaves + mini chocolates e 1 rosa preservada Realizamos entregas ao domic\u00edlio gratuitas no distrito de braga ap\u00f3s isto acresce portes de envio. Realizamos entregas por transportadora em todo o pa\u00eds , para isto \u00e9 necess\u00e1rio que a encomenda seja realizada com uma anteced\u00eancia de 2 dias\u2026\",\"breadcrumb\":{\"@id\":\"https:\/\/vilaverdeemflor.com\/produto\/orquideas\/#breadcrumb\"},\"inLanguage\":\"en-GB\",\"potentialAction\":[{\"@type\":\"ReadAction\",\"target\":[\"https:\/\/vilaverdeemflor.com\/produto\/orquideas\/\"]}]},{\"@type\":\"ImageObject\",\"inLanguage\":\"en-GB\",\"@id\":\"https:\/\/vilaverdeemflor.com\/produto\/orquideas\/#primaryimage\",\"url\":\"https:\/\/vilaverdeemflor.com\/wp-content\/uploads\/2025\/01\/products-3417049784.png\",\"contentUrl\":\"https:\/\/vilaverdeemflor.com\/wp-content\/uploads\/2025\/01\/products-3417049784.png\",\"width\":1440,\"height\":1800},{\"@type\":\"BreadcrumbList\",\"@id\":\"https:\/\/vilaverdeemflor.com\/produto\/orquideas\/#breadcrumb\",\"itemListElement\":[{\"@type\":\"ListItem\",\"position\":1,\"name\":\"In\u00edcio\",\"item\":\"https:\/\/vilaverdeemflor.com\/\"},{\"@type\":\"ListItem\",\"position\":2,\"name\":\"Loja\",\"item\":\"https:\/\/vilaverdeemflor.com\/loja\/\"},{\"@type\":\"ListItem\",\"position\":3,\"name\":\"Orquideas\"}]},{\"@type\":\"WebSite\",\"@id\":\"https:\/\/vilaverdeemflor.com\/#website\",\"url\":\"https:\/\/vilaverdeemflor.com\/\",\"name\":\"Vila Verde em Flor\",\"description\":\"ORGANIZA\u00c7\u00c3O DE EVENTOS FLORISTA\",\"publisher\":{\"@id\":\"https:\/\/vilaverdeemflor.com\/#organization\"},\"potentialAction\":[{\"@type\":\"SearchAction\",\"target\":{\"@type\":\"EntryPoint\",\"urlTemplate\":\"https:\/\/vilaverdeemflor.com\/?s={search_term_string}\"},\"query-input\":{\"@type\":\"PropertyValueSpecification\",\"valueRequired\":true,\"valueName\":\"search_term_string\"}}],\"inLanguage\":\"en-GB\"},{\"@type\":\"Organization\",\"@id\":\"https:\/\/vilaverdeemflor.com\/#organization\",\"name\":\"Vila Verde em Flor\",\"url\":\"https:\/\/vilaverdeemflor.com\/\",\"logo\":{\"@type\":\"ImageObject\",\"inLanguage\":\"en-GB\",\"@id\":\"https:\/\/vilaverdeemflor.com\/#\/schema\/logo\/image\/\",\"url\":\"https:\/\/vilaverdeemflor.com\/wp-content\/uploads\/2025\/01\/Untitled-1.webp\",\"contentUrl\":\"https:\/\/vilaverdeemflor.com\/wp-content\/uploads\/2025\/01\/Untitled-1.webp\",\"width\":329,\"height\":44,\"caption\":\"Vila Verde em Flor\"},\"image\":{\"@id\":\"https:\/\/vilaverdeemflor.com\/#\/schema\/logo\/image\/\"},\"sameAs\":[\"https:\/\/facebook.com\/vila.verdeemflor.pt\",\"https:\/\/www.instagram.com\/vilaverdeemflor\/\"]}]}<\/script>\n<!-- \/ Yoast SEO plugin. -->","yoast_head_json":{"title":"Caixa","description":"Caixa com porta chaves + mini chocolates e 1 rosa preservada Realizamos entregas ao domic\u00edlio gratuitas no distrito de braga ap\u00f3s isto acresce portes de envio. Realizamos entregas por transportadora em todo o pa\u00eds , para isto \u00e9 necess\u00e1rio que a encomenda seja realizada com uma anteced\u00eancia de 2 dias\u2026","robots":{"index":"index","follow":"follow","max-snippet":"max-snippet:-1","max-image-preview":"max-image-preview:large","max-video-preview":"max-video-preview:-1"},"canonical":"https:\/\/vilaverdeemflor.com\/en\/product\/orquideas\/","og_locale":"en_GB","og_type":"article","og_title":"Caixa","og_description":"Caixa com porta chaves + mini chocolates e 1 rosa preservada Realizamos entregas ao domic\u00edlio gratuitas no distrito de braga ap\u00f3s isto acresce portes de envio. Realizamos entregas por transportadora em todo o pa\u00eds , para isto \u00e9 necess\u00e1rio que a encomenda seja realizada com uma anteced\u00eancia de 2 dias\u2026","og_url":"https:\/\/vilaverdeemflor.com\/en\/product\/orquideas\/","og_site_name":"Vila Verde em Flor","article_publisher":"https:\/\/facebook.com\/vila.verdeemflor.pt","article_modified_time":"2026-03-11T23:14:58+00:00","og_image":[{"width":819,"height":1024,"url":"http:\/\/vilaverdeemflor.com\/wp-content\/uploads\/2025\/01\/products-3417049784-819x1024.png","type":"image\/png"}],"twitter_card":"summary_large_image","twitter_misc":{"Estimated reading time":"1 minute"},"schema":{"@context":"https:\/\/schema.org","@graph":[{"@type":"WebPage","@id":"https:\/\/vilaverdeemflor.com\/produto\/orquideas\/","url":"https:\/\/vilaverdeemflor.com\/produto\/orquideas\/","name":"Caixa","isPartOf":{"@id":"https:\/\/vilaverdeemflor.com\/#website"},"primaryImageOfPage":{"@id":"https:\/\/vilaverdeemflor.com\/produto\/orquideas\/#primaryimage"},"image":{"@id":"https:\/\/vilaverdeemflor.com\/produto\/orquideas\/#primaryimage"},"thumbnailUrl":"https:\/\/vilaverdeemflor.com\/wp-content\/uploads\/2025\/01\/products-3417049784.png","datePublished":"2025-01-29T02:22:29+00:00","dateModified":"2026-03-11T23:14:58+00:00","description":"Caixa com porta chaves + mini chocolates e 1 rosa preservada Realizamos entregas ao domic\u00edlio gratuitas no distrito de braga ap\u00f3s isto acresce portes de envio. Realizamos entregas por transportadora em todo o pa\u00eds , para isto \u00e9 necess\u00e1rio que a encomenda seja realizada com uma anteced\u00eancia de 2 dias\u2026","breadcrumb":{"@id":"https:\/\/vilaverdeemflor.com\/produto\/orquideas\/#breadcrumb"},"inLanguage":"en-GB","potentialAction":[{"@type":"ReadAction","target":["https:\/\/vilaverdeemflor.com\/produto\/orquideas\/"]}]},{"@type":"ImageObject","inLanguage":"en-GB","@id":"https:\/\/vilaverdeemflor.com\/produto\/orquideas\/#primaryimage","url":"https:\/\/vilaverdeemflor.com\/wp-content\/uploads\/2025\/01\/products-3417049784.png","contentUrl":"https:\/\/vilaverdeemflor.com\/wp-content\/uploads\/2025\/01\/products-3417049784.png","width":1440,"height":1800},{"@type":"BreadcrumbList","@id":"https:\/\/vilaverdeemflor.com\/produto\/orquideas\/#breadcrumb","itemListElement":[{"@type":"ListItem","position":1,"name":"In\u00edcio","item":"https:\/\/vilaverdeemflor.com\/"},{"@type":"ListItem","position":2,"name":"Loja","item":"https:\/\/vilaverdeemflor.com\/loja\/"},{"@type":"ListItem","position":3,"name":"Orquideas"}]},{"@type":"WebSite","@id":"https:\/\/vilaverdeemflor.com\/#website","url":"https:\/\/vilaverdeemflor.com\/","name":"Green village in Bloom","description":"ORGANIZA\u00c7\u00c3O DE EVENTOS FLORISTA","publisher":{"@id":"https:\/\/vilaverdeemflor.com\/#organization"},"potentialAction":[{"@type":"SearchAction","target":{"@type":"EntryPoint","urlTemplate":"https:\/\/vilaverdeemflor.com\/?s={search_term_string}"},"query-input":{"@type":"PropertyValueSpecification","valueRequired":true,"valueName":"search_term_string"}}],"inLanguage":"en-GB"},{"@type":"Organization","@id":"https:\/\/vilaverdeemflor.com\/#organization","name":"Green village in Bloom","url":"https:\/\/vilaverdeemflor.com\/","logo":{"@type":"ImageObject","inLanguage":"en-GB","@id":"https:\/\/vilaverdeemflor.com\/#\/schema\/logo\/image\/","url":"https:\/\/vilaverdeemflor.com\/wp-content\/uploads\/2025\/01\/Untitled-1.webp","contentUrl":"https:\/\/vilaverdeemflor.com\/wp-content\/uploads\/2025\/01\/Untitled-1.webp","width":329,"height":44,"caption":"Vila Verde em Flor"},"image":{"@id":"https:\/\/vilaverdeemflor.com\/#\/schema\/logo\/image\/"},"sameAs":["https:\/\/facebook.com\/vila.verdeemflor.pt","https:\/\/www.instagram.com\/vilaverdeemflor\/"]}]}},"_links":{"self":[{"href":"https:\/\/vilaverdeemflor.com\/en\/wp-json\/wp\/v2\/product\/5845","targetHints":{"allow":["GET"]}}],"collection":[{"href":"https:\/\/vilaverdeemflor.com\/en\/wp-json\/wp\/v2\/product"}],"about":[{"href":"https:\/\/vilaverdeemflor.com\/en\/wp-json\/wp\/v2\/types\/product"}],"replies":[{"embeddable":true,"href":"https:\/\/vilaverdeemflor.com\/en\/wp-json\/wp\/v2\/comments?post=5845"}],"wp:featuredmedia":[{"embeddable":true,"href":"https:\/\/vilaverdeemflor.com\/en\/wp-json\/wp\/v2\/media\/5906"}],"wp:attachment":[{"href":"https:\/\/vilaverdeemflor.com\/en\/wp-json\/wp\/v2\/media?parent=5845"}],"wp:term":[{"taxonomy":"product_brand","embeddable":true,"href":"https:\/\/vilaverdeemflor.com\/en\/wp-json\/wp\/v2\/product_brand?post=5845"},{"taxonomy":"product_cat","embeddable":true,"href":"https:\/\/vilaverdeemflor.com\/en\/wp-json\/wp\/v2\/product_cat?post=5845"},{"taxonomy":"product_tag","embeddable":true,"href":"https:\/\/vilaverdeemflor.com\/en\/wp-json\/wp\/v2\/product_tag?post=5845"}],"curies":[{"name":"wp","href":"https:\/\/api.w.org\/{rel}","templated":true}]}}