{"id":5871,"date":"2025-01-29T02:24:14","date_gmt":"2025-01-29T02:24:14","guid":{"rendered":"https:\/\/vilaverdeemflor.com\/?post_type=product&#038;p=5871"},"modified":"2026-01-08T17:07:03","modified_gmt":"2026-01-08T17:07:03","slug":"caixa-mae","status":"publish","type":"product","link":"https:\/\/vilaverdeemflor.com\/en\/product\/caixa-mae\/","title":{"rendered":"The Box Mom"},"content":{"rendered":"<p>Caixa para a melhor m\u00e3e do mundo com rosas vermelhas e brancas<\/p>\n<p>For deliveries in the district of Braga, in the same day!<\/p>\n<p>For the rest of the country to make your order up to 14 to receive in the next day, in the whole of the Uk Mainland!<\/p>\n<p>23% Iva Inclu\u00eddo<\/p>","protected":false},"excerpt":{"rendered":"<p>Caixa para a melhor m\u00e3e do mundo com rosas vermelhas e brancas Entregas no distrito de Braga no pr\u00f3prio dia! Para o restante pa\u00eds- se realizar a sua encomenda at\u00e9 as 14h receber\u00e1 no dia seguinte em todo o Portugal Continental! 23% Iva Inclu\u00eddo<\/p>","protected":false},"featured_media":5924,"comment_status":"open","ping_status":"closed","template":"","meta":{"_themeisle_gutenberg_block_has_review":false},"product_brand":[],"product_cat":[26],"product_tag":[],"class_list":{"0":"post-5871","1":"product","2":"type-product","3":"status-publish","4":"has-post-thumbnail","6":"product_cat-caixas-de-flores-2","8":"first","9":"instock","10":"taxable","11":"shipping-taxable","12":"purchasable","13":"product-type-simple"},"yoast_head":"<!-- This site is optimized with the Yoast SEO plugin v25.0 - https:\/\/yoast.com\/wordpress\/plugins\/seo\/ -->\n<title>Caixa M\u00e3e<\/title>\n<meta name=\"description\" content=\"Caixa para a melhor m\u00e3e do mundo com rosas vermelhas e brancas\u00a0 Entregas no distrito de Braga no pr\u00f3prio dia! Para o restante pa\u00eds- se realizar a sua encomenda at\u00e9 as 14h receber\u00e1 no dia seguinte em todo o Portugal Continental!\" \/>\n<meta name=\"robots\" content=\"index, follow, max-snippet:-1, max-image-preview:large, max-video-preview:-1\" \/>\n<link rel=\"canonical\" href=\"https:\/\/vilaverdeemflor.com\/en\/product\/caixa-mae\/\" \/>\n<meta property=\"og:locale\" content=\"en_GB\" \/>\n<meta property=\"og:type\" content=\"article\" \/>\n<meta property=\"og:title\" content=\"Caixa M\u00e3e\" \/>\n<meta property=\"og:description\" content=\"Caixa para a melhor m\u00e3e do mundo com rosas vermelhas e brancas\u00a0 Entregas no distrito de Braga no pr\u00f3prio dia! Para o restante pa\u00eds- se realizar a sua encomenda at\u00e9 as 14h receber\u00e1 no dia seguinte em todo o Portugal Continental!\" \/>\n<meta property=\"og:url\" content=\"https:\/\/vilaverdeemflor.com\/en\/product\/caixa-mae\/\" \/>\n<meta property=\"og:site_name\" content=\"Vila Verde em Flor\" \/>\n<meta property=\"article:publisher\" content=\"https:\/\/facebook.com\/vila.verdeemflor.pt\" \/>\n<meta property=\"article:modified_time\" content=\"2026-01-08T17:07:03+00:00\" \/>\n<meta property=\"og:image\" content=\"https:\/\/vilaverdeemflor.com\/wp-content\/uploads\/2025\/01\/products-3042686147-768x1024.png\" \/>\n\t<meta property=\"og:image:width\" content=\"768\" \/>\n\t<meta property=\"og:image:height\" content=\"1024\" \/>\n\t<meta property=\"og:image:type\" content=\"image\/png\" \/>\n<meta name=\"twitter:card\" content=\"summary_large_image\" \/>\n<meta name=\"twitter:label1\" content=\"Estimated reading time\" \/>\n\t<meta name=\"twitter:data1\" content=\"1 minute\" \/>\n<script type=\"application\/ld+json\" class=\"yoast-schema-graph\">{\"@context\":\"https:\/\/schema.org\",\"@graph\":[{\"@type\":\"WebPage\",\"@id\":\"https:\/\/vilaverdeemflor.com\/produto\/caixa-mae\/\",\"url\":\"https:\/\/vilaverdeemflor.com\/produto\/caixa-mae\/\",\"name\":\"Caixa M\u00e3e\",\"isPartOf\":{\"@id\":\"https:\/\/vilaverdeemflor.com\/#website\"},\"primaryImageOfPage\":{\"@id\":\"https:\/\/vilaverdeemflor.com\/produto\/caixa-mae\/#primaryimage\"},\"image\":{\"@id\":\"https:\/\/vilaverdeemflor.com\/produto\/caixa-mae\/#primaryimage\"},\"thumbnailUrl\":\"https:\/\/vilaverdeemflor.com\/wp-content\/uploads\/2025\/01\/products-3042686147.png\",\"datePublished\":\"2025-01-29T02:24:14+00:00\",\"dateModified\":\"2026-01-08T17:07:03+00:00\",\"description\":\"Caixa para a melhor m\u00e3e do mundo com rosas vermelhas e brancas\u00a0 Entregas no distrito de Braga no pr\u00f3prio dia! Para o restante pa\u00eds- se realizar a sua encomenda at\u00e9 as 14h receber\u00e1 no dia seguinte em todo o Portugal Continental!\",\"breadcrumb\":{\"@id\":\"https:\/\/vilaverdeemflor.com\/produto\/caixa-mae\/#breadcrumb\"},\"inLanguage\":\"en-GB\",\"potentialAction\":[{\"@type\":\"ReadAction\",\"target\":[\"https:\/\/vilaverdeemflor.com\/produto\/caixa-mae\/\"]}]},{\"@type\":\"ImageObject\",\"inLanguage\":\"en-GB\",\"@id\":\"https:\/\/vilaverdeemflor.com\/produto\/caixa-mae\/#primaryimage\",\"url\":\"https:\/\/vilaverdeemflor.com\/wp-content\/uploads\/2025\/01\/products-3042686147.png\",\"contentUrl\":\"https:\/\/vilaverdeemflor.com\/wp-content\/uploads\/2025\/01\/products-3042686147.png\",\"width\":1536,\"height\":2048},{\"@type\":\"BreadcrumbList\",\"@id\":\"https:\/\/vilaverdeemflor.com\/produto\/caixa-mae\/#breadcrumb\",\"itemListElement\":[{\"@type\":\"ListItem\",\"position\":1,\"name\":\"In\u00edcio\",\"item\":\"https:\/\/vilaverdeemflor.com\/\"},{\"@type\":\"ListItem\",\"position\":2,\"name\":\"Loja\",\"item\":\"https:\/\/vilaverdeemflor.com\/loja\/\"},{\"@type\":\"ListItem\",\"position\":3,\"name\":\"Caixa M\u00e3e\"}]},{\"@type\":\"WebSite\",\"@id\":\"https:\/\/vilaverdeemflor.com\/#website\",\"url\":\"https:\/\/vilaverdeemflor.com\/\",\"name\":\"Vila Verde em Flor\",\"description\":\"ORGANIZA\u00c7\u00c3O DE EVENTOS FLORISTA\",\"publisher\":{\"@id\":\"https:\/\/vilaverdeemflor.com\/#organization\"},\"potentialAction\":[{\"@type\":\"SearchAction\",\"target\":{\"@type\":\"EntryPoint\",\"urlTemplate\":\"https:\/\/vilaverdeemflor.com\/?s={search_term_string}\"},\"query-input\":{\"@type\":\"PropertyValueSpecification\",\"valueRequired\":true,\"valueName\":\"search_term_string\"}}],\"inLanguage\":\"en-GB\"},{\"@type\":\"Organization\",\"@id\":\"https:\/\/vilaverdeemflor.com\/#organization\",\"name\":\"Vila Verde em Flor\",\"url\":\"https:\/\/vilaverdeemflor.com\/\",\"logo\":{\"@type\":\"ImageObject\",\"inLanguage\":\"en-GB\",\"@id\":\"https:\/\/vilaverdeemflor.com\/#\/schema\/logo\/image\/\",\"url\":\"https:\/\/vilaverdeemflor.com\/wp-content\/uploads\/2025\/01\/Untitled-1.webp\",\"contentUrl\":\"https:\/\/vilaverdeemflor.com\/wp-content\/uploads\/2025\/01\/Untitled-1.webp\",\"width\":329,\"height\":44,\"caption\":\"Vila Verde em Flor\"},\"image\":{\"@id\":\"https:\/\/vilaverdeemflor.com\/#\/schema\/logo\/image\/\"},\"sameAs\":[\"https:\/\/facebook.com\/vila.verdeemflor.pt\",\"https:\/\/www.instagram.com\/vilaverdeemflor\/\"]}]}<\/script>\n<!-- \/ Yoast SEO plugin. -->","yoast_head_json":{"title":"The Box Mom","description":"Caixa para a melhor m\u00e3e do mundo com rosas vermelhas e brancas\u00a0 Entregas no distrito de Braga no pr\u00f3prio dia! Para o restante pa\u00eds- se realizar a sua encomenda at\u00e9 as 14h receber\u00e1 no dia seguinte em todo o Portugal Continental!","robots":{"index":"index","follow":"follow","max-snippet":"max-snippet:-1","max-image-preview":"max-image-preview:large","max-video-preview":"max-video-preview:-1"},"canonical":"https:\/\/vilaverdeemflor.com\/en\/product\/caixa-mae\/","og_locale":"en_GB","og_type":"article","og_title":"Caixa M\u00e3e","og_description":"Caixa para a melhor m\u00e3e do mundo com rosas vermelhas e brancas\u00a0 Entregas no distrito de Braga no pr\u00f3prio dia! Para o restante pa\u00eds- se realizar a sua encomenda at\u00e9 as 14h receber\u00e1 no dia seguinte em todo o Portugal Continental!","og_url":"https:\/\/vilaverdeemflor.com\/en\/product\/caixa-mae\/","og_site_name":"Vila Verde em Flor","article_publisher":"https:\/\/facebook.com\/vila.verdeemflor.pt","article_modified_time":"2026-01-08T17:07:03+00:00","og_image":[{"width":768,"height":1024,"url":"https:\/\/vilaverdeemflor.com\/wp-content\/uploads\/2025\/01\/products-3042686147-768x1024.png","type":"image\/png"}],"twitter_card":"summary_large_image","twitter_misc":{"Estimated reading time":"1 minute"},"schema":{"@context":"https:\/\/schema.org","@graph":[{"@type":"WebPage","@id":"https:\/\/vilaverdeemflor.com\/produto\/caixa-mae\/","url":"https:\/\/vilaverdeemflor.com\/produto\/caixa-mae\/","name":"The Box Mom","isPartOf":{"@id":"https:\/\/vilaverdeemflor.com\/#website"},"primaryImageOfPage":{"@id":"https:\/\/vilaverdeemflor.com\/produto\/caixa-mae\/#primaryimage"},"image":{"@id":"https:\/\/vilaverdeemflor.com\/produto\/caixa-mae\/#primaryimage"},"thumbnailUrl":"https:\/\/vilaverdeemflor.com\/wp-content\/uploads\/2025\/01\/products-3042686147.png","datePublished":"2025-01-29T02:24:14+00:00","dateModified":"2026-01-08T17:07:03+00:00","description":"Caixa para a melhor m\u00e3e do mundo com rosas vermelhas e brancas\u00a0 Entregas no distrito de Braga no pr\u00f3prio dia! Para o restante pa\u00eds- se realizar a sua encomenda at\u00e9 as 14h receber\u00e1 no dia seguinte em todo o Portugal Continental!","breadcrumb":{"@id":"https:\/\/vilaverdeemflor.com\/produto\/caixa-mae\/#breadcrumb"},"inLanguage":"en-GB","potentialAction":[{"@type":"ReadAction","target":["https:\/\/vilaverdeemflor.com\/produto\/caixa-mae\/"]}]},{"@type":"ImageObject","inLanguage":"en-GB","@id":"https:\/\/vilaverdeemflor.com\/produto\/caixa-mae\/#primaryimage","url":"https:\/\/vilaverdeemflor.com\/wp-content\/uploads\/2025\/01\/products-3042686147.png","contentUrl":"https:\/\/vilaverdeemflor.com\/wp-content\/uploads\/2025\/01\/products-3042686147.png","width":1536,"height":2048},{"@type":"BreadcrumbList","@id":"https:\/\/vilaverdeemflor.com\/produto\/caixa-mae\/#breadcrumb","itemListElement":[{"@type":"ListItem","position":1,"name":"In\u00edcio","item":"https:\/\/vilaverdeemflor.com\/"},{"@type":"ListItem","position":2,"name":"Loja","item":"https:\/\/vilaverdeemflor.com\/loja\/"},{"@type":"ListItem","position":3,"name":"Caixa M\u00e3e"}]},{"@type":"WebSite","@id":"https:\/\/vilaverdeemflor.com\/#website","url":"https:\/\/vilaverdeemflor.com\/","name":"Green village in Bloom","description":"ORGANIZA\u00c7\u00c3O DE EVENTOS FLORISTA","publisher":{"@id":"https:\/\/vilaverdeemflor.com\/#organization"},"potentialAction":[{"@type":"SearchAction","target":{"@type":"EntryPoint","urlTemplate":"https:\/\/vilaverdeemflor.com\/?s={search_term_string}"},"query-input":{"@type":"PropertyValueSpecification","valueRequired":true,"valueName":"search_term_string"}}],"inLanguage":"en-GB"},{"@type":"Organization","@id":"https:\/\/vilaverdeemflor.com\/#organization","name":"Green village in Bloom","url":"https:\/\/vilaverdeemflor.com\/","logo":{"@type":"ImageObject","inLanguage":"en-GB","@id":"https:\/\/vilaverdeemflor.com\/#\/schema\/logo\/image\/","url":"https:\/\/vilaverdeemflor.com\/wp-content\/uploads\/2025\/01\/Untitled-1.webp","contentUrl":"https:\/\/vilaverdeemflor.com\/wp-content\/uploads\/2025\/01\/Untitled-1.webp","width":329,"height":44,"caption":"Vila Verde em Flor"},"image":{"@id":"https:\/\/vilaverdeemflor.com\/#\/schema\/logo\/image\/"},"sameAs":["https:\/\/facebook.com\/vila.verdeemflor.pt","https:\/\/www.instagram.com\/vilaverdeemflor\/"]}]}},"_links":{"self":[{"href":"https:\/\/vilaverdeemflor.com\/en\/wp-json\/wp\/v2\/product\/5871","targetHints":{"allow":["GET"]}}],"collection":[{"href":"https:\/\/vilaverdeemflor.com\/en\/wp-json\/wp\/v2\/product"}],"about":[{"href":"https:\/\/vilaverdeemflor.com\/en\/wp-json\/wp\/v2\/types\/product"}],"replies":[{"embeddable":true,"href":"https:\/\/vilaverdeemflor.com\/en\/wp-json\/wp\/v2\/comments?post=5871"}],"wp:featuredmedia":[{"embeddable":true,"href":"https:\/\/vilaverdeemflor.com\/en\/wp-json\/wp\/v2\/media\/5924"}],"wp:attachment":[{"href":"https:\/\/vilaverdeemflor.com\/en\/wp-json\/wp\/v2\/media?parent=5871"}],"wp:term":[{"taxonomy":"product_brand","embeddable":true,"href":"https:\/\/vilaverdeemflor.com\/en\/wp-json\/wp\/v2\/product_brand?post=5871"},{"taxonomy":"product_cat","embeddable":true,"href":"https:\/\/vilaverdeemflor.com\/en\/wp-json\/wp\/v2\/product_cat?post=5871"},{"taxonomy":"product_tag","embeddable":true,"href":"https:\/\/vilaverdeemflor.com\/en\/wp-json\/wp\/v2\/product_tag?post=5871"}],"curies":[{"name":"wp","href":"https:\/\/api.w.org\/{rel}","templated":true}]}}