{"id":5907,"date":"2025-01-29T02:27:14","date_gmt":"2025-01-29T02:27:14","guid":{"rendered":"https:\/\/vilaverdeemflor.com\/?post_type=product&#038;p=5907"},"modified":"2025-05-06T23:06:40","modified_gmt":"2025-05-06T23:06:40","slug":"coroa-funebre-4","status":"publish","type":"product","link":"https:\/\/vilaverdeemflor.com\/en\/product\/coroa-funebre-4\/","title":{"rendered":"Coroa Funebre"},"content":{"rendered":"<p>Coroa f\u00fanebre realizada com flores da \u00e9poca<br \/>\n<br \/>\n&nbsp;<br \/>\n<br \/>\nV\u00e1rios tamanhos dispon\u00edveis veja as varia\u00e7\u00f5es<br \/>\n<br \/>\nFor deliveries in the district of Braga, in the same day!<br \/>\n<br \/>\nFor the rest of the country to make your order up to 14 to receive in the next day, in the whole of the Uk Mainland!<br \/>\nIva Inclu\u00eddo 23% <\/p>","protected":false},"excerpt":{"rendered":"<p>Coroa f\u00fanebre realizada com flores da \u00e9poca &nbsp; V\u00e1rios tamanhos dispon\u00edveis veja as varia\u00e7\u00f5es Entregas no distrito de Braga no pr\u00f3prio dia! Para o restante pa\u00eds- se realizar a sua encomenda at\u00e9 as 14h receber\u00e1 no dia seguinte em todo o Portugal Continental! Iva Inclu\u00eddo 23%<\/p>","protected":false},"featured_media":5977,"comment_status":"open","ping_status":"closed","template":"","meta":{"_themeisle_gutenberg_block_has_review":false},"product_brand":[],"product_cat":[77],"product_tag":[],"class_list":{"0":"post-5907","1":"product","2":"type-product","3":"status-publish","4":"has-post-thumbnail","6":"product_cat-pesames-2","8":"first","9":"instock","10":"taxable","11":"shipping-taxable","12":"purchasable","13":"product-type-simple"},"yoast_head":"<!-- This site is optimized with the Yoast SEO plugin v25.0 - https:\/\/yoast.com\/wordpress\/plugins\/seo\/ -->\n<title>Coroa Funerais Entrega domic\u00edlio Florista Braga Norte<\/title>\n<meta name=\"description\" content=\"Coroa Funebre realizada com variadas flores Realizamos entregas ao domic\u00edlio dist\u00e2ncia at\u00e9 3 km gratuita de 5-10km - 7,50\u20ac 10-20km- 10\u20ac &gt;20km combinado via e-mail Entrega domic\u00edlio Florista Braga Norte\" \/>\n<meta name=\"robots\" content=\"index, follow, max-snippet:-1, max-image-preview:large, max-video-preview:-1\" \/>\n<link rel=\"canonical\" href=\"https:\/\/vilaverdeemflor.com\/en\/product\/coroa-funebre-4\/\" \/>\n<meta property=\"og:locale\" content=\"en_GB\" \/>\n<meta property=\"og:type\" content=\"article\" \/>\n<meta property=\"og:title\" content=\"Coroa Funerais Entrega domic\u00edlio Florista Braga Norte\" \/>\n<meta property=\"og:description\" content=\"Coroa Funebre realizada com variadas flores Realizamos entregas ao domic\u00edlio dist\u00e2ncia at\u00e9 3 km gratuita de 5-10km - 7,50\u20ac 10-20km- 10\u20ac &gt;20km combinado via e-mail Entrega domic\u00edlio Florista Braga Norte\" \/>\n<meta property=\"og:url\" content=\"https:\/\/vilaverdeemflor.com\/en\/product\/coroa-funebre-4\/\" \/>\n<meta property=\"og:site_name\" content=\"Vila Verde em Flor\" \/>\n<meta property=\"article:publisher\" content=\"https:\/\/facebook.com\/vila.verdeemflor.pt\" \/>\n<meta property=\"article:modified_time\" content=\"2025-05-06T23:06:40+00:00\" \/>\n<meta property=\"og:image\" content=\"https:\/\/vilaverdeemflor.com\/wp-content\/uploads\/2025\/01\/products-1459700113-scaled-1.jpg\" \/>\n\t<meta property=\"og:image:width\" content=\"2560\" \/>\n\t<meta property=\"og:image:height\" content=\"1920\" \/>\n\t<meta property=\"og:image:type\" content=\"image\/jpeg\" \/>\n<meta name=\"twitter:card\" content=\"summary_large_image\" \/>\n<script type=\"application\/ld+json\" class=\"yoast-schema-graph\">{\"@context\":\"https:\/\/schema.org\",\"@graph\":[{\"@type\":\"WebPage\",\"@id\":\"https:\/\/vilaverdeemflor.com\/produto\/coroa-funebre-4\/\",\"url\":\"https:\/\/vilaverdeemflor.com\/produto\/coroa-funebre-4\/\",\"name\":\"Coroa Funerais Entrega domic\u00edlio Florista Braga Norte\",\"isPartOf\":{\"@id\":\"https:\/\/vilaverdeemflor.com\/#website\"},\"primaryImageOfPage\":{\"@id\":\"https:\/\/vilaverdeemflor.com\/produto\/coroa-funebre-4\/#primaryimage\"},\"image\":{\"@id\":\"https:\/\/vilaverdeemflor.com\/produto\/coroa-funebre-4\/#primaryimage\"},\"thumbnailUrl\":\"https:\/\/vilaverdeemflor.com\/wp-content\/uploads\/2025\/01\/products-1459700113-scaled-1.jpg\",\"datePublished\":\"2025-01-29T02:27:14+00:00\",\"dateModified\":\"2025-05-06T23:06:40+00:00\",\"description\":\"Coroa Funebre realizada com variadas flores Realizamos entregas ao domic\u00edlio dist\u00e2ncia at\u00e9 3 km gratuita de 5-10km - 7,50\u20ac 10-20km- 10\u20ac &gt;20km combinado via e-mail Entrega domic\u00edlio Florista Braga Norte\",\"breadcrumb\":{\"@id\":\"https:\/\/vilaverdeemflor.com\/produto\/coroa-funebre-4\/#breadcrumb\"},\"inLanguage\":\"en-GB\",\"potentialAction\":[{\"@type\":\"ReadAction\",\"target\":[\"https:\/\/vilaverdeemflor.com\/produto\/coroa-funebre-4\/\"]}]},{\"@type\":\"ImageObject\",\"inLanguage\":\"en-GB\",\"@id\":\"https:\/\/vilaverdeemflor.com\/produto\/coroa-funebre-4\/#primaryimage\",\"url\":\"https:\/\/vilaverdeemflor.com\/wp-content\/uploads\/2025\/01\/products-1459700113-scaled-1.jpg\",\"contentUrl\":\"https:\/\/vilaverdeemflor.com\/wp-content\/uploads\/2025\/01\/products-1459700113-scaled-1.jpg\",\"width\":2560,\"height\":1920},{\"@type\":\"BreadcrumbList\",\"@id\":\"https:\/\/vilaverdeemflor.com\/produto\/coroa-funebre-4\/#breadcrumb\",\"itemListElement\":[{\"@type\":\"ListItem\",\"position\":1,\"name\":\"In\u00edcio\",\"item\":\"https:\/\/vilaverdeemflor.com\/\"},{\"@type\":\"ListItem\",\"position\":2,\"name\":\"Loja\",\"item\":\"https:\/\/vilaverdeemflor.com\/loja\/\"},{\"@type\":\"ListItem\",\"position\":3,\"name\":\"Coroa Funebre\"}]},{\"@type\":\"WebSite\",\"@id\":\"https:\/\/vilaverdeemflor.com\/#website\",\"url\":\"https:\/\/vilaverdeemflor.com\/\",\"name\":\"Vila Verde em Flor\",\"description\":\"ORGANIZA\u00c7\u00c3O DE EVENTOS FLORISTA\",\"publisher\":{\"@id\":\"https:\/\/vilaverdeemflor.com\/#organization\"},\"potentialAction\":[{\"@type\":\"SearchAction\",\"target\":{\"@type\":\"EntryPoint\",\"urlTemplate\":\"https:\/\/vilaverdeemflor.com\/?s={search_term_string}\"},\"query-input\":{\"@type\":\"PropertyValueSpecification\",\"valueRequired\":true,\"valueName\":\"search_term_string\"}}],\"inLanguage\":\"en-GB\"},{\"@type\":\"Organization\",\"@id\":\"https:\/\/vilaverdeemflor.com\/#organization\",\"name\":\"Vila Verde em Flor\",\"url\":\"https:\/\/vilaverdeemflor.com\/\",\"logo\":{\"@type\":\"ImageObject\",\"inLanguage\":\"en-GB\",\"@id\":\"https:\/\/vilaverdeemflor.com\/#\/schema\/logo\/image\/\",\"url\":\"https:\/\/vilaverdeemflor.com\/wp-content\/uploads\/2025\/01\/Untitled-1.webp\",\"contentUrl\":\"https:\/\/vilaverdeemflor.com\/wp-content\/uploads\/2025\/01\/Untitled-1.webp\",\"width\":329,\"height\":44,\"caption\":\"Vila Verde em Flor\"},\"image\":{\"@id\":\"https:\/\/vilaverdeemflor.com\/#\/schema\/logo\/image\/\"},\"sameAs\":[\"https:\/\/facebook.com\/vila.verdeemflor.pt\",\"https:\/\/www.instagram.com\/vilaverdeemflor\/\"]}]}<\/script>\n<!-- \/ Yoast SEO plugin. -->","yoast_head_json":{"title":"Coroa Funerais Entrega domic\u00edlio Florista Braga Norte","description":"Coroa Funebre realizada com variadas flores Realizamos entregas ao domic\u00edlio dist\u00e2ncia at\u00e9 3 km gratuita de 5-10km - 7,50\u20ac 10-20km- 10\u20ac &gt;20km combinado via e-mail Entrega domic\u00edlio Florista Braga Norte","robots":{"index":"index","follow":"follow","max-snippet":"max-snippet:-1","max-image-preview":"max-image-preview:large","max-video-preview":"max-video-preview:-1"},"canonical":"https:\/\/vilaverdeemflor.com\/en\/product\/coroa-funebre-4\/","og_locale":"en_GB","og_type":"article","og_title":"Coroa Funerais Entrega domic\u00edlio Florista Braga Norte","og_description":"Coroa Funebre realizada com variadas flores Realizamos entregas ao domic\u00edlio dist\u00e2ncia at\u00e9 3 km gratuita de 5-10km - 7,50\u20ac 10-20km- 10\u20ac &gt;20km combinado via e-mail Entrega domic\u00edlio Florista Braga Norte","og_url":"https:\/\/vilaverdeemflor.com\/en\/product\/coroa-funebre-4\/","og_site_name":"Vila Verde em Flor","article_publisher":"https:\/\/facebook.com\/vila.verdeemflor.pt","article_modified_time":"2025-05-06T23:06:40+00:00","og_image":[{"width":2560,"height":1920,"url":"https:\/\/vilaverdeemflor.com\/wp-content\/uploads\/2025\/01\/products-1459700113-scaled-1.jpg","type":"image\/jpeg"}],"twitter_card":"summary_large_image","schema":{"@context":"https:\/\/schema.org","@graph":[{"@type":"WebPage","@id":"https:\/\/vilaverdeemflor.com\/produto\/coroa-funebre-4\/","url":"https:\/\/vilaverdeemflor.com\/produto\/coroa-funebre-4\/","name":"Coroa Funerais Entrega domic\u00edlio Florista Braga Norte","isPartOf":{"@id":"https:\/\/vilaverdeemflor.com\/#website"},"primaryImageOfPage":{"@id":"https:\/\/vilaverdeemflor.com\/produto\/coroa-funebre-4\/#primaryimage"},"image":{"@id":"https:\/\/vilaverdeemflor.com\/produto\/coroa-funebre-4\/#primaryimage"},"thumbnailUrl":"https:\/\/vilaverdeemflor.com\/wp-content\/uploads\/2025\/01\/products-1459700113-scaled-1.jpg","datePublished":"2025-01-29T02:27:14+00:00","dateModified":"2025-05-06T23:06:40+00:00","description":"Coroa Funebre realizada com variadas flores Realizamos entregas ao domic\u00edlio dist\u00e2ncia at\u00e9 3 km gratuita de 5-10km - 7,50\u20ac 10-20km- 10\u20ac &gt;20km combinado via e-mail Entrega domic\u00edlio Florista Braga Norte","breadcrumb":{"@id":"https:\/\/vilaverdeemflor.com\/produto\/coroa-funebre-4\/#breadcrumb"},"inLanguage":"en-GB","potentialAction":[{"@type":"ReadAction","target":["https:\/\/vilaverdeemflor.com\/produto\/coroa-funebre-4\/"]}]},{"@type":"ImageObject","inLanguage":"en-GB","@id":"https:\/\/vilaverdeemflor.com\/produto\/coroa-funebre-4\/#primaryimage","url":"https:\/\/vilaverdeemflor.com\/wp-content\/uploads\/2025\/01\/products-1459700113-scaled-1.jpg","contentUrl":"https:\/\/vilaverdeemflor.com\/wp-content\/uploads\/2025\/01\/products-1459700113-scaled-1.jpg","width":2560,"height":1920},{"@type":"BreadcrumbList","@id":"https:\/\/vilaverdeemflor.com\/produto\/coroa-funebre-4\/#breadcrumb","itemListElement":[{"@type":"ListItem","position":1,"name":"In\u00edcio","item":"https:\/\/vilaverdeemflor.com\/"},{"@type":"ListItem","position":2,"name":"Loja","item":"https:\/\/vilaverdeemflor.com\/loja\/"},{"@type":"ListItem","position":3,"name":"Coroa Funebre"}]},{"@type":"WebSite","@id":"https:\/\/vilaverdeemflor.com\/#website","url":"https:\/\/vilaverdeemflor.com\/","name":"Green village in Bloom","description":"ORGANIZA\u00c7\u00c3O DE EVENTOS FLORISTA","publisher":{"@id":"https:\/\/vilaverdeemflor.com\/#organization"},"potentialAction":[{"@type":"SearchAction","target":{"@type":"EntryPoint","urlTemplate":"https:\/\/vilaverdeemflor.com\/?s={search_term_string}"},"query-input":{"@type":"PropertyValueSpecification","valueRequired":true,"valueName":"search_term_string"}}],"inLanguage":"en-GB"},{"@type":"Organization","@id":"https:\/\/vilaverdeemflor.com\/#organization","name":"Green village in Bloom","url":"https:\/\/vilaverdeemflor.com\/","logo":{"@type":"ImageObject","inLanguage":"en-GB","@id":"https:\/\/vilaverdeemflor.com\/#\/schema\/logo\/image\/","url":"https:\/\/vilaverdeemflor.com\/wp-content\/uploads\/2025\/01\/Untitled-1.webp","contentUrl":"https:\/\/vilaverdeemflor.com\/wp-content\/uploads\/2025\/01\/Untitled-1.webp","width":329,"height":44,"caption":"Vila Verde em Flor"},"image":{"@id":"https:\/\/vilaverdeemflor.com\/#\/schema\/logo\/image\/"},"sameAs":["https:\/\/facebook.com\/vila.verdeemflor.pt","https:\/\/www.instagram.com\/vilaverdeemflor\/"]}]}},"_links":{"self":[{"href":"https:\/\/vilaverdeemflor.com\/en\/wp-json\/wp\/v2\/product\/5907","targetHints":{"allow":["GET"]}}],"collection":[{"href":"https:\/\/vilaverdeemflor.com\/en\/wp-json\/wp\/v2\/product"}],"about":[{"href":"https:\/\/vilaverdeemflor.com\/en\/wp-json\/wp\/v2\/types\/product"}],"replies":[{"embeddable":true,"href":"https:\/\/vilaverdeemflor.com\/en\/wp-json\/wp\/v2\/comments?post=5907"}],"wp:featuredmedia":[{"embeddable":true,"href":"https:\/\/vilaverdeemflor.com\/en\/wp-json\/wp\/v2\/media\/5977"}],"wp:attachment":[{"href":"https:\/\/vilaverdeemflor.com\/en\/wp-json\/wp\/v2\/media?parent=5907"}],"wp:term":[{"taxonomy":"product_brand","embeddable":true,"href":"https:\/\/vilaverdeemflor.com\/en\/wp-json\/wp\/v2\/product_brand?post=5907"},{"taxonomy":"product_cat","embeddable":true,"href":"https:\/\/vilaverdeemflor.com\/en\/wp-json\/wp\/v2\/product_cat?post=5907"},{"taxonomy":"product_tag","embeddable":true,"href":"https:\/\/vilaverdeemflor.com\/en\/wp-json\/wp\/v2\/product_tag?post=5907"}],"curies":[{"name":"wp","href":"https:\/\/api.w.org\/{rel}","templated":true}]}}