{"id":5910,"date":"2025-01-29T02:27:14","date_gmt":"2025-01-29T02:27:14","guid":{"rendered":"https:\/\/vilaverdeemflor.com\/?post_type=product&#038;p=5910"},"modified":"2025-05-06T23:02:50","modified_gmt":"2025-05-06T23:02:50","slug":"caixa-coracao-rosa","status":"publish","type":"product","link":"https:\/\/vilaverdeemflor.com\/en\/product\/caixa-coracao-rosa\/","title":{"rendered":"Box heart-rose"},"content":{"rendered":"<p>Caixa cora\u00e7\u00e3o com flores de mistura<\/p>\n<p>Entregas em Braga Centro, Amares e Vila Verde no pr\u00f3prio dia<\/p>\n<p>Outras localidades se encomendado at\u00e9 as 14h receber\u00e1 no dia seguinte<br \/>\n<br \/>\nAfter the completion of the order via the online store, you will be contacted by our company. Please leave us your contact details is correct when you place the order.<\/p>\n<div><\/div>\n<p>23% tax included<\/p>","protected":false},"excerpt":{"rendered":"<p>Caixa cora\u00e7\u00e3o com flores de mistura Entregas em Braga Centro, Amares e Vila Verde no pr\u00f3prio dia Outras localidades se encomendado at\u00e9 as 14h receber\u00e1 no dia seguinte Ap\u00f3s a realiza\u00e7\u00e3o da sua encomenda via loja online ser\u00e1 contactado pela nossa empresa! Por favor deixe o seu contacto correto ao realizar a encomenda. Iva 23% [&hellip;]<\/p>","protected":false},"featured_media":5983,"comment_status":"open","ping_status":"closed","template":"","meta":{"_themeisle_gutenberg_block_has_review":false},"product_brand":[],"product_cat":[26],"product_tag":[],"class_list":{"0":"post-5910","1":"product","2":"type-product","3":"status-publish","4":"has-post-thumbnail","6":"product_cat-caixas-de-flores-2","8":"first","9":"instock","10":"taxable","11":"shipping-taxable","12":"purchasable","13":"product-type-simple"},"yoast_head":"<!-- This site is optimized with the Yoast SEO plugin v25.0 - https:\/\/yoast.com\/wordpress\/plugins\/seo\/ -->\n<title>Caixa cora\u00e7\u00e3o rosa<\/title>\n<meta name=\"description\" content=\"Caixa cora\u00e7\u00e3o rosa com flores de mistura pode escolher os tons da flor Entregas no distrito de Braga no pr\u00f3prio dia! Entrega distrito de BRAGA GRATUITA! Para o restante pa\u00eds- se realizar a sua encomenda at\u00e9 as 14h receber\u00e1 no dia seguinte em todo o Portugal Continental! Iva 23% inclu\u00eddo\" \/>\n<meta name=\"robots\" content=\"index, follow, max-snippet:-1, max-image-preview:large, max-video-preview:-1\" \/>\n<link rel=\"canonical\" href=\"https:\/\/vilaverdeemflor.com\/en\/product\/caixa-coracao-rosa\/\" \/>\n<meta property=\"og:locale\" content=\"en_GB\" \/>\n<meta property=\"og:type\" content=\"article\" \/>\n<meta property=\"og:title\" content=\"Caixa cora\u00e7\u00e3o rosa\" \/>\n<meta property=\"og:description\" content=\"Caixa cora\u00e7\u00e3o rosa com flores de mistura pode escolher os tons da flor Entregas no distrito de Braga no pr\u00f3prio dia! Entrega distrito de BRAGA GRATUITA! Para o restante pa\u00eds- se realizar a sua encomenda at\u00e9 as 14h receber\u00e1 no dia seguinte em todo o Portugal Continental! Iva 23% inclu\u00eddo\" \/>\n<meta property=\"og:url\" content=\"https:\/\/vilaverdeemflor.com\/en\/product\/caixa-coracao-rosa\/\" \/>\n<meta property=\"og:site_name\" content=\"Vila Verde em Flor\" \/>\n<meta property=\"article:publisher\" content=\"https:\/\/facebook.com\/vila.verdeemflor.pt\" \/>\n<meta property=\"article:modified_time\" content=\"2025-05-06T23:02:50+00:00\" \/>\n<meta property=\"og:image\" content=\"https:\/\/vilaverdeemflor.com\/wp-content\/uploads\/2025\/01\/products-1459931056.jpg\" \/>\n\t<meta property=\"og:image:width\" content=\"1440\" \/>\n\t<meta property=\"og:image:height\" content=\"1440\" \/>\n\t<meta property=\"og:image:type\" content=\"image\/jpeg\" \/>\n<meta name=\"twitter:card\" content=\"summary_large_image\" \/>\n<script type=\"application\/ld+json\" class=\"yoast-schema-graph\">{\"@context\":\"https:\/\/schema.org\",\"@graph\":[{\"@type\":\"WebPage\",\"@id\":\"https:\/\/vilaverdeemflor.com\/produto\/caixa-coracao-rosa\/\",\"url\":\"https:\/\/vilaverdeemflor.com\/produto\/caixa-coracao-rosa\/\",\"name\":\"Caixa cora\u00e7\u00e3o rosa\",\"isPartOf\":{\"@id\":\"https:\/\/vilaverdeemflor.com\/#website\"},\"primaryImageOfPage\":{\"@id\":\"https:\/\/vilaverdeemflor.com\/produto\/caixa-coracao-rosa\/#primaryimage\"},\"image\":{\"@id\":\"https:\/\/vilaverdeemflor.com\/produto\/caixa-coracao-rosa\/#primaryimage\"},\"thumbnailUrl\":\"https:\/\/vilaverdeemflor.com\/wp-content\/uploads\/2025\/01\/products-1459931056.jpg\",\"datePublished\":\"2025-01-29T02:27:14+00:00\",\"dateModified\":\"2025-05-06T23:02:50+00:00\",\"description\":\"Caixa cora\u00e7\u00e3o rosa com flores de mistura pode escolher os tons da flor Entregas no distrito de Braga no pr\u00f3prio dia! Entrega distrito de BRAGA GRATUITA! Para o restante pa\u00eds- se realizar a sua encomenda at\u00e9 as 14h receber\u00e1 no dia seguinte em todo o Portugal Continental! Iva 23% inclu\u00eddo\",\"breadcrumb\":{\"@id\":\"https:\/\/vilaverdeemflor.com\/produto\/caixa-coracao-rosa\/#breadcrumb\"},\"inLanguage\":\"en-GB\",\"potentialAction\":[{\"@type\":\"ReadAction\",\"target\":[\"https:\/\/vilaverdeemflor.com\/produto\/caixa-coracao-rosa\/\"]}]},{\"@type\":\"ImageObject\",\"inLanguage\":\"en-GB\",\"@id\":\"https:\/\/vilaverdeemflor.com\/produto\/caixa-coracao-rosa\/#primaryimage\",\"url\":\"https:\/\/vilaverdeemflor.com\/wp-content\/uploads\/2025\/01\/products-1459931056.jpg\",\"contentUrl\":\"https:\/\/vilaverdeemflor.com\/wp-content\/uploads\/2025\/01\/products-1459931056.jpg\",\"width\":1440,\"height\":1440},{\"@type\":\"BreadcrumbList\",\"@id\":\"https:\/\/vilaverdeemflor.com\/produto\/caixa-coracao-rosa\/#breadcrumb\",\"itemListElement\":[{\"@type\":\"ListItem\",\"position\":1,\"name\":\"In\u00edcio\",\"item\":\"https:\/\/vilaverdeemflor.com\/\"},{\"@type\":\"ListItem\",\"position\":2,\"name\":\"Loja\",\"item\":\"https:\/\/vilaverdeemflor.com\/loja\/\"},{\"@type\":\"ListItem\",\"position\":3,\"name\":\"Caixa cora\u00e7\u00e3o rosa\"}]},{\"@type\":\"WebSite\",\"@id\":\"https:\/\/vilaverdeemflor.com\/#website\",\"url\":\"https:\/\/vilaverdeemflor.com\/\",\"name\":\"Vila Verde em Flor\",\"description\":\"ORGANIZA\u00c7\u00c3O DE EVENTOS FLORISTA\",\"publisher\":{\"@id\":\"https:\/\/vilaverdeemflor.com\/#organization\"},\"potentialAction\":[{\"@type\":\"SearchAction\",\"target\":{\"@type\":\"EntryPoint\",\"urlTemplate\":\"https:\/\/vilaverdeemflor.com\/?s={search_term_string}\"},\"query-input\":{\"@type\":\"PropertyValueSpecification\",\"valueRequired\":true,\"valueName\":\"search_term_string\"}}],\"inLanguage\":\"en-GB\"},{\"@type\":\"Organization\",\"@id\":\"https:\/\/vilaverdeemflor.com\/#organization\",\"name\":\"Vila Verde em Flor\",\"url\":\"https:\/\/vilaverdeemflor.com\/\",\"logo\":{\"@type\":\"ImageObject\",\"inLanguage\":\"en-GB\",\"@id\":\"https:\/\/vilaverdeemflor.com\/#\/schema\/logo\/image\/\",\"url\":\"https:\/\/vilaverdeemflor.com\/wp-content\/uploads\/2025\/01\/Untitled-1.webp\",\"contentUrl\":\"https:\/\/vilaverdeemflor.com\/wp-content\/uploads\/2025\/01\/Untitled-1.webp\",\"width\":329,\"height\":44,\"caption\":\"Vila Verde em Flor\"},\"image\":{\"@id\":\"https:\/\/vilaverdeemflor.com\/#\/schema\/logo\/image\/\"},\"sameAs\":[\"https:\/\/facebook.com\/vila.verdeemflor.pt\",\"https:\/\/www.instagram.com\/vilaverdeemflor\/\"]}]}<\/script>\n<!-- \/ Yoast SEO plugin. -->","yoast_head_json":{"title":"Box heart-rose","description":"Caixa cora\u00e7\u00e3o rosa com flores de mistura pode escolher os tons da flor Entregas no distrito de Braga no pr\u00f3prio dia! Entrega distrito de BRAGA GRATUITA! Para o restante pa\u00eds- se realizar a sua encomenda at\u00e9 as 14h receber\u00e1 no dia seguinte em todo o Portugal Continental! Iva 23% inclu\u00eddo","robots":{"index":"index","follow":"follow","max-snippet":"max-snippet:-1","max-image-preview":"max-image-preview:large","max-video-preview":"max-video-preview:-1"},"canonical":"https:\/\/vilaverdeemflor.com\/en\/product\/caixa-coracao-rosa\/","og_locale":"en_GB","og_type":"article","og_title":"Caixa cora\u00e7\u00e3o rosa","og_description":"Caixa cora\u00e7\u00e3o rosa com flores de mistura pode escolher os tons da flor Entregas no distrito de Braga no pr\u00f3prio dia! Entrega distrito de BRAGA GRATUITA! Para o restante pa\u00eds- se realizar a sua encomenda at\u00e9 as 14h receber\u00e1 no dia seguinte em todo o Portugal Continental! Iva 23% inclu\u00eddo","og_url":"https:\/\/vilaverdeemflor.com\/en\/product\/caixa-coracao-rosa\/","og_site_name":"Vila Verde em Flor","article_publisher":"https:\/\/facebook.com\/vila.verdeemflor.pt","article_modified_time":"2025-05-06T23:02:50+00:00","og_image":[{"width":1440,"height":1440,"url":"https:\/\/vilaverdeemflor.com\/wp-content\/uploads\/2025\/01\/products-1459931056.jpg","type":"image\/jpeg"}],"twitter_card":"summary_large_image","schema":{"@context":"https:\/\/schema.org","@graph":[{"@type":"WebPage","@id":"https:\/\/vilaverdeemflor.com\/produto\/caixa-coracao-rosa\/","url":"https:\/\/vilaverdeemflor.com\/produto\/caixa-coracao-rosa\/","name":"Box heart-rose","isPartOf":{"@id":"https:\/\/vilaverdeemflor.com\/#website"},"primaryImageOfPage":{"@id":"https:\/\/vilaverdeemflor.com\/produto\/caixa-coracao-rosa\/#primaryimage"},"image":{"@id":"https:\/\/vilaverdeemflor.com\/produto\/caixa-coracao-rosa\/#primaryimage"},"thumbnailUrl":"https:\/\/vilaverdeemflor.com\/wp-content\/uploads\/2025\/01\/products-1459931056.jpg","datePublished":"2025-01-29T02:27:14+00:00","dateModified":"2025-05-06T23:02:50+00:00","description":"Caixa cora\u00e7\u00e3o rosa com flores de mistura pode escolher os tons da flor Entregas no distrito de Braga no pr\u00f3prio dia! Entrega distrito de BRAGA GRATUITA! Para o restante pa\u00eds- se realizar a sua encomenda at\u00e9 as 14h receber\u00e1 no dia seguinte em todo o Portugal Continental! Iva 23% inclu\u00eddo","breadcrumb":{"@id":"https:\/\/vilaverdeemflor.com\/produto\/caixa-coracao-rosa\/#breadcrumb"},"inLanguage":"en-GB","potentialAction":[{"@type":"ReadAction","target":["https:\/\/vilaverdeemflor.com\/produto\/caixa-coracao-rosa\/"]}]},{"@type":"ImageObject","inLanguage":"en-GB","@id":"https:\/\/vilaverdeemflor.com\/produto\/caixa-coracao-rosa\/#primaryimage","url":"https:\/\/vilaverdeemflor.com\/wp-content\/uploads\/2025\/01\/products-1459931056.jpg","contentUrl":"https:\/\/vilaverdeemflor.com\/wp-content\/uploads\/2025\/01\/products-1459931056.jpg","width":1440,"height":1440},{"@type":"BreadcrumbList","@id":"https:\/\/vilaverdeemflor.com\/produto\/caixa-coracao-rosa\/#breadcrumb","itemListElement":[{"@type":"ListItem","position":1,"name":"In\u00edcio","item":"https:\/\/vilaverdeemflor.com\/"},{"@type":"ListItem","position":2,"name":"Loja","item":"https:\/\/vilaverdeemflor.com\/loja\/"},{"@type":"ListItem","position":3,"name":"Caixa cora\u00e7\u00e3o rosa"}]},{"@type":"WebSite","@id":"https:\/\/vilaverdeemflor.com\/#website","url":"https:\/\/vilaverdeemflor.com\/","name":"Green village in Bloom","description":"ORGANIZA\u00c7\u00c3O DE EVENTOS FLORISTA","publisher":{"@id":"https:\/\/vilaverdeemflor.com\/#organization"},"potentialAction":[{"@type":"SearchAction","target":{"@type":"EntryPoint","urlTemplate":"https:\/\/vilaverdeemflor.com\/?s={search_term_string}"},"query-input":{"@type":"PropertyValueSpecification","valueRequired":true,"valueName":"search_term_string"}}],"inLanguage":"en-GB"},{"@type":"Organization","@id":"https:\/\/vilaverdeemflor.com\/#organization","name":"Green village in Bloom","url":"https:\/\/vilaverdeemflor.com\/","logo":{"@type":"ImageObject","inLanguage":"en-GB","@id":"https:\/\/vilaverdeemflor.com\/#\/schema\/logo\/image\/","url":"https:\/\/vilaverdeemflor.com\/wp-content\/uploads\/2025\/01\/Untitled-1.webp","contentUrl":"https:\/\/vilaverdeemflor.com\/wp-content\/uploads\/2025\/01\/Untitled-1.webp","width":329,"height":44,"caption":"Vila Verde em Flor"},"image":{"@id":"https:\/\/vilaverdeemflor.com\/#\/schema\/logo\/image\/"},"sameAs":["https:\/\/facebook.com\/vila.verdeemflor.pt","https:\/\/www.instagram.com\/vilaverdeemflor\/"]}]}},"_links":{"self":[{"href":"https:\/\/vilaverdeemflor.com\/en\/wp-json\/wp\/v2\/product\/5910","targetHints":{"allow":["GET"]}}],"collection":[{"href":"https:\/\/vilaverdeemflor.com\/en\/wp-json\/wp\/v2\/product"}],"about":[{"href":"https:\/\/vilaverdeemflor.com\/en\/wp-json\/wp\/v2\/types\/product"}],"replies":[{"embeddable":true,"href":"https:\/\/vilaverdeemflor.com\/en\/wp-json\/wp\/v2\/comments?post=5910"}],"wp:featuredmedia":[{"embeddable":true,"href":"https:\/\/vilaverdeemflor.com\/en\/wp-json\/wp\/v2\/media\/5983"}],"wp:attachment":[{"href":"https:\/\/vilaverdeemflor.com\/en\/wp-json\/wp\/v2\/media?parent=5910"}],"wp:term":[{"taxonomy":"product_brand","embeddable":true,"href":"https:\/\/vilaverdeemflor.com\/en\/wp-json\/wp\/v2\/product_brand?post=5910"},{"taxonomy":"product_cat","embeddable":true,"href":"https:\/\/vilaverdeemflor.com\/en\/wp-json\/wp\/v2\/product_cat?post=5910"},{"taxonomy":"product_tag","embeddable":true,"href":"https:\/\/vilaverdeemflor.com\/en\/wp-json\/wp\/v2\/product_tag?post=5910"}],"curies":[{"name":"wp","href":"https:\/\/api.w.org\/{rel}","templated":true}]}}