{"id":6049,"date":"2025-01-29T03:01:12","date_gmt":"2025-01-29T03:01:12","guid":{"rendered":"https:\/\/vilaverdeemflor.com\/?post_type=product&#038;p=6049"},"modified":"2026-05-01T07:21:26","modified_gmt":"2026-05-01T07:21:26","slug":"mistura-dos-sonhos","status":"publish","type":"product","link":"https:\/\/vilaverdeemflor.com\/en\/product\/mistura-dos-sonhos\/","title":{"rendered":"Mistura dos Sonhos"},"content":{"rendered":"<p>Este delicado arranjo combina <strong>22 rosas<\/strong> brancas e cor-de-rosa, cuidadosamente selecionadas para transmitir pureza, ternura e amor. As rosas brancas representam paz e inoc\u00eancia, enquanto as rosas cor-de-rosa simbolizam carinho e admira\u00e7\u00e3o.<\/p>\n<p>O bouquet \u00e9 complementado por um encantador <strong>ursinho <\/strong>, adicionando um toque de aconchego e do\u00e7ura \u00e0 composi\u00e7\u00e3o. Para tornar o presente ainda mais especial e personalizado, uma elegante <strong>faixa com texto<\/strong> transmite uma mensagem \u00fanica, perfeita para a ocasi\u00e3o.<\/p>\n<p>Um presente inesquec\u00edvel que une a beleza das flores, a fofura do peluche e a emo\u00e7\u00e3o de palavras sinceras. Ideal para momentos que merecem ser celebrados com afeto e estilo!<\/p>\n<p>Ap\u00f3s a realiza\u00e7\u00e3o da sua encomenda via loja online ser\u00e1 contactado pela nossa empresa! Por favor deixe o seu contacto correcto ao realizar a encomenda.<\/p>\n<p>23% tax included<\/p>","protected":false},"excerpt":{"rendered":"<p>This delicate arrangement combines 22 white and pink roses, carefully selected to convey purity, tenderness, and love. The white roses represent peace and innocence, while the pink roses symbolize affection and admiration.<\/p>\n<p>The bouquet is complemented by a charming teddy bear, adding a touch of warmth and sweetness to the composition. To make the gift even more special and personalized, an elegant ribbon with text conveys a unique message, perfect for the occasion.<\/p>\n<p>An unforgettable gift that brings together the beauty of flowers, the cuteness of the plush toy, and the emotion of heartfelt words. Ideal for moments that deserve to be celebrated with affection and style!<\/p>\n<p>After placing your order through our online store, you will be contacted by our company! Please provide the correct contact information when placing your order.<\/p>\n<p>VAT 23% included.<\/p>","protected":false},"featured_media":6050,"comment_status":"open","ping_status":"closed","template":"","meta":{"_themeisle_gutenberg_block_has_review":false},"product_brand":[],"product_cat":[79],"product_tag":[],"class_list":{"0":"post-6049","1":"product","2":"type-product","3":"status-publish","4":"has-post-thumbnail","6":"product_cat-ramos","8":"first","9":"outofstock","10":"taxable","11":"shipping-taxable","12":"purchasable","13":"product-type-simple"},"yoast_head":"<!-- This site is optimized with the Yoast SEO plugin v25.0 - https:\/\/yoast.com\/wordpress\/plugins\/seo\/ -->\n<title>Peluche Ramo Ofertas Florista Entregas domicilio<\/title>\n<meta name=\"description\" content=\"Ofertas | Florista | Entregas domic\u00edlio | Braga | Vila Verde\" \/>\n<meta name=\"robots\" content=\"index, follow, max-snippet:-1, max-image-preview:large, max-video-preview:-1\" \/>\n<link rel=\"canonical\" href=\"https:\/\/vilaverdeemflor.com\/en\/product\/mistura-dos-sonhos\/\" \/>\n<meta property=\"og:locale\" content=\"en_GB\" \/>\n<meta property=\"og:type\" content=\"article\" \/>\n<meta property=\"og:title\" content=\"Peluche Ramo Ofertas Florista Entregas domicilio\" \/>\n<meta property=\"og:description\" content=\"Ofertas | Florista | Entregas domic\u00edlio | Braga | Vila Verde\" \/>\n<meta property=\"og:url\" content=\"https:\/\/vilaverdeemflor.com\/en\/product\/mistura-dos-sonhos\/\" \/>\n<meta property=\"og:site_name\" content=\"Vila Verde em Flor\" \/>\n<meta property=\"article:publisher\" content=\"https:\/\/facebook.com\/vila.verdeemflor.pt\" \/>\n<meta property=\"article:modified_time\" content=\"2026-05-01T07:21:26+00:00\" \/>\n<meta property=\"og:image\" content=\"http:\/\/vilaverdeemflor.com\/wp-content\/uploads\/2025\/01\/IMG-20241202-WA0041-300x300-1.jpg\" \/>\n\t<meta property=\"og:image:width\" content=\"300\" \/>\n\t<meta property=\"og:image:height\" content=\"300\" \/>\n\t<meta property=\"og:image:type\" content=\"image\/jpeg\" \/>\n<meta name=\"twitter:card\" content=\"summary_large_image\" \/>\n<meta name=\"twitter:label1\" content=\"Estimated reading time\" \/>\n\t<meta name=\"twitter:data1\" content=\"1 minute\" \/>\n<script type=\"application\/ld+json\" class=\"yoast-schema-graph\">{\"@context\":\"https:\/\/schema.org\",\"@graph\":[{\"@type\":\"WebPage\",\"@id\":\"https:\/\/vilaverdeemflor.com\/produto\/mistura-dos-sonhos\/\",\"url\":\"https:\/\/vilaverdeemflor.com\/produto\/mistura-dos-sonhos\/\",\"name\":\"Peluche Ramo Ofertas Florista Entregas domicilio\",\"isPartOf\":{\"@id\":\"https:\/\/vilaverdeemflor.com\/#website\"},\"primaryImageOfPage\":{\"@id\":\"https:\/\/vilaverdeemflor.com\/produto\/mistura-dos-sonhos\/#primaryimage\"},\"image\":{\"@id\":\"https:\/\/vilaverdeemflor.com\/produto\/mistura-dos-sonhos\/#primaryimage\"},\"thumbnailUrl\":\"https:\/\/vilaverdeemflor.com\/wp-content\/uploads\/2025\/01\/IMG-20241202-WA0041-300x300-1.jpg\",\"datePublished\":\"2025-01-29T03:01:12+00:00\",\"dateModified\":\"2026-05-01T07:21:26+00:00\",\"description\":\"Ofertas | Florista | Entregas domic\u00edlio | Braga | Vila Verde\",\"breadcrumb\":{\"@id\":\"https:\/\/vilaverdeemflor.com\/produto\/mistura-dos-sonhos\/#breadcrumb\"},\"inLanguage\":\"en-GB\",\"potentialAction\":[{\"@type\":\"ReadAction\",\"target\":[\"https:\/\/vilaverdeemflor.com\/produto\/mistura-dos-sonhos\/\"]}]},{\"@type\":\"ImageObject\",\"inLanguage\":\"en-GB\",\"@id\":\"https:\/\/vilaverdeemflor.com\/produto\/mistura-dos-sonhos\/#primaryimage\",\"url\":\"https:\/\/vilaverdeemflor.com\/wp-content\/uploads\/2025\/01\/IMG-20241202-WA0041-300x300-1.jpg\",\"contentUrl\":\"https:\/\/vilaverdeemflor.com\/wp-content\/uploads\/2025\/01\/IMG-20241202-WA0041-300x300-1.jpg\",\"width\":300,\"height\":300},{\"@type\":\"BreadcrumbList\",\"@id\":\"https:\/\/vilaverdeemflor.com\/produto\/mistura-dos-sonhos\/#breadcrumb\",\"itemListElement\":[{\"@type\":\"ListItem\",\"position\":1,\"name\":\"In\u00edcio\",\"item\":\"https:\/\/vilaverdeemflor.com\/\"},{\"@type\":\"ListItem\",\"position\":2,\"name\":\"Loja\",\"item\":\"https:\/\/vilaverdeemflor.com\/loja\/\"},{\"@type\":\"ListItem\",\"position\":3,\"name\":\"Mistura dos Sonhos\"}]},{\"@type\":\"WebSite\",\"@id\":\"https:\/\/vilaverdeemflor.com\/#website\",\"url\":\"https:\/\/vilaverdeemflor.com\/\",\"name\":\"Vila Verde em Flor\",\"description\":\"ORGANIZA\u00c7\u00c3O DE EVENTOS FLORISTA\",\"publisher\":{\"@id\":\"https:\/\/vilaverdeemflor.com\/#organization\"},\"potentialAction\":[{\"@type\":\"SearchAction\",\"target\":{\"@type\":\"EntryPoint\",\"urlTemplate\":\"https:\/\/vilaverdeemflor.com\/?s={search_term_string}\"},\"query-input\":{\"@type\":\"PropertyValueSpecification\",\"valueRequired\":true,\"valueName\":\"search_term_string\"}}],\"inLanguage\":\"en-GB\"},{\"@type\":\"Organization\",\"@id\":\"https:\/\/vilaverdeemflor.com\/#organization\",\"name\":\"Vila Verde em Flor\",\"url\":\"https:\/\/vilaverdeemflor.com\/\",\"logo\":{\"@type\":\"ImageObject\",\"inLanguage\":\"en-GB\",\"@id\":\"https:\/\/vilaverdeemflor.com\/#\/schema\/logo\/image\/\",\"url\":\"https:\/\/vilaverdeemflor.com\/wp-content\/uploads\/2025\/01\/Untitled-1.webp\",\"contentUrl\":\"https:\/\/vilaverdeemflor.com\/wp-content\/uploads\/2025\/01\/Untitled-1.webp\",\"width\":329,\"height\":44,\"caption\":\"Vila Verde em Flor\"},\"image\":{\"@id\":\"https:\/\/vilaverdeemflor.com\/#\/schema\/logo\/image\/\"},\"sameAs\":[\"https:\/\/facebook.com\/vila.verdeemflor.pt\",\"https:\/\/www.instagram.com\/vilaverdeemflor\/\"]}]}<\/script>\n<!-- \/ Yoast SEO plugin. -->","yoast_head_json":{"title":"Peluche Ramo Ofertas Florista Entregas domicilio","description":"Ofertas | Florista | Entregas domic\u00edlio | Braga | Vila Verde","robots":{"index":"index","follow":"follow","max-snippet":"max-snippet:-1","max-image-preview":"max-image-preview:large","max-video-preview":"max-video-preview:-1"},"canonical":"https:\/\/vilaverdeemflor.com\/en\/product\/mistura-dos-sonhos\/","og_locale":"en_GB","og_type":"article","og_title":"Peluche Ramo Ofertas Florista Entregas domicilio","og_description":"Ofertas | Florista | Entregas domic\u00edlio | Braga | Vila Verde","og_url":"https:\/\/vilaverdeemflor.com\/en\/product\/mistura-dos-sonhos\/","og_site_name":"Vila Verde em Flor","article_publisher":"https:\/\/facebook.com\/vila.verdeemflor.pt","article_modified_time":"2026-05-01T07:21:26+00:00","og_image":[{"width":300,"height":300,"url":"http:\/\/vilaverdeemflor.com\/wp-content\/uploads\/2025\/01\/IMG-20241202-WA0041-300x300-1.jpg","type":"image\/jpeg"}],"twitter_card":"summary_large_image","twitter_misc":{"Estimated reading time":"1 minute"},"schema":{"@context":"https:\/\/schema.org","@graph":[{"@type":"WebPage","@id":"https:\/\/vilaverdeemflor.com\/produto\/mistura-dos-sonhos\/","url":"https:\/\/vilaverdeemflor.com\/produto\/mistura-dos-sonhos\/","name":"Peluche Ramo Ofertas Florista Entregas domicilio","isPartOf":{"@id":"https:\/\/vilaverdeemflor.com\/#website"},"primaryImageOfPage":{"@id":"https:\/\/vilaverdeemflor.com\/produto\/mistura-dos-sonhos\/#primaryimage"},"image":{"@id":"https:\/\/vilaverdeemflor.com\/produto\/mistura-dos-sonhos\/#primaryimage"},"thumbnailUrl":"https:\/\/vilaverdeemflor.com\/wp-content\/uploads\/2025\/01\/IMG-20241202-WA0041-300x300-1.jpg","datePublished":"2025-01-29T03:01:12+00:00","dateModified":"2026-05-01T07:21:26+00:00","description":"Ofertas | Florista | Entregas domic\u00edlio | Braga | Vila Verde","breadcrumb":{"@id":"https:\/\/vilaverdeemflor.com\/produto\/mistura-dos-sonhos\/#breadcrumb"},"inLanguage":"en-GB","potentialAction":[{"@type":"ReadAction","target":["https:\/\/vilaverdeemflor.com\/produto\/mistura-dos-sonhos\/"]}]},{"@type":"ImageObject","inLanguage":"en-GB","@id":"https:\/\/vilaverdeemflor.com\/produto\/mistura-dos-sonhos\/#primaryimage","url":"https:\/\/vilaverdeemflor.com\/wp-content\/uploads\/2025\/01\/IMG-20241202-WA0041-300x300-1.jpg","contentUrl":"https:\/\/vilaverdeemflor.com\/wp-content\/uploads\/2025\/01\/IMG-20241202-WA0041-300x300-1.jpg","width":300,"height":300},{"@type":"BreadcrumbList","@id":"https:\/\/vilaverdeemflor.com\/produto\/mistura-dos-sonhos\/#breadcrumb","itemListElement":[{"@type":"ListItem","position":1,"name":"In\u00edcio","item":"https:\/\/vilaverdeemflor.com\/"},{"@type":"ListItem","position":2,"name":"Loja","item":"https:\/\/vilaverdeemflor.com\/loja\/"},{"@type":"ListItem","position":3,"name":"Mistura dos Sonhos"}]},{"@type":"WebSite","@id":"https:\/\/vilaverdeemflor.com\/#website","url":"https:\/\/vilaverdeemflor.com\/","name":"Green village in Bloom","description":"ORGANIZA\u00c7\u00c3O DE EVENTOS FLORISTA","publisher":{"@id":"https:\/\/vilaverdeemflor.com\/#organization"},"potentialAction":[{"@type":"SearchAction","target":{"@type":"EntryPoint","urlTemplate":"https:\/\/vilaverdeemflor.com\/?s={search_term_string}"},"query-input":{"@type":"PropertyValueSpecification","valueRequired":true,"valueName":"search_term_string"}}],"inLanguage":"en-GB"},{"@type":"Organization","@id":"https:\/\/vilaverdeemflor.com\/#organization","name":"Green village in Bloom","url":"https:\/\/vilaverdeemflor.com\/","logo":{"@type":"ImageObject","inLanguage":"en-GB","@id":"https:\/\/vilaverdeemflor.com\/#\/schema\/logo\/image\/","url":"https:\/\/vilaverdeemflor.com\/wp-content\/uploads\/2025\/01\/Untitled-1.webp","contentUrl":"https:\/\/vilaverdeemflor.com\/wp-content\/uploads\/2025\/01\/Untitled-1.webp","width":329,"height":44,"caption":"Vila Verde em Flor"},"image":{"@id":"https:\/\/vilaverdeemflor.com\/#\/schema\/logo\/image\/"},"sameAs":["https:\/\/facebook.com\/vila.verdeemflor.pt","https:\/\/www.instagram.com\/vilaverdeemflor\/"]}]}},"_links":{"self":[{"href":"https:\/\/vilaverdeemflor.com\/en\/wp-json\/wp\/v2\/product\/6049","targetHints":{"allow":["GET"]}}],"collection":[{"href":"https:\/\/vilaverdeemflor.com\/en\/wp-json\/wp\/v2\/product"}],"about":[{"href":"https:\/\/vilaverdeemflor.com\/en\/wp-json\/wp\/v2\/types\/product"}],"replies":[{"embeddable":true,"href":"https:\/\/vilaverdeemflor.com\/en\/wp-json\/wp\/v2\/comments?post=6049"}],"wp:featuredmedia":[{"embeddable":true,"href":"https:\/\/vilaverdeemflor.com\/en\/wp-json\/wp\/v2\/media\/6050"}],"wp:attachment":[{"href":"https:\/\/vilaverdeemflor.com\/en\/wp-json\/wp\/v2\/media?parent=6049"}],"wp:term":[{"taxonomy":"product_brand","embeddable":true,"href":"https:\/\/vilaverdeemflor.com\/en\/wp-json\/wp\/v2\/product_brand?post=6049"},{"taxonomy":"product_cat","embeddable":true,"href":"https:\/\/vilaverdeemflor.com\/en\/wp-json\/wp\/v2\/product_cat?post=6049"},{"taxonomy":"product_tag","embeddable":true,"href":"https:\/\/vilaverdeemflor.com\/en\/wp-json\/wp\/v2\/product_tag?post=6049"}],"curies":[{"name":"wp","href":"https:\/\/api.w.org\/{rel}","templated":true}]}}