{"id":7163,"date":"2026-01-12T12:25:35","date_gmt":"2026-01-12T12:25:35","guid":{"rendered":"https:\/\/vilaverdeemflor.com\/?post_type=product&#038;p=7163"},"modified":"2026-01-19T23:36:42","modified_gmt":"2026-01-19T23:36:42","slug":"amor-em-grande","status":"publish","type":"product","link":"https:\/\/vilaverdeemflor.com\/en\/product\/amor-em-grande\/","title":{"rendered":"Amor em Grande escala"},"content":{"rendered":"<p data-start=\"140\" data-end=\"496\">Surpreenda de forma inesquec\u00edvel com o <strong data-start=\"207\" data-end=\"232\">Amor em Grande Escala<\/strong> \u2014 um presente que fala por si.<\/p>\n<p data-start=\"140\" data-end=\"496\">Este conjunto inclui um <strong data-start=\"288\" data-end=\"322\">peluche gigante de 1,80 metros<\/strong>, macio e irresist\u00edvel, perfeito para transmitir carinho em grande dimens\u00e3o, acompanhado por um <strong data-start=\"418\" data-end=\"457\" data-is-only-node=\"\">elegante ramo de 50 rosas vermelhas<\/strong>, s\u00edmbolo cl\u00e1ssico do amor e da paix\u00e3o.<\/p>\n<p data-start=\"498\" data-end=\"748\">Ideal para ocasi\u00f5es especiais como anivers\u00e1rios, pedidos de namoro, Dia dos Namorados ou simplesmente para dizer \u201camo-te\u201d de uma forma memor\u00e1vel. Um presente impactante, rom\u00e2ntico e cheio de emo\u00e7\u00e3o, pensado para quem gosta de surpreender sem limites.<\/p>","protected":false},"excerpt":{"rendered":"<p>Surpreenda de forma inesquec\u00edvel com o Amor em Grande Escala \u2014 um presente que fala por si. Este conjunto inclui um peluche gigante de 1,80 metros, macio e irresist\u00edvel, perfeito para transmitir carinho em grande dimens\u00e3o, acompanhado por um elegante ramo de 50 rosas vermelhas, s\u00edmbolo cl\u00e1ssico do amor e da paix\u00e3o. Ideal para ocasi\u00f5es [&hellip;]<\/p>","protected":false},"featured_media":7164,"comment_status":"open","ping_status":"closed","template":"","meta":{"_themeisle_gutenberg_block_has_review":false},"product_brand":[],"product_cat":[135,79],"product_tag":[],"class_list":{"0":"post-7163","1":"product","2":"type-product","3":"status-publish","4":"has-post-thumbnail","6":"product_cat-namorados","7":"product_cat-ramos","9":"first","10":"instock","11":"taxable","12":"shipping-taxable","13":"purchasable","14":"product-type-simple"},"yoast_head":"<!-- This site is optimized with the Yoast SEO plugin v25.0 - https:\/\/yoast.com\/wordpress\/plugins\/seo\/ -->\n<title>Amor em Grande escala<\/title>\n<meta name=\"description\" content=\"Caixa formato de cora\u00e7\u00e3o Entregas no distrito de Braga no pr\u00f3prio dia! Entrega distrito de BRAGA GRATUITA! Para o restante pa\u00eds- se realizar a sua encomenda at\u00e9 as 14h receber\u00e1 no dia seguinte em todo o Portugal Continental! Iva 23% inclu\u00eddo Ap\u00f3s a realiza\u00e7\u00e3o da sua\u2026Surpreenda de forma inesquec\u00edvel com o Amor em Grande Escala \u2014 um presente que fala por si. Este conjunto inclui um peluche gigante de 1,80 metros, macio e irresist\u00edvel, perfeito para transmitir carinho em grande dimens\u00e3o, acompanhado por um elegante ramo de 50 rosas vermelhas, s\u00edmbolo cl\u00e1ssico do amor e da paix\u00e3o.Ideal para ocasi\u00f5es especiais como anivers\u00e1rios, pedidos de namoro, Dia dos Namorados ou simplesmente para dizer \u201camo-te\u201d de uma forma memor\u00e1vel. Um presente impactante, rom\u00e2ntico e cheio de emo\u00e7\u00e3o, pensado para quem gosta de surpreender sem limites.\" \/>\n<meta name=\"robots\" content=\"index, follow, max-snippet:-1, max-image-preview:large, max-video-preview:-1\" \/>\n<link rel=\"canonical\" href=\"https:\/\/vilaverdeemflor.com\/en\/product\/amor-em-grande\/\" \/>\n<meta property=\"og:locale\" content=\"en_GB\" \/>\n<meta property=\"og:type\" content=\"article\" \/>\n<meta property=\"og:title\" content=\"Amor em Grande escala\" \/>\n<meta property=\"og:description\" content=\"Caixa formato de cora\u00e7\u00e3o Entregas no distrito de Braga no pr\u00f3prio dia! Entrega distrito de BRAGA GRATUITA! Para o restante pa\u00eds- se realizar a sua encomenda at\u00e9 as 14h receber\u00e1 no dia seguinte em todo o Portugal Continental! Iva 23% inclu\u00eddo Ap\u00f3s a realiza\u00e7\u00e3o da sua\u2026Surpreenda de forma inesquec\u00edvel com o Amor em Grande Escala \u2014 um presente que fala por si. Este conjunto inclui um peluche gigante de 1,80 metros, macio e irresist\u00edvel, perfeito para transmitir carinho em grande dimens\u00e3o, acompanhado por um elegante ramo de 50 rosas vermelhas, s\u00edmbolo cl\u00e1ssico do amor e da paix\u00e3o.Ideal para ocasi\u00f5es especiais como anivers\u00e1rios, pedidos de namoro, Dia dos Namorados ou simplesmente para dizer \u201camo-te\u201d de uma forma memor\u00e1vel. Um presente impactante, rom\u00e2ntico e cheio de emo\u00e7\u00e3o, pensado para quem gosta de surpreender sem limites.\" \/>\n<meta property=\"og:url\" content=\"https:\/\/vilaverdeemflor.com\/en\/product\/amor-em-grande\/\" \/>\n<meta property=\"og:site_name\" content=\"Vila Verde em Flor\" \/>\n<meta property=\"article:publisher\" content=\"https:\/\/facebook.com\/vila.verdeemflor.pt\" \/>\n<meta property=\"article:modified_time\" content=\"2026-01-19T23:36:42+00:00\" \/>\n<meta property=\"og:image\" content=\"http:\/\/vilaverdeemflor.com\/wp-content\/uploads\/2026\/01\/VVemFlorAI-2-scaled.jpg\" \/>\n\t<meta property=\"og:image:width\" content=\"2560\" \/>\n\t<meta property=\"og:image:height\" content=\"1707\" \/>\n\t<meta property=\"og:image:type\" content=\"image\/jpeg\" \/>\n<meta name=\"twitter:card\" content=\"summary_large_image\" \/>\n<meta name=\"twitter:label1\" content=\"Estimated reading time\" \/>\n\t<meta name=\"twitter:data1\" content=\"1 minute\" \/>\n<script type=\"application\/ld+json\" class=\"yoast-schema-graph\">{\"@context\":\"https:\/\/schema.org\",\"@graph\":[{\"@type\":\"WebPage\",\"@id\":\"https:\/\/vilaverdeemflor.com\/produto\/amor-em-grande\/\",\"url\":\"https:\/\/vilaverdeemflor.com\/produto\/amor-em-grande\/\",\"name\":\"Amor em Grande escala\",\"isPartOf\":{\"@id\":\"https:\/\/vilaverdeemflor.com\/#website\"},\"primaryImageOfPage\":{\"@id\":\"https:\/\/vilaverdeemflor.com\/produto\/amor-em-grande\/#primaryimage\"},\"image\":{\"@id\":\"https:\/\/vilaverdeemflor.com\/produto\/amor-em-grande\/#primaryimage\"},\"thumbnailUrl\":\"https:\/\/vilaverdeemflor.com\/wp-content\/uploads\/2026\/01\/VVemFlorAI-2-scaled.jpg\",\"datePublished\":\"2026-01-12T12:25:35+00:00\",\"dateModified\":\"2026-01-19T23:36:42+00:00\",\"description\":\"Caixa formato de cora\u00e7\u00e3o Entregas no distrito de Braga no pr\u00f3prio dia! Entrega distrito de BRAGA GRATUITA! Para o restante pa\u00eds- se realizar a sua encomenda at\u00e9 as 14h receber\u00e1 no dia seguinte em todo o Portugal Continental! Iva 23% inclu\u00eddo Ap\u00f3s a realiza\u00e7\u00e3o da sua\u2026Surpreenda de forma inesquec\u00edvel com o Amor em Grande Escala \u2014 um presente que fala por si. Este conjunto inclui um peluche gigante de 1,80 metros, macio e irresist\u00edvel, perfeito para transmitir carinho em grande dimens\u00e3o, acompanhado por um elegante ramo de 50 rosas vermelhas, s\u00edmbolo cl\u00e1ssico do amor e da paix\u00e3o.Ideal para ocasi\u00f5es especiais como anivers\u00e1rios, pedidos de namoro, Dia dos Namorados ou simplesmente para dizer \u201camo-te\u201d de uma forma memor\u00e1vel. Um presente impactante, rom\u00e2ntico e cheio de emo\u00e7\u00e3o, pensado para quem gosta de surpreender sem limites.\",\"breadcrumb\":{\"@id\":\"https:\/\/vilaverdeemflor.com\/produto\/amor-em-grande\/#breadcrumb\"},\"inLanguage\":\"en-GB\",\"potentialAction\":[{\"@type\":\"ReadAction\",\"target\":[\"https:\/\/vilaverdeemflor.com\/produto\/amor-em-grande\/\"]}]},{\"@type\":\"ImageObject\",\"inLanguage\":\"en-GB\",\"@id\":\"https:\/\/vilaverdeemflor.com\/produto\/amor-em-grande\/#primaryimage\",\"url\":\"https:\/\/vilaverdeemflor.com\/wp-content\/uploads\/2026\/01\/VVemFlorAI-2-scaled.jpg\",\"contentUrl\":\"https:\/\/vilaverdeemflor.com\/wp-content\/uploads\/2026\/01\/VVemFlorAI-2-scaled.jpg\",\"width\":2560,\"height\":1707,\"caption\":\"Upscaled with Gigapixel v8.4.4. 2496x1664 =&gt; 4992x3328 (2x) @ 72 ppi Model: High Fidelity V2, denoise: 0.01, sharpen: 0.01, decompression: 0.01\"},{\"@type\":\"BreadcrumbList\",\"@id\":\"https:\/\/vilaverdeemflor.com\/produto\/amor-em-grande\/#breadcrumb\",\"itemListElement\":[{\"@type\":\"ListItem\",\"position\":1,\"name\":\"In\u00edcio\",\"item\":\"https:\/\/vilaverdeemflor.com\/\"},{\"@type\":\"ListItem\",\"position\":2,\"name\":\"Loja\",\"item\":\"https:\/\/vilaverdeemflor.com\/loja\/\"},{\"@type\":\"ListItem\",\"position\":3,\"name\":\"Amor em Grande escala\"}]},{\"@type\":\"WebSite\",\"@id\":\"https:\/\/vilaverdeemflor.com\/#website\",\"url\":\"https:\/\/vilaverdeemflor.com\/\",\"name\":\"Vila Verde em Flor\",\"description\":\"ORGANIZA\u00c7\u00c3O DE EVENTOS FLORISTA\",\"publisher\":{\"@id\":\"https:\/\/vilaverdeemflor.com\/#organization\"},\"potentialAction\":[{\"@type\":\"SearchAction\",\"target\":{\"@type\":\"EntryPoint\",\"urlTemplate\":\"https:\/\/vilaverdeemflor.com\/?s={search_term_string}\"},\"query-input\":{\"@type\":\"PropertyValueSpecification\",\"valueRequired\":true,\"valueName\":\"search_term_string\"}}],\"inLanguage\":\"en-GB\"},{\"@type\":\"Organization\",\"@id\":\"https:\/\/vilaverdeemflor.com\/#organization\",\"name\":\"Vila Verde em Flor\",\"url\":\"https:\/\/vilaverdeemflor.com\/\",\"logo\":{\"@type\":\"ImageObject\",\"inLanguage\":\"en-GB\",\"@id\":\"https:\/\/vilaverdeemflor.com\/#\/schema\/logo\/image\/\",\"url\":\"https:\/\/vilaverdeemflor.com\/wp-content\/uploads\/2025\/01\/Untitled-1.webp\",\"contentUrl\":\"https:\/\/vilaverdeemflor.com\/wp-content\/uploads\/2025\/01\/Untitled-1.webp\",\"width\":329,\"height\":44,\"caption\":\"Vila Verde em Flor\"},\"image\":{\"@id\":\"https:\/\/vilaverdeemflor.com\/#\/schema\/logo\/image\/\"},\"sameAs\":[\"https:\/\/facebook.com\/vila.verdeemflor.pt\",\"https:\/\/www.instagram.com\/vilaverdeemflor\/\"]}]}<\/script>\n<!-- \/ Yoast SEO plugin. -->","yoast_head_json":{"title":"Amor em Grande escala","description":"Caixa formato de cora\u00e7\u00e3o Entregas no distrito de Braga no pr\u00f3prio dia! Entrega distrito de BRAGA GRATUITA! Para o restante pa\u00eds- se realizar a sua encomenda at\u00e9 as 14h receber\u00e1 no dia seguinte em todo o Portugal Continental! Iva 23% inclu\u00eddo Ap\u00f3s a realiza\u00e7\u00e3o da sua\u2026Surpreenda de forma inesquec\u00edvel com o Amor em Grande Escala \u2014 um presente que fala por si. Este conjunto inclui um peluche gigante de 1,80 metros, macio e irresist\u00edvel, perfeito para transmitir carinho em grande dimens\u00e3o, acompanhado por um elegante ramo de 50 rosas vermelhas, s\u00edmbolo cl\u00e1ssico do amor e da paix\u00e3o.Ideal para ocasi\u00f5es especiais como anivers\u00e1rios, pedidos de namoro, Dia dos Namorados ou simplesmente para dizer \u201camo-te\u201d de uma forma memor\u00e1vel. Um presente impactante, rom\u00e2ntico e cheio de emo\u00e7\u00e3o, pensado para quem gosta de surpreender sem limites.","robots":{"index":"index","follow":"follow","max-snippet":"max-snippet:-1","max-image-preview":"max-image-preview:large","max-video-preview":"max-video-preview:-1"},"canonical":"https:\/\/vilaverdeemflor.com\/en\/product\/amor-em-grande\/","og_locale":"en_GB","og_type":"article","og_title":"Amor em Grande escala","og_description":"Caixa formato de cora\u00e7\u00e3o Entregas no distrito de Braga no pr\u00f3prio dia! Entrega distrito de BRAGA GRATUITA! Para o restante pa\u00eds- se realizar a sua encomenda at\u00e9 as 14h receber\u00e1 no dia seguinte em todo o Portugal Continental! Iva 23% inclu\u00eddo Ap\u00f3s a realiza\u00e7\u00e3o da sua\u2026Surpreenda de forma inesquec\u00edvel com o Amor em Grande Escala \u2014 um presente que fala por si. Este conjunto inclui um peluche gigante de 1,80 metros, macio e irresist\u00edvel, perfeito para transmitir carinho em grande dimens\u00e3o, acompanhado por um elegante ramo de 50 rosas vermelhas, s\u00edmbolo cl\u00e1ssico do amor e da paix\u00e3o.Ideal para ocasi\u00f5es especiais como anivers\u00e1rios, pedidos de namoro, Dia dos Namorados ou simplesmente para dizer \u201camo-te\u201d de uma forma memor\u00e1vel. Um presente impactante, rom\u00e2ntico e cheio de emo\u00e7\u00e3o, pensado para quem gosta de surpreender sem limites.","og_url":"https:\/\/vilaverdeemflor.com\/en\/product\/amor-em-grande\/","og_site_name":"Vila Verde em Flor","article_publisher":"https:\/\/facebook.com\/vila.verdeemflor.pt","article_modified_time":"2026-01-19T23:36:42+00:00","og_image":[{"width":2560,"height":1707,"url":"http:\/\/vilaverdeemflor.com\/wp-content\/uploads\/2026\/01\/VVemFlorAI-2-scaled.jpg","type":"image\/jpeg"}],"twitter_card":"summary_large_image","twitter_misc":{"Estimated reading time":"1 minute"},"schema":{"@context":"https:\/\/schema.org","@graph":[{"@type":"WebPage","@id":"https:\/\/vilaverdeemflor.com\/produto\/amor-em-grande\/","url":"https:\/\/vilaverdeemflor.com\/produto\/amor-em-grande\/","name":"Amor em Grande escala","isPartOf":{"@id":"https:\/\/vilaverdeemflor.com\/#website"},"primaryImageOfPage":{"@id":"https:\/\/vilaverdeemflor.com\/produto\/amor-em-grande\/#primaryimage"},"image":{"@id":"https:\/\/vilaverdeemflor.com\/produto\/amor-em-grande\/#primaryimage"},"thumbnailUrl":"https:\/\/vilaverdeemflor.com\/wp-content\/uploads\/2026\/01\/VVemFlorAI-2-scaled.jpg","datePublished":"2026-01-12T12:25:35+00:00","dateModified":"2026-01-19T23:36:42+00:00","description":"Caixa formato de cora\u00e7\u00e3o Entregas no distrito de Braga no pr\u00f3prio dia! Entrega distrito de BRAGA GRATUITA! Para o restante pa\u00eds- se realizar a sua encomenda at\u00e9 as 14h receber\u00e1 no dia seguinte em todo o Portugal Continental! Iva 23% inclu\u00eddo Ap\u00f3s a realiza\u00e7\u00e3o da sua\u2026Surpreenda de forma inesquec\u00edvel com o Amor em Grande Escala \u2014 um presente que fala por si. Este conjunto inclui um peluche gigante de 1,80 metros, macio e irresist\u00edvel, perfeito para transmitir carinho em grande dimens\u00e3o, acompanhado por um elegante ramo de 50 rosas vermelhas, s\u00edmbolo cl\u00e1ssico do amor e da paix\u00e3o.Ideal para ocasi\u00f5es especiais como anivers\u00e1rios, pedidos de namoro, Dia dos Namorados ou simplesmente para dizer \u201camo-te\u201d de uma forma memor\u00e1vel. Um presente impactante, rom\u00e2ntico e cheio de emo\u00e7\u00e3o, pensado para quem gosta de surpreender sem limites.","breadcrumb":{"@id":"https:\/\/vilaverdeemflor.com\/produto\/amor-em-grande\/#breadcrumb"},"inLanguage":"en-GB","potentialAction":[{"@type":"ReadAction","target":["https:\/\/vilaverdeemflor.com\/produto\/amor-em-grande\/"]}]},{"@type":"ImageObject","inLanguage":"en-GB","@id":"https:\/\/vilaverdeemflor.com\/produto\/amor-em-grande\/#primaryimage","url":"https:\/\/vilaverdeemflor.com\/wp-content\/uploads\/2026\/01\/VVemFlorAI-2-scaled.jpg","contentUrl":"https:\/\/vilaverdeemflor.com\/wp-content\/uploads\/2026\/01\/VVemFlorAI-2-scaled.jpg","width":2560,"height":1707,"caption":"Upscaled with Gigapixel v8.4.4. 2496x1664 =&gt; 4992x3328 (2x) @ 72 ppi Model: High Fidelity V2, denoise: 0.01, sharpen: 0.01, decompression: 0.01"},{"@type":"BreadcrumbList","@id":"https:\/\/vilaverdeemflor.com\/produto\/amor-em-grande\/#breadcrumb","itemListElement":[{"@type":"ListItem","position":1,"name":"In\u00edcio","item":"https:\/\/vilaverdeemflor.com\/"},{"@type":"ListItem","position":2,"name":"Loja","item":"https:\/\/vilaverdeemflor.com\/loja\/"},{"@type":"ListItem","position":3,"name":"Amor em Grande escala"}]},{"@type":"WebSite","@id":"https:\/\/vilaverdeemflor.com\/#website","url":"https:\/\/vilaverdeemflor.com\/","name":"Green village in Bloom","description":"ORGANIZA\u00c7\u00c3O DE EVENTOS FLORISTA","publisher":{"@id":"https:\/\/vilaverdeemflor.com\/#organization"},"potentialAction":[{"@type":"SearchAction","target":{"@type":"EntryPoint","urlTemplate":"https:\/\/vilaverdeemflor.com\/?s={search_term_string}"},"query-input":{"@type":"PropertyValueSpecification","valueRequired":true,"valueName":"search_term_string"}}],"inLanguage":"en-GB"},{"@type":"Organization","@id":"https:\/\/vilaverdeemflor.com\/#organization","name":"Green village in Bloom","url":"https:\/\/vilaverdeemflor.com\/","logo":{"@type":"ImageObject","inLanguage":"en-GB","@id":"https:\/\/vilaverdeemflor.com\/#\/schema\/logo\/image\/","url":"https:\/\/vilaverdeemflor.com\/wp-content\/uploads\/2025\/01\/Untitled-1.webp","contentUrl":"https:\/\/vilaverdeemflor.com\/wp-content\/uploads\/2025\/01\/Untitled-1.webp","width":329,"height":44,"caption":"Vila Verde em Flor"},"image":{"@id":"https:\/\/vilaverdeemflor.com\/#\/schema\/logo\/image\/"},"sameAs":["https:\/\/facebook.com\/vila.verdeemflor.pt","https:\/\/www.instagram.com\/vilaverdeemflor\/"]}]}},"_links":{"self":[{"href":"https:\/\/vilaverdeemflor.com\/en\/wp-json\/wp\/v2\/product\/7163","targetHints":{"allow":["GET"]}}],"collection":[{"href":"https:\/\/vilaverdeemflor.com\/en\/wp-json\/wp\/v2\/product"}],"about":[{"href":"https:\/\/vilaverdeemflor.com\/en\/wp-json\/wp\/v2\/types\/product"}],"replies":[{"embeddable":true,"href":"https:\/\/vilaverdeemflor.com\/en\/wp-json\/wp\/v2\/comments?post=7163"}],"wp:featuredmedia":[{"embeddable":true,"href":"https:\/\/vilaverdeemflor.com\/en\/wp-json\/wp\/v2\/media\/7164"}],"wp:attachment":[{"href":"https:\/\/vilaverdeemflor.com\/en\/wp-json\/wp\/v2\/media?parent=7163"}],"wp:term":[{"taxonomy":"product_brand","embeddable":true,"href":"https:\/\/vilaverdeemflor.com\/en\/wp-json\/wp\/v2\/product_brand?post=7163"},{"taxonomy":"product_cat","embeddable":true,"href":"https:\/\/vilaverdeemflor.com\/en\/wp-json\/wp\/v2\/product_cat?post=7163"},{"taxonomy":"product_tag","embeddable":true,"href":"https:\/\/vilaverdeemflor.com\/en\/wp-json\/wp\/v2\/product_tag?post=7163"}],"curies":[{"name":"wp","href":"https:\/\/api.w.org\/{rel}","templated":true}]}}