{"id":7173,"date":"2026-01-12T12:34:56","date_gmt":"2026-01-12T12:34:56","guid":{"rendered":"https:\/\/vilaverdeemflor.com\/?post_type=product&#038;p=7173"},"modified":"2026-01-12T12:36:04","modified_gmt":"2026-01-12T12:36:04","slug":"caixa-rosas-vermelhas","status":"publish","type":"product","link":"https:\/\/vilaverdeemflor.com\/en\/product\/caixa-rosas-vermelhas\/","title":{"rendered":"Caixa Rosas Vermelhas"},"content":{"rendered":"<p>Caixa rosas vermelhas (25 rosas)<\/p>\n<p>Entregas no distrito de Braga no pr\u00f3prio dia! Entrega distrito de BRAGA GRATUITA!<\/p>\n<p>ESTE ARTIGO N\u00c3O ENVIAMOS PARA FORA DO DISTRITO DE BRA<span class=\"redactor-invisible-space\">GA<\/span><\/p>\n<p>23% tax included<\/p>","protected":false},"excerpt":{"rendered":"<p>Caixa rosas vermelhas (25 rosas) Entregas no distrito de Braga no pr\u00f3prio dia! Entrega distrito de BRAGA GRATUITA! ESTE ARTIGO N\u00c3O ENVIAMOS PARA FORA DO DISTRITO DE BRAGA Iva 23% inclu\u00eddo<\/p>","protected":false},"featured_media":7174,"comment_status":"open","ping_status":"closed","template":"","meta":{"_themeisle_gutenberg_block_has_review":false},"product_brand":[],"product_cat":[135,26],"product_tag":[],"class_list":{"0":"post-7173","1":"product","2":"type-product","3":"status-publish","4":"has-post-thumbnail","6":"product_cat-namorados","7":"product_cat-caixas-de-flores-2","9":"first","10":"instock","11":"taxable","12":"shipping-taxable","13":"purchasable","14":"product-type-simple"},"yoast_head":"<!-- This site is optimized with the Yoast SEO plugin v25.0 - https:\/\/yoast.com\/wordpress\/plugins\/seo\/ -->\n<title>Flowerbox | Flower delivery<\/title>\n<meta name=\"description\" content=\"Caixa com rosas vermlhas Entrega de flores ao domicilio em Portugal\" \/>\n<meta name=\"robots\" content=\"index, follow, max-snippet:-1, max-image-preview:large, max-video-preview:-1\" \/>\n<link rel=\"canonical\" href=\"https:\/\/vilaverdeemflor.com\/en\/product\/caixa-rosas-vermelhas\/\" \/>\n<meta property=\"og:locale\" content=\"en_GB\" \/>\n<meta property=\"og:type\" content=\"article\" \/>\n<meta property=\"og:title\" content=\"Flowerbox | Flower delivery\" \/>\n<meta property=\"og:description\" content=\"Caixa com rosas vermlhas Entrega de flores ao domicilio em Portugal\" \/>\n<meta property=\"og:url\" content=\"https:\/\/vilaverdeemflor.com\/en\/product\/caixa-rosas-vermelhas\/\" \/>\n<meta property=\"og:site_name\" content=\"Vila Verde em Flor\" \/>\n<meta property=\"article:publisher\" content=\"https:\/\/facebook.com\/vila.verdeemflor.pt\" \/>\n<meta property=\"article:modified_time\" content=\"2026-01-12T12:36:04+00:00\" \/>\n<meta property=\"og:image\" content=\"http:\/\/vilaverdeemflor.com\/wp-content\/uploads\/2026\/01\/caixa.jpeg\" \/>\n\t<meta property=\"og:image:width\" content=\"1536\" \/>\n\t<meta property=\"og:image:height\" content=\"2048\" \/>\n\t<meta property=\"og:image:type\" content=\"image\/jpeg\" \/>\n<meta name=\"twitter:card\" content=\"summary_large_image\" \/>\n<meta name=\"twitter:label1\" content=\"Estimated reading time\" \/>\n\t<meta name=\"twitter:data1\" content=\"1 minute\" \/>\n<script type=\"application\/ld+json\" class=\"yoast-schema-graph\">{\"@context\":\"https:\/\/schema.org\",\"@graph\":[{\"@type\":\"WebPage\",\"@id\":\"https:\/\/vilaverdeemflor.com\/produto\/caixa-rosas-vermelhas\/\",\"url\":\"https:\/\/vilaverdeemflor.com\/produto\/caixa-rosas-vermelhas\/\",\"name\":\"Flowerbox | Flower delivery\",\"isPartOf\":{\"@id\":\"https:\/\/vilaverdeemflor.com\/#website\"},\"primaryImageOfPage\":{\"@id\":\"https:\/\/vilaverdeemflor.com\/produto\/caixa-rosas-vermelhas\/#primaryimage\"},\"image\":{\"@id\":\"https:\/\/vilaverdeemflor.com\/produto\/caixa-rosas-vermelhas\/#primaryimage\"},\"thumbnailUrl\":\"https:\/\/vilaverdeemflor.com\/wp-content\/uploads\/2026\/01\/caixa.jpeg\",\"datePublished\":\"2026-01-12T12:34:56+00:00\",\"dateModified\":\"2026-01-12T12:36:04+00:00\",\"description\":\"Caixa com rosas vermlhas Entrega de flores ao domicilio em Portugal\",\"breadcrumb\":{\"@id\":\"https:\/\/vilaverdeemflor.com\/produto\/caixa-rosas-vermelhas\/#breadcrumb\"},\"inLanguage\":\"en-GB\",\"potentialAction\":[{\"@type\":\"ReadAction\",\"target\":[\"https:\/\/vilaverdeemflor.com\/produto\/caixa-rosas-vermelhas\/\"]}]},{\"@type\":\"ImageObject\",\"inLanguage\":\"en-GB\",\"@id\":\"https:\/\/vilaverdeemflor.com\/produto\/caixa-rosas-vermelhas\/#primaryimage\",\"url\":\"https:\/\/vilaverdeemflor.com\/wp-content\/uploads\/2026\/01\/caixa.jpeg\",\"contentUrl\":\"https:\/\/vilaverdeemflor.com\/wp-content\/uploads\/2026\/01\/caixa.jpeg\",\"width\":1536,\"height\":2048},{\"@type\":\"BreadcrumbList\",\"@id\":\"https:\/\/vilaverdeemflor.com\/produto\/caixa-rosas-vermelhas\/#breadcrumb\",\"itemListElement\":[{\"@type\":\"ListItem\",\"position\":1,\"name\":\"In\u00edcio\",\"item\":\"https:\/\/vilaverdeemflor.com\/\"},{\"@type\":\"ListItem\",\"position\":2,\"name\":\"Loja\",\"item\":\"https:\/\/vilaverdeemflor.com\/loja\/\"},{\"@type\":\"ListItem\",\"position\":3,\"name\":\"Caixa Rosas Vermelhas\"}]},{\"@type\":\"WebSite\",\"@id\":\"https:\/\/vilaverdeemflor.com\/#website\",\"url\":\"https:\/\/vilaverdeemflor.com\/\",\"name\":\"Vila Verde em Flor\",\"description\":\"ORGANIZA\u00c7\u00c3O DE EVENTOS FLORISTA\",\"publisher\":{\"@id\":\"https:\/\/vilaverdeemflor.com\/#organization\"},\"potentialAction\":[{\"@type\":\"SearchAction\",\"target\":{\"@type\":\"EntryPoint\",\"urlTemplate\":\"https:\/\/vilaverdeemflor.com\/?s={search_term_string}\"},\"query-input\":{\"@type\":\"PropertyValueSpecification\",\"valueRequired\":true,\"valueName\":\"search_term_string\"}}],\"inLanguage\":\"en-GB\"},{\"@type\":\"Organization\",\"@id\":\"https:\/\/vilaverdeemflor.com\/#organization\",\"name\":\"Vila Verde em Flor\",\"url\":\"https:\/\/vilaverdeemflor.com\/\",\"logo\":{\"@type\":\"ImageObject\",\"inLanguage\":\"en-GB\",\"@id\":\"https:\/\/vilaverdeemflor.com\/#\/schema\/logo\/image\/\",\"url\":\"https:\/\/vilaverdeemflor.com\/wp-content\/uploads\/2025\/01\/Untitled-1.webp\",\"contentUrl\":\"https:\/\/vilaverdeemflor.com\/wp-content\/uploads\/2025\/01\/Untitled-1.webp\",\"width\":329,\"height\":44,\"caption\":\"Vila Verde em Flor\"},\"image\":{\"@id\":\"https:\/\/vilaverdeemflor.com\/#\/schema\/logo\/image\/\"},\"sameAs\":[\"https:\/\/facebook.com\/vila.verdeemflor.pt\",\"https:\/\/www.instagram.com\/vilaverdeemflor\/\"]}]}<\/script>\n<!-- \/ Yoast SEO plugin. -->","yoast_head_json":{"title":"Flowerbox | Flower delivery","description":"Caixa com rosas vermlhas Entrega de flores ao domicilio em Portugal","robots":{"index":"index","follow":"follow","max-snippet":"max-snippet:-1","max-image-preview":"max-image-preview:large","max-video-preview":"max-video-preview:-1"},"canonical":"https:\/\/vilaverdeemflor.com\/en\/product\/caixa-rosas-vermelhas\/","og_locale":"en_GB","og_type":"article","og_title":"Flowerbox | Flower delivery","og_description":"Caixa com rosas vermlhas Entrega de flores ao domicilio em Portugal","og_url":"https:\/\/vilaverdeemflor.com\/en\/product\/caixa-rosas-vermelhas\/","og_site_name":"Vila Verde em Flor","article_publisher":"https:\/\/facebook.com\/vila.verdeemflor.pt","article_modified_time":"2026-01-12T12:36:04+00:00","og_image":[{"width":1536,"height":2048,"url":"http:\/\/vilaverdeemflor.com\/wp-content\/uploads\/2026\/01\/caixa.jpeg","type":"image\/jpeg"}],"twitter_card":"summary_large_image","twitter_misc":{"Estimated reading time":"1 minute"},"schema":{"@context":"https:\/\/schema.org","@graph":[{"@type":"WebPage","@id":"https:\/\/vilaverdeemflor.com\/produto\/caixa-rosas-vermelhas\/","url":"https:\/\/vilaverdeemflor.com\/produto\/caixa-rosas-vermelhas\/","name":"Flowerbox | Flower delivery","isPartOf":{"@id":"https:\/\/vilaverdeemflor.com\/#website"},"primaryImageOfPage":{"@id":"https:\/\/vilaverdeemflor.com\/produto\/caixa-rosas-vermelhas\/#primaryimage"},"image":{"@id":"https:\/\/vilaverdeemflor.com\/produto\/caixa-rosas-vermelhas\/#primaryimage"},"thumbnailUrl":"https:\/\/vilaverdeemflor.com\/wp-content\/uploads\/2026\/01\/caixa.jpeg","datePublished":"2026-01-12T12:34:56+00:00","dateModified":"2026-01-12T12:36:04+00:00","description":"Caixa com rosas vermlhas Entrega de flores ao domicilio em Portugal","breadcrumb":{"@id":"https:\/\/vilaverdeemflor.com\/produto\/caixa-rosas-vermelhas\/#breadcrumb"},"inLanguage":"en-GB","potentialAction":[{"@type":"ReadAction","target":["https:\/\/vilaverdeemflor.com\/produto\/caixa-rosas-vermelhas\/"]}]},{"@type":"ImageObject","inLanguage":"en-GB","@id":"https:\/\/vilaverdeemflor.com\/produto\/caixa-rosas-vermelhas\/#primaryimage","url":"https:\/\/vilaverdeemflor.com\/wp-content\/uploads\/2026\/01\/caixa.jpeg","contentUrl":"https:\/\/vilaverdeemflor.com\/wp-content\/uploads\/2026\/01\/caixa.jpeg","width":1536,"height":2048},{"@type":"BreadcrumbList","@id":"https:\/\/vilaverdeemflor.com\/produto\/caixa-rosas-vermelhas\/#breadcrumb","itemListElement":[{"@type":"ListItem","position":1,"name":"In\u00edcio","item":"https:\/\/vilaverdeemflor.com\/"},{"@type":"ListItem","position":2,"name":"Loja","item":"https:\/\/vilaverdeemflor.com\/loja\/"},{"@type":"ListItem","position":3,"name":"Caixa Rosas Vermelhas"}]},{"@type":"WebSite","@id":"https:\/\/vilaverdeemflor.com\/#website","url":"https:\/\/vilaverdeemflor.com\/","name":"Green village in Bloom","description":"ORGANIZA\u00c7\u00c3O DE EVENTOS FLORISTA","publisher":{"@id":"https:\/\/vilaverdeemflor.com\/#organization"},"potentialAction":[{"@type":"SearchAction","target":{"@type":"EntryPoint","urlTemplate":"https:\/\/vilaverdeemflor.com\/?s={search_term_string}"},"query-input":{"@type":"PropertyValueSpecification","valueRequired":true,"valueName":"search_term_string"}}],"inLanguage":"en-GB"},{"@type":"Organization","@id":"https:\/\/vilaverdeemflor.com\/#organization","name":"Green village in Bloom","url":"https:\/\/vilaverdeemflor.com\/","logo":{"@type":"ImageObject","inLanguage":"en-GB","@id":"https:\/\/vilaverdeemflor.com\/#\/schema\/logo\/image\/","url":"https:\/\/vilaverdeemflor.com\/wp-content\/uploads\/2025\/01\/Untitled-1.webp","contentUrl":"https:\/\/vilaverdeemflor.com\/wp-content\/uploads\/2025\/01\/Untitled-1.webp","width":329,"height":44,"caption":"Vila Verde em Flor"},"image":{"@id":"https:\/\/vilaverdeemflor.com\/#\/schema\/logo\/image\/"},"sameAs":["https:\/\/facebook.com\/vila.verdeemflor.pt","https:\/\/www.instagram.com\/vilaverdeemflor\/"]}]}},"_links":{"self":[{"href":"https:\/\/vilaverdeemflor.com\/en\/wp-json\/wp\/v2\/product\/7173","targetHints":{"allow":["GET"]}}],"collection":[{"href":"https:\/\/vilaverdeemflor.com\/en\/wp-json\/wp\/v2\/product"}],"about":[{"href":"https:\/\/vilaverdeemflor.com\/en\/wp-json\/wp\/v2\/types\/product"}],"replies":[{"embeddable":true,"href":"https:\/\/vilaverdeemflor.com\/en\/wp-json\/wp\/v2\/comments?post=7173"}],"wp:featuredmedia":[{"embeddable":true,"href":"https:\/\/vilaverdeemflor.com\/en\/wp-json\/wp\/v2\/media\/7174"}],"wp:attachment":[{"href":"https:\/\/vilaverdeemflor.com\/en\/wp-json\/wp\/v2\/media?parent=7173"}],"wp:term":[{"taxonomy":"product_brand","embeddable":true,"href":"https:\/\/vilaverdeemflor.com\/en\/wp-json\/wp\/v2\/product_brand?post=7173"},{"taxonomy":"product_cat","embeddable":true,"href":"https:\/\/vilaverdeemflor.com\/en\/wp-json\/wp\/v2\/product_cat?post=7173"},{"taxonomy":"product_tag","embeddable":true,"href":"https:\/\/vilaverdeemflor.com\/en\/wp-json\/wp\/v2\/product_tag?post=7173"}],"curies":[{"name":"wp","href":"https:\/\/api.w.org\/{rel}","templated":true}]}}