{"id":7712,"date":"2026-04-13T13:27:21","date_gmt":"2026-04-13T13:27:21","guid":{"rendered":"https:\/\/vilaverdeemflor.com\/?post_type=product&#038;p=7712"},"modified":"2026-04-13T13:29:52","modified_gmt":"2026-04-13T13:29:52","slug":"puro-carinho","status":"publish","type":"product","link":"https:\/\/vilaverdeemflor.com\/en\/product\/puro-carinho\/","title":{"rendered":"Puro Carinho"},"content":{"rendered":"<p class=\"isSelectedEnd\">Uma caixa alta em tons de rosa, delicada e elegante, pensada para surpreender quem mais merece \ud83d\udc96<\/p>\n<p class=\"isSelectedEnd\">Composta por rosas cor-de-rosa, s\u00edmbolo de ternura, gratid\u00e3o e amor doce, esta cria\u00e7\u00e3o transmite tudo aquilo que \u00e0s vezes as palavras n\u00e3o conseguem dizer \u2728<\/p>\n<p class=\"isSelectedEnd\">Perfeita para o Dia da M\u00e3e\u2026 ou para qualquer momento em que queira oferecer um gesto cheio de significado \ud83c\udf37<\/p>\n<p>Um verdadeiro abra\u00e7o em forma de flores \ud83d\udc90\ud83d\udc95<\/p>\n<p>Iva Inclu\u00eddo 23%<\/p>","protected":false},"excerpt":{"rendered":"<p>Uma caixa alta em tons de rosa, delicada e elegante, pensada para surpreender quem mais merece \ud83d\udc96 Composta por rosas cor-de-rosa, s\u00edmbolo de ternura, gratid\u00e3o e amor doce, esta cria\u00e7\u00e3o transmite tudo aquilo que \u00e0s vezes as palavras n\u00e3o conseguem dizer \u2728 Perfeita para o Dia da M\u00e3e\u2026 ou para qualquer momento em que queira [&hellip;]<\/p>","protected":false},"featured_media":7715,"comment_status":"open","ping_status":"closed","template":"","meta":{"_themeisle_gutenberg_block_has_review":false},"product_brand":[],"product_cat":[136],"product_tag":[],"class_list":{"0":"post-7712","1":"product","2":"type-product","3":"status-publish","4":"has-post-thumbnail","6":"product_cat-mae","8":"first","9":"instock","10":"taxable","11":"shipping-taxable","12":"purchasable","13":"product-type-simple"},"yoast_head":"<!-- This site is optimized with the Yoast SEO plugin v25.0 - https:\/\/yoast.com\/wordpress\/plugins\/seo\/ -->\n<title>Puro Carinho - Vila Verde em Flor<\/title>\n<meta name=\"description\" content=\"Composta por rosas cor-de-rosa, s\u00edmbolo de ternura, gratid\u00e3o e amor doce, esta cria\u00e7\u00e3o transmite tudo aquilo que \u00e0s vezes as palavras n\u00e3o conseguem dizer \u2728Perfeita para o Dia da M\u00e3e\u2026 ou para qualquer momento em que queira oferecer um gesto cheio de significado \ud83c\udf37\" \/>\n<meta name=\"robots\" content=\"index, follow, max-snippet:-1, max-image-preview:large, max-video-preview:-1\" \/>\n<link rel=\"canonical\" href=\"https:\/\/vilaverdeemflor.com\/en\/product\/puro-carinho\/\" \/>\n<meta property=\"og:locale\" content=\"en_GB\" \/>\n<meta property=\"og:type\" content=\"article\" \/>\n<meta property=\"og:title\" content=\"Puro Carinho - Vila Verde em Flor\" \/>\n<meta property=\"og:description\" content=\"Composta por rosas cor-de-rosa, s\u00edmbolo de ternura, gratid\u00e3o e amor doce, esta cria\u00e7\u00e3o transmite tudo aquilo que \u00e0s vezes as palavras n\u00e3o conseguem dizer \u2728Perfeita para o Dia da M\u00e3e\u2026 ou para qualquer momento em que queira oferecer um gesto cheio de significado \ud83c\udf37\" \/>\n<meta property=\"og:url\" content=\"https:\/\/vilaverdeemflor.com\/en\/product\/puro-carinho\/\" \/>\n<meta property=\"og:site_name\" content=\"Vila Verde em Flor\" \/>\n<meta property=\"article:publisher\" content=\"https:\/\/facebook.com\/vila.verdeemflor.pt\" \/>\n<meta property=\"article:modified_time\" content=\"2026-04-13T13:29:52+00:00\" \/>\n<meta property=\"og:image\" content=\"http:\/\/vilaverdeemflor.com\/wp-content\/uploads\/2026\/04\/VVemFlor_Abril-12-of-17.jpg\" \/>\n\t<meta property=\"og:image:width\" content=\"2000\" \/>\n\t<meta property=\"og:image:height\" content=\"1333\" \/>\n\t<meta property=\"og:image:type\" content=\"image\/jpeg\" \/>\n<meta name=\"twitter:card\" content=\"summary_large_image\" \/>\n<meta name=\"twitter:label1\" content=\"Estimated reading time\" \/>\n\t<meta name=\"twitter:data1\" content=\"1 minute\" \/>\n<script type=\"application\/ld+json\" class=\"yoast-schema-graph\">{\"@context\":\"https:\/\/schema.org\",\"@graph\":[{\"@type\":\"WebPage\",\"@id\":\"https:\/\/vilaverdeemflor.com\/produto\/puro-carinho\/\",\"url\":\"https:\/\/vilaverdeemflor.com\/produto\/puro-carinho\/\",\"name\":\"Puro Carinho - Vila Verde em Flor\",\"isPartOf\":{\"@id\":\"https:\/\/vilaverdeemflor.com\/#website\"},\"primaryImageOfPage\":{\"@id\":\"https:\/\/vilaverdeemflor.com\/produto\/puro-carinho\/#primaryimage\"},\"image\":{\"@id\":\"https:\/\/vilaverdeemflor.com\/produto\/puro-carinho\/#primaryimage\"},\"thumbnailUrl\":\"https:\/\/vilaverdeemflor.com\/wp-content\/uploads\/2026\/04\/VVemFlor_Abril-12-of-17.jpg\",\"datePublished\":\"2026-04-13T13:27:21+00:00\",\"dateModified\":\"2026-04-13T13:29:52+00:00\",\"description\":\"Composta por rosas cor-de-rosa, s\u00edmbolo de ternura, gratid\u00e3o e amor doce, esta cria\u00e7\u00e3o transmite tudo aquilo que \u00e0s vezes as palavras n\u00e3o conseguem dizer \u2728Perfeita para o Dia da M\u00e3e\u2026 ou para qualquer momento em que queira oferecer um gesto cheio de significado \ud83c\udf37\",\"breadcrumb\":{\"@id\":\"https:\/\/vilaverdeemflor.com\/produto\/puro-carinho\/#breadcrumb\"},\"inLanguage\":\"en-GB\",\"potentialAction\":[{\"@type\":\"ReadAction\",\"target\":[\"https:\/\/vilaverdeemflor.com\/produto\/puro-carinho\/\"]}]},{\"@type\":\"ImageObject\",\"inLanguage\":\"en-GB\",\"@id\":\"https:\/\/vilaverdeemflor.com\/produto\/puro-carinho\/#primaryimage\",\"url\":\"https:\/\/vilaverdeemflor.com\/wp-content\/uploads\/2026\/04\/VVemFlor_Abril-12-of-17.jpg\",\"contentUrl\":\"https:\/\/vilaverdeemflor.com\/wp-content\/uploads\/2026\/04\/VVemFlor_Abril-12-of-17.jpg\",\"width\":2000,\"height\":1333},{\"@type\":\"BreadcrumbList\",\"@id\":\"https:\/\/vilaverdeemflor.com\/produto\/puro-carinho\/#breadcrumb\",\"itemListElement\":[{\"@type\":\"ListItem\",\"position\":1,\"name\":\"In\u00edcio\",\"item\":\"https:\/\/vilaverdeemflor.com\/\"},{\"@type\":\"ListItem\",\"position\":2,\"name\":\"Loja\",\"item\":\"https:\/\/vilaverdeemflor.com\/loja\/\"},{\"@type\":\"ListItem\",\"position\":3,\"name\":\"Puro Carinho\"}]},{\"@type\":\"WebSite\",\"@id\":\"https:\/\/vilaverdeemflor.com\/#website\",\"url\":\"https:\/\/vilaverdeemflor.com\/\",\"name\":\"Vila Verde em Flor\",\"description\":\"ORGANIZA\u00c7\u00c3O DE EVENTOS FLORISTA\",\"publisher\":{\"@id\":\"https:\/\/vilaverdeemflor.com\/#organization\"},\"potentialAction\":[{\"@type\":\"SearchAction\",\"target\":{\"@type\":\"EntryPoint\",\"urlTemplate\":\"https:\/\/vilaverdeemflor.com\/?s={search_term_string}\"},\"query-input\":{\"@type\":\"PropertyValueSpecification\",\"valueRequired\":true,\"valueName\":\"search_term_string\"}}],\"inLanguage\":\"en-GB\"},{\"@type\":\"Organization\",\"@id\":\"https:\/\/vilaverdeemflor.com\/#organization\",\"name\":\"Vila Verde em Flor\",\"url\":\"https:\/\/vilaverdeemflor.com\/\",\"logo\":{\"@type\":\"ImageObject\",\"inLanguage\":\"en-GB\",\"@id\":\"https:\/\/vilaverdeemflor.com\/#\/schema\/logo\/image\/\",\"url\":\"https:\/\/vilaverdeemflor.com\/wp-content\/uploads\/2025\/01\/Untitled-1.webp\",\"contentUrl\":\"https:\/\/vilaverdeemflor.com\/wp-content\/uploads\/2025\/01\/Untitled-1.webp\",\"width\":329,\"height\":44,\"caption\":\"Vila Verde em Flor\"},\"image\":{\"@id\":\"https:\/\/vilaverdeemflor.com\/#\/schema\/logo\/image\/\"},\"sameAs\":[\"https:\/\/facebook.com\/vila.verdeemflor.pt\",\"https:\/\/www.instagram.com\/vilaverdeemflor\/\"]}]}<\/script>\n<!-- \/ Yoast SEO plugin. -->","yoast_head_json":{"title":"Puro Carinho - Vila Verde em Flor","description":"Composta por rosas cor-de-rosa, s\u00edmbolo de ternura, gratid\u00e3o e amor doce, esta cria\u00e7\u00e3o transmite tudo aquilo que \u00e0s vezes as palavras n\u00e3o conseguem dizer \u2728Perfeita para o Dia da M\u00e3e\u2026 ou para qualquer momento em que queira oferecer um gesto cheio de significado \ud83c\udf37","robots":{"index":"index","follow":"follow","max-snippet":"max-snippet:-1","max-image-preview":"max-image-preview:large","max-video-preview":"max-video-preview:-1"},"canonical":"https:\/\/vilaverdeemflor.com\/en\/product\/puro-carinho\/","og_locale":"en_GB","og_type":"article","og_title":"Puro Carinho - Vila Verde em Flor","og_description":"Composta por rosas cor-de-rosa, s\u00edmbolo de ternura, gratid\u00e3o e amor doce, esta cria\u00e7\u00e3o transmite tudo aquilo que \u00e0s vezes as palavras n\u00e3o conseguem dizer \u2728Perfeita para o Dia da M\u00e3e\u2026 ou para qualquer momento em que queira oferecer um gesto cheio de significado \ud83c\udf37","og_url":"https:\/\/vilaverdeemflor.com\/en\/product\/puro-carinho\/","og_site_name":"Vila Verde em Flor","article_publisher":"https:\/\/facebook.com\/vila.verdeemflor.pt","article_modified_time":"2026-04-13T13:29:52+00:00","og_image":[{"width":2000,"height":1333,"url":"http:\/\/vilaverdeemflor.com\/wp-content\/uploads\/2026\/04\/VVemFlor_Abril-12-of-17.jpg","type":"image\/jpeg"}],"twitter_card":"summary_large_image","twitter_misc":{"Estimated reading time":"1 minute"},"schema":{"@context":"https:\/\/schema.org","@graph":[{"@type":"WebPage","@id":"https:\/\/vilaverdeemflor.com\/produto\/puro-carinho\/","url":"https:\/\/vilaverdeemflor.com\/produto\/puro-carinho\/","name":"Puro Carinho - Vila Verde em Flor","isPartOf":{"@id":"https:\/\/vilaverdeemflor.com\/#website"},"primaryImageOfPage":{"@id":"https:\/\/vilaverdeemflor.com\/produto\/puro-carinho\/#primaryimage"},"image":{"@id":"https:\/\/vilaverdeemflor.com\/produto\/puro-carinho\/#primaryimage"},"thumbnailUrl":"https:\/\/vilaverdeemflor.com\/wp-content\/uploads\/2026\/04\/VVemFlor_Abril-12-of-17.jpg","datePublished":"2026-04-13T13:27:21+00:00","dateModified":"2026-04-13T13:29:52+00:00","description":"Composta por rosas cor-de-rosa, s\u00edmbolo de ternura, gratid\u00e3o e amor doce, esta cria\u00e7\u00e3o transmite tudo aquilo que \u00e0s vezes as palavras n\u00e3o conseguem dizer \u2728Perfeita para o Dia da M\u00e3e\u2026 ou para qualquer momento em que queira oferecer um gesto cheio de significado \ud83c\udf37","breadcrumb":{"@id":"https:\/\/vilaverdeemflor.com\/produto\/puro-carinho\/#breadcrumb"},"inLanguage":"en-GB","potentialAction":[{"@type":"ReadAction","target":["https:\/\/vilaverdeemflor.com\/produto\/puro-carinho\/"]}]},{"@type":"ImageObject","inLanguage":"en-GB","@id":"https:\/\/vilaverdeemflor.com\/produto\/puro-carinho\/#primaryimage","url":"https:\/\/vilaverdeemflor.com\/wp-content\/uploads\/2026\/04\/VVemFlor_Abril-12-of-17.jpg","contentUrl":"https:\/\/vilaverdeemflor.com\/wp-content\/uploads\/2026\/04\/VVemFlor_Abril-12-of-17.jpg","width":2000,"height":1333},{"@type":"BreadcrumbList","@id":"https:\/\/vilaverdeemflor.com\/produto\/puro-carinho\/#breadcrumb","itemListElement":[{"@type":"ListItem","position":1,"name":"In\u00edcio","item":"https:\/\/vilaverdeemflor.com\/"},{"@type":"ListItem","position":2,"name":"Loja","item":"https:\/\/vilaverdeemflor.com\/loja\/"},{"@type":"ListItem","position":3,"name":"Puro Carinho"}]},{"@type":"WebSite","@id":"https:\/\/vilaverdeemflor.com\/#website","url":"https:\/\/vilaverdeemflor.com\/","name":"Green village in Bloom","description":"ORGANIZA\u00c7\u00c3O DE EVENTOS FLORISTA","publisher":{"@id":"https:\/\/vilaverdeemflor.com\/#organization"},"potentialAction":[{"@type":"SearchAction","target":{"@type":"EntryPoint","urlTemplate":"https:\/\/vilaverdeemflor.com\/?s={search_term_string}"},"query-input":{"@type":"PropertyValueSpecification","valueRequired":true,"valueName":"search_term_string"}}],"inLanguage":"en-GB"},{"@type":"Organization","@id":"https:\/\/vilaverdeemflor.com\/#organization","name":"Green village in Bloom","url":"https:\/\/vilaverdeemflor.com\/","logo":{"@type":"ImageObject","inLanguage":"en-GB","@id":"https:\/\/vilaverdeemflor.com\/#\/schema\/logo\/image\/","url":"https:\/\/vilaverdeemflor.com\/wp-content\/uploads\/2025\/01\/Untitled-1.webp","contentUrl":"https:\/\/vilaverdeemflor.com\/wp-content\/uploads\/2025\/01\/Untitled-1.webp","width":329,"height":44,"caption":"Vila Verde em Flor"},"image":{"@id":"https:\/\/vilaverdeemflor.com\/#\/schema\/logo\/image\/"},"sameAs":["https:\/\/facebook.com\/vila.verdeemflor.pt","https:\/\/www.instagram.com\/vilaverdeemflor\/"]}]}},"_links":{"self":[{"href":"https:\/\/vilaverdeemflor.com\/en\/wp-json\/wp\/v2\/product\/7712","targetHints":{"allow":["GET"]}}],"collection":[{"href":"https:\/\/vilaverdeemflor.com\/en\/wp-json\/wp\/v2\/product"}],"about":[{"href":"https:\/\/vilaverdeemflor.com\/en\/wp-json\/wp\/v2\/types\/product"}],"replies":[{"embeddable":true,"href":"https:\/\/vilaverdeemflor.com\/en\/wp-json\/wp\/v2\/comments?post=7712"}],"wp:featuredmedia":[{"embeddable":true,"href":"https:\/\/vilaverdeemflor.com\/en\/wp-json\/wp\/v2\/media\/7715"}],"wp:attachment":[{"href":"https:\/\/vilaverdeemflor.com\/en\/wp-json\/wp\/v2\/media?parent=7712"}],"wp:term":[{"taxonomy":"product_brand","embeddable":true,"href":"https:\/\/vilaverdeemflor.com\/en\/wp-json\/wp\/v2\/product_brand?post=7712"},{"taxonomy":"product_cat","embeddable":true,"href":"https:\/\/vilaverdeemflor.com\/en\/wp-json\/wp\/v2\/product_cat?post=7712"},{"taxonomy":"product_tag","embeddable":true,"href":"https:\/\/vilaverdeemflor.com\/en\/wp-json\/wp\/v2\/product_tag?post=7712"}],"curies":[{"name":"wp","href":"https:\/\/api.w.org\/{rel}","templated":true}]}}