{"id":7723,"date":"2026-04-13T16:04:48","date_gmt":"2026-04-13T16:04:48","guid":{"rendered":"https:\/\/vilaverdeemflor.com\/?post_type=product&#038;p=7723"},"modified":"2026-04-13T16:10:01","modified_gmt":"2026-04-13T16:10:01","slug":"gratidaoemflor","status":"publish","type":"product","link":"https:\/\/vilaverdeemflor.com\/en\/product\/gratidaoemflor\/","title":{"rendered":"Gratid\u00e3o em Flor"},"content":{"rendered":"<p class=\"isSelectedEnd\">Uma cesta campestre de 26cm, delicada e cheia de charme, pensada para transmitir carinho em cada detalhe \ud83c\udf3f\u2728<\/p>\n<p class=\"isSelectedEnd\">Com uma sele\u00e7\u00e3o de flores campestres, naturais e cheias de cor, esta cria\u00e7\u00e3o traz leveza, alegria e um toque r\u00fastico que aquece o cora\u00e7\u00e3o \ud83d\udc9b\ud83c\udf38<\/p>\n<p class=\"isSelectedEnd\">Perfeita para demonstrar gratid\u00e3o e surpreender de forma simples, mas cheia de significado \ud83c\udf37<\/p>\n<p>Um gesto bonito, espont\u00e2neo e cheio de amor \ud83d\udc90\ud83d\udc96<\/p>\n<p>Iva Inclu\u00eddo 23%<\/p>","protected":false},"excerpt":{"rendered":"<p>Uma cesta campestre de 26cm, delicada e cheia de charme, pensada para transmitir carinho em cada detalhe \ud83c\udf3f\u2728 Com uma sele\u00e7\u00e3o de flores campestres, naturais e cheias de cor, esta cria\u00e7\u00e3o traz leveza, alegria e um toque r\u00fastico que aquece o cora\u00e7\u00e3o \ud83d\udc9b\ud83c\udf38 Perfeita para demonstrar gratid\u00e3o e surpreender de forma simples, mas cheia de [&hellip;]<\/p>","protected":false},"featured_media":7726,"comment_status":"open","ping_status":"closed","template":"","meta":{"_themeisle_gutenberg_block_has_review":false},"product_brand":[],"product_cat":[27,136],"product_tag":[],"class_list":{"0":"post-7723","1":"product","2":"type-product","3":"status-publish","4":"has-post-thumbnail","6":"product_cat-cestasflores","7":"product_cat-mae","9":"first","10":"instock","11":"taxable","12":"shipping-taxable","13":"purchasable","14":"product-type-simple"},"yoast_head":"<!-- This site is optimized with the Yoast SEO plugin v25.0 - https:\/\/yoast.com\/wordpress\/plugins\/seo\/ -->\n<title>Gratid\u00e3o em Flor - Vila Verde em Flor<\/title>\n<meta name=\"description\" content=\"Uma cesta campestre de 26cm, delicada e cheia de charme, pensada para transmitir carinho em cada detalhe \ud83c\udf3f\u2728Com uma sele\u00e7\u00e3o de flores campestres, naturais e cheias de cor, esta cria\u00e7\u00e3o traz leveza, alegria e um toque r\u00fastico que aquece o cora\u00e7\u00e3o \ud83d\udc9b\ud83c\udf38Perfeita para demonstrar gratid\u00e3o e surpreender de forma simples, mas cheia de significado \ud83c\udf37Um gesto bonito, espont\u00e2neo e cheio de amor \ud83d\udc90\ud83d\udc96\" \/>\n<meta name=\"robots\" content=\"index, follow, max-snippet:-1, max-image-preview:large, max-video-preview:-1\" \/>\n<link rel=\"canonical\" href=\"https:\/\/vilaverdeemflor.com\/en\/product\/gratidaoemflor\/\" \/>\n<meta property=\"og:locale\" content=\"en_GB\" \/>\n<meta property=\"og:type\" content=\"article\" \/>\n<meta property=\"og:title\" content=\"Gratid\u00e3o em Flor - Vila Verde em Flor\" \/>\n<meta property=\"og:description\" content=\"Uma cesta campestre de 26cm, delicada e cheia de charme, pensada para transmitir carinho em cada detalhe \ud83c\udf3f\u2728Com uma sele\u00e7\u00e3o de flores campestres, naturais e cheias de cor, esta cria\u00e7\u00e3o traz leveza, alegria e um toque r\u00fastico que aquece o cora\u00e7\u00e3o \ud83d\udc9b\ud83c\udf38Perfeita para demonstrar gratid\u00e3o e surpreender de forma simples, mas cheia de significado \ud83c\udf37Um gesto bonito, espont\u00e2neo e cheio de amor \ud83d\udc90\ud83d\udc96\" \/>\n<meta property=\"og:url\" content=\"https:\/\/vilaverdeemflor.com\/en\/product\/gratidaoemflor\/\" \/>\n<meta property=\"og:site_name\" content=\"Vila Verde em Flor\" \/>\n<meta property=\"article:publisher\" content=\"https:\/\/facebook.com\/vila.verdeemflor.pt\" \/>\n<meta property=\"article:modified_time\" content=\"2026-04-13T16:10:01+00:00\" \/>\n<meta property=\"og:image\" content=\"http:\/\/vilaverdeemflor.com\/wp-content\/uploads\/2026\/04\/VVemFlor_Abril-3-of-17.jpg\" \/>\n\t<meta property=\"og:image:width\" content=\"2000\" \/>\n\t<meta property=\"og:image:height\" content=\"1333\" \/>\n\t<meta property=\"og:image:type\" content=\"image\/jpeg\" \/>\n<meta name=\"twitter:card\" content=\"summary_large_image\" \/>\n<meta name=\"twitter:label1\" content=\"Estimated reading time\" \/>\n\t<meta name=\"twitter:data1\" content=\"1 minute\" \/>\n<script type=\"application\/ld+json\" class=\"yoast-schema-graph\">{\"@context\":\"https:\/\/schema.org\",\"@graph\":[{\"@type\":\"WebPage\",\"@id\":\"https:\/\/vilaverdeemflor.com\/produto\/gratidaoemflor\/\",\"url\":\"https:\/\/vilaverdeemflor.com\/produto\/gratidaoemflor\/\",\"name\":\"Gratid\u00e3o em Flor - Vila Verde em Flor\",\"isPartOf\":{\"@id\":\"https:\/\/vilaverdeemflor.com\/#website\"},\"primaryImageOfPage\":{\"@id\":\"https:\/\/vilaverdeemflor.com\/produto\/gratidaoemflor\/#primaryimage\"},\"image\":{\"@id\":\"https:\/\/vilaverdeemflor.com\/produto\/gratidaoemflor\/#primaryimage\"},\"thumbnailUrl\":\"https:\/\/vilaverdeemflor.com\/wp-content\/uploads\/2026\/04\/VVemFlor_Abril-3-of-17.jpg\",\"datePublished\":\"2026-04-13T16:04:48+00:00\",\"dateModified\":\"2026-04-13T16:10:01+00:00\",\"description\":\"Uma cesta campestre de 26cm, delicada e cheia de charme, pensada para transmitir carinho em cada detalhe \ud83c\udf3f\u2728Com uma sele\u00e7\u00e3o de flores campestres, naturais e cheias de cor, esta cria\u00e7\u00e3o traz leveza, alegria e um toque r\u00fastico que aquece o cora\u00e7\u00e3o \ud83d\udc9b\ud83c\udf38Perfeita para demonstrar gratid\u00e3o e surpreender de forma simples, mas cheia de significado \ud83c\udf37Um gesto bonito, espont\u00e2neo e cheio de amor \ud83d\udc90\ud83d\udc96\",\"breadcrumb\":{\"@id\":\"https:\/\/vilaverdeemflor.com\/produto\/gratidaoemflor\/#breadcrumb\"},\"inLanguage\":\"en-GB\",\"potentialAction\":[{\"@type\":\"ReadAction\",\"target\":[\"https:\/\/vilaverdeemflor.com\/produto\/gratidaoemflor\/\"]}]},{\"@type\":\"ImageObject\",\"inLanguage\":\"en-GB\",\"@id\":\"https:\/\/vilaverdeemflor.com\/produto\/gratidaoemflor\/#primaryimage\",\"url\":\"https:\/\/vilaverdeemflor.com\/wp-content\/uploads\/2026\/04\/VVemFlor_Abril-3-of-17.jpg\",\"contentUrl\":\"https:\/\/vilaverdeemflor.com\/wp-content\/uploads\/2026\/04\/VVemFlor_Abril-3-of-17.jpg\",\"width\":2000,\"height\":1333},{\"@type\":\"BreadcrumbList\",\"@id\":\"https:\/\/vilaverdeemflor.com\/produto\/gratidaoemflor\/#breadcrumb\",\"itemListElement\":[{\"@type\":\"ListItem\",\"position\":1,\"name\":\"In\u00edcio\",\"item\":\"https:\/\/vilaverdeemflor.com\/\"},{\"@type\":\"ListItem\",\"position\":2,\"name\":\"Loja\",\"item\":\"https:\/\/vilaverdeemflor.com\/loja\/\"},{\"@type\":\"ListItem\",\"position\":3,\"name\":\"Gratid\u00e3o em Flor\"}]},{\"@type\":\"WebSite\",\"@id\":\"https:\/\/vilaverdeemflor.com\/#website\",\"url\":\"https:\/\/vilaverdeemflor.com\/\",\"name\":\"Vila Verde em Flor\",\"description\":\"ORGANIZA\u00c7\u00c3O DE EVENTOS FLORISTA\",\"publisher\":{\"@id\":\"https:\/\/vilaverdeemflor.com\/#organization\"},\"potentialAction\":[{\"@type\":\"SearchAction\",\"target\":{\"@type\":\"EntryPoint\",\"urlTemplate\":\"https:\/\/vilaverdeemflor.com\/?s={search_term_string}\"},\"query-input\":{\"@type\":\"PropertyValueSpecification\",\"valueRequired\":true,\"valueName\":\"search_term_string\"}}],\"inLanguage\":\"en-GB\"},{\"@type\":\"Organization\",\"@id\":\"https:\/\/vilaverdeemflor.com\/#organization\",\"name\":\"Vila Verde em Flor\",\"url\":\"https:\/\/vilaverdeemflor.com\/\",\"logo\":{\"@type\":\"ImageObject\",\"inLanguage\":\"en-GB\",\"@id\":\"https:\/\/vilaverdeemflor.com\/#\/schema\/logo\/image\/\",\"url\":\"https:\/\/vilaverdeemflor.com\/wp-content\/uploads\/2025\/01\/Untitled-1.webp\",\"contentUrl\":\"https:\/\/vilaverdeemflor.com\/wp-content\/uploads\/2025\/01\/Untitled-1.webp\",\"width\":329,\"height\":44,\"caption\":\"Vila Verde em Flor\"},\"image\":{\"@id\":\"https:\/\/vilaverdeemflor.com\/#\/schema\/logo\/image\/\"},\"sameAs\":[\"https:\/\/facebook.com\/vila.verdeemflor.pt\",\"https:\/\/www.instagram.com\/vilaverdeemflor\/\"]}]}<\/script>\n<!-- \/ Yoast SEO plugin. -->","yoast_head_json":{"title":"Gratid\u00e3o em Flor - Vila Verde em Flor","description":"Uma cesta campestre de 26cm, delicada e cheia de charme, pensada para transmitir carinho em cada detalhe \ud83c\udf3f\u2728Com uma sele\u00e7\u00e3o de flores campestres, naturais e cheias de cor, esta cria\u00e7\u00e3o traz leveza, alegria e um toque r\u00fastico que aquece o cora\u00e7\u00e3o \ud83d\udc9b\ud83c\udf38Perfeita para demonstrar gratid\u00e3o e surpreender de forma simples, mas cheia de significado \ud83c\udf37Um gesto bonito, espont\u00e2neo e cheio de amor \ud83d\udc90\ud83d\udc96","robots":{"index":"index","follow":"follow","max-snippet":"max-snippet:-1","max-image-preview":"max-image-preview:large","max-video-preview":"max-video-preview:-1"},"canonical":"https:\/\/vilaverdeemflor.com\/en\/product\/gratidaoemflor\/","og_locale":"en_GB","og_type":"article","og_title":"Gratid\u00e3o em Flor - Vila Verde em Flor","og_description":"Uma cesta campestre de 26cm, delicada e cheia de charme, pensada para transmitir carinho em cada detalhe \ud83c\udf3f\u2728Com uma sele\u00e7\u00e3o de flores campestres, naturais e cheias de cor, esta cria\u00e7\u00e3o traz leveza, alegria e um toque r\u00fastico que aquece o cora\u00e7\u00e3o \ud83d\udc9b\ud83c\udf38Perfeita para demonstrar gratid\u00e3o e surpreender de forma simples, mas cheia de significado \ud83c\udf37Um gesto bonito, espont\u00e2neo e cheio de amor \ud83d\udc90\ud83d\udc96","og_url":"https:\/\/vilaverdeemflor.com\/en\/product\/gratidaoemflor\/","og_site_name":"Vila Verde em Flor","article_publisher":"https:\/\/facebook.com\/vila.verdeemflor.pt","article_modified_time":"2026-04-13T16:10:01+00:00","og_image":[{"width":2000,"height":1333,"url":"http:\/\/vilaverdeemflor.com\/wp-content\/uploads\/2026\/04\/VVemFlor_Abril-3-of-17.jpg","type":"image\/jpeg"}],"twitter_card":"summary_large_image","twitter_misc":{"Estimated reading time":"1 minute"},"schema":{"@context":"https:\/\/schema.org","@graph":[{"@type":"WebPage","@id":"https:\/\/vilaverdeemflor.com\/produto\/gratidaoemflor\/","url":"https:\/\/vilaverdeemflor.com\/produto\/gratidaoemflor\/","name":"Gratid\u00e3o em Flor - Vila Verde em Flor","isPartOf":{"@id":"https:\/\/vilaverdeemflor.com\/#website"},"primaryImageOfPage":{"@id":"https:\/\/vilaverdeemflor.com\/produto\/gratidaoemflor\/#primaryimage"},"image":{"@id":"https:\/\/vilaverdeemflor.com\/produto\/gratidaoemflor\/#primaryimage"},"thumbnailUrl":"https:\/\/vilaverdeemflor.com\/wp-content\/uploads\/2026\/04\/VVemFlor_Abril-3-of-17.jpg","datePublished":"2026-04-13T16:04:48+00:00","dateModified":"2026-04-13T16:10:01+00:00","description":"Uma cesta campestre de 26cm, delicada e cheia de charme, pensada para transmitir carinho em cada detalhe \ud83c\udf3f\u2728Com uma sele\u00e7\u00e3o de flores campestres, naturais e cheias de cor, esta cria\u00e7\u00e3o traz leveza, alegria e um toque r\u00fastico que aquece o cora\u00e7\u00e3o \ud83d\udc9b\ud83c\udf38Perfeita para demonstrar gratid\u00e3o e surpreender de forma simples, mas cheia de significado \ud83c\udf37Um gesto bonito, espont\u00e2neo e cheio de amor \ud83d\udc90\ud83d\udc96","breadcrumb":{"@id":"https:\/\/vilaverdeemflor.com\/produto\/gratidaoemflor\/#breadcrumb"},"inLanguage":"en-GB","potentialAction":[{"@type":"ReadAction","target":["https:\/\/vilaverdeemflor.com\/produto\/gratidaoemflor\/"]}]},{"@type":"ImageObject","inLanguage":"en-GB","@id":"https:\/\/vilaverdeemflor.com\/produto\/gratidaoemflor\/#primaryimage","url":"https:\/\/vilaverdeemflor.com\/wp-content\/uploads\/2026\/04\/VVemFlor_Abril-3-of-17.jpg","contentUrl":"https:\/\/vilaverdeemflor.com\/wp-content\/uploads\/2026\/04\/VVemFlor_Abril-3-of-17.jpg","width":2000,"height":1333},{"@type":"BreadcrumbList","@id":"https:\/\/vilaverdeemflor.com\/produto\/gratidaoemflor\/#breadcrumb","itemListElement":[{"@type":"ListItem","position":1,"name":"In\u00edcio","item":"https:\/\/vilaverdeemflor.com\/"},{"@type":"ListItem","position":2,"name":"Loja","item":"https:\/\/vilaverdeemflor.com\/loja\/"},{"@type":"ListItem","position":3,"name":"Gratid\u00e3o em Flor"}]},{"@type":"WebSite","@id":"https:\/\/vilaverdeemflor.com\/#website","url":"https:\/\/vilaverdeemflor.com\/","name":"Green village in Bloom","description":"ORGANIZA\u00c7\u00c3O DE EVENTOS FLORISTA","publisher":{"@id":"https:\/\/vilaverdeemflor.com\/#organization"},"potentialAction":[{"@type":"SearchAction","target":{"@type":"EntryPoint","urlTemplate":"https:\/\/vilaverdeemflor.com\/?s={search_term_string}"},"query-input":{"@type":"PropertyValueSpecification","valueRequired":true,"valueName":"search_term_string"}}],"inLanguage":"en-GB"},{"@type":"Organization","@id":"https:\/\/vilaverdeemflor.com\/#organization","name":"Green village in Bloom","url":"https:\/\/vilaverdeemflor.com\/","logo":{"@type":"ImageObject","inLanguage":"en-GB","@id":"https:\/\/vilaverdeemflor.com\/#\/schema\/logo\/image\/","url":"https:\/\/vilaverdeemflor.com\/wp-content\/uploads\/2025\/01\/Untitled-1.webp","contentUrl":"https:\/\/vilaverdeemflor.com\/wp-content\/uploads\/2025\/01\/Untitled-1.webp","width":329,"height":44,"caption":"Vila Verde em Flor"},"image":{"@id":"https:\/\/vilaverdeemflor.com\/#\/schema\/logo\/image\/"},"sameAs":["https:\/\/facebook.com\/vila.verdeemflor.pt","https:\/\/www.instagram.com\/vilaverdeemflor\/"]}]}},"_links":{"self":[{"href":"https:\/\/vilaverdeemflor.com\/en\/wp-json\/wp\/v2\/product\/7723","targetHints":{"allow":["GET"]}}],"collection":[{"href":"https:\/\/vilaverdeemflor.com\/en\/wp-json\/wp\/v2\/product"}],"about":[{"href":"https:\/\/vilaverdeemflor.com\/en\/wp-json\/wp\/v2\/types\/product"}],"replies":[{"embeddable":true,"href":"https:\/\/vilaverdeemflor.com\/en\/wp-json\/wp\/v2\/comments?post=7723"}],"wp:featuredmedia":[{"embeddable":true,"href":"https:\/\/vilaverdeemflor.com\/en\/wp-json\/wp\/v2\/media\/7726"}],"wp:attachment":[{"href":"https:\/\/vilaverdeemflor.com\/en\/wp-json\/wp\/v2\/media?parent=7723"}],"wp:term":[{"taxonomy":"product_brand","embeddable":true,"href":"https:\/\/vilaverdeemflor.com\/en\/wp-json\/wp\/v2\/product_brand?post=7723"},{"taxonomy":"product_cat","embeddable":true,"href":"https:\/\/vilaverdeemflor.com\/en\/wp-json\/wp\/v2\/product_cat?post=7723"},{"taxonomy":"product_tag","embeddable":true,"href":"https:\/\/vilaverdeemflor.com\/en\/wp-json\/wp\/v2\/product_tag?post=7723"}],"curies":[{"name":"wp","href":"https:\/\/api.w.org\/{rel}","templated":true}]}}